{"id":9812,"date":"2021-10-15T09:24:49","date_gmt":"2021-10-15T07:24:49","guid":{"rendered":"https:\/\/gts-systems.com\/?page_id=9812"},"modified":"2023-07-14T10:35:50","modified_gmt":"2023-07-14T08:35:50","slug":"inside-sales-vertriebs-innendienst-m-w-d","status":"publish","type":"page","link":"https:\/\/gts-systems.com\/it\/inside-sales-vertriebs-innendienst-m-w-d\/","title":{"rendered":"Vendite interne (m\/f\/d)"},"content":{"rendered":"<div data-elementor-type=\"wp-page\" data-elementor-id=\"9812\" class=\"elementor elementor-9812\" data-elementor-post-type=\"page\">\n\t\t\t\t\t\t<section class=\"elementor-section elementor-top-section elementor-element elementor-element-58971f5 elementor-section-boxed elementor-section-height-default elementor-section-height-default\" data-id=\"58971f5\" data-element_type=\"section\" data-e-type=\"section\">\n\t\t\t\t\t\t<div class=\"elementor-container elementor-column-gap-default\">\n\t\t\t\t\t<div class=\"elementor-column elementor-col-100 elementor-top-column elementor-element elementor-element-77186f7\" data-id=\"77186f7\" data-element_type=\"column\" data-e-type=\"column\">\n\t\t\t<div class=\"elementor-widget-wrap elementor-element-populated\">\n\t\t\t\t\t\t<div class=\"elementor-element elementor-element-981e3f6 elementor-widget elementor-widget-heading\" data-id=\"981e3f6\" data-element_type=\"widget\" data-e-type=\"widget\" data-widget_type=\"heading.default\">\n\t\t\t\t<div class=\"elementor-widget-container\">\n\t\t\t\t\t<h3 class=\"elementor-heading-title elementor-size-default\">Siamo alla ricerca di un<\/h3>\t\t\t\t<\/div>\n\t\t\t\t<\/div>\n\t\t\t\t<div class=\"elementor-element elementor-element-6393bd1 elementor-widget elementor-widget-heading\" data-id=\"6393bd1\" data-element_type=\"widget\" data-e-type=\"widget\" data-widget_type=\"heading.default\">\n\t\t\t\t<div class=\"elementor-widget-container\">\n\t\t\t\t\t<h1 class=\"elementor-heading-title elementor-size-xxl\">Vendite interne (m\/f\/d)<\/h1>\t\t\t\t<\/div>\n\t\t\t\t<\/div>\n\t\t\t\t\t<\/div>\n\t\t<\/div>\n\t\t\t\t\t<\/div>\n\t\t<\/section>\n\t\t\t\t<section class=\"elementor-section elementor-top-section elementor-element elementor-element-e1ff4a0 elementor-section-boxed elementor-section-height-default elementor-section-height-default\" data-id=\"e1ff4a0\" data-element_type=\"section\" data-e-type=\"section\">\n\t\t\t\t\t\t<div class=\"elementor-container elementor-column-gap-default\">\n\t\t\t\t\t<div class=\"elementor-column elementor-col-100 elementor-top-column elementor-element elementor-element-5dc1eb3\" data-id=\"5dc1eb3\" data-element_type=\"column\" data-e-type=\"column\">\n\t\t\t<div class=\"elementor-widget-wrap elementor-element-populated\">\n\t\t\t\t\t\t<div class=\"elementor-element elementor-element-5ed197c elementor-widget elementor-widget-text-editor\" data-id=\"5ed197c\" data-element_type=\"widget\" data-e-type=\"widget\" data-widget_type=\"text-editor.default\">\n\t\t\t\t<div class=\"elementor-widget-container\">\n\t\t\t\t\t\t\t\t\t<p>Unser Vertriebsteam ist das Herzst\u00fcck von GTS und leistet jeden Tag 110 %. Unsere Verkaufsexperten sorgen daf\u00fcr, potenzielle Kunden von GTS zu begeistern und Strategien f\u00fcr deren Logistik zu entwickeln. Allerdings ist jeder unserer Experten nur so gut, wie das Team, das ihn unterst\u00fctzt. Und genau daf\u00fcr suchen wir dich!<\/p><p>Du hast Spa\u00df daran, unseren Vertriebsberatern den R\u00fccken frei zu halten, ihnen \u00fcber die Schulter zu schauen und dem Sales Team zu helfen, unsere hohen Ziele zu erreichen?<\/p><p>Allora candidati subito come dipendente del settore Inside Sales (m\/f\/d).<\/p>\t\t\t\t\t\t\t\t<\/div>\n\t\t\t\t<\/div>\n\t\t\t\t\t<\/div>\n\t\t<\/div>\n\t\t\t\t\t<\/div>\n\t\t<\/section>\n\t\t\t\t<section class=\"elementor-section elementor-top-section elementor-element elementor-element-657c7cf elementor-section-boxed elementor-section-height-default elementor-section-height-default\" data-id=\"657c7cf\" data-element_type=\"section\" data-e-type=\"section\">\n\t\t\t\t\t\t<div class=\"elementor-container elementor-column-gap-default\">\n\t\t\t\t\t<div class=\"elementor-column elementor-col-100 elementor-top-column elementor-element elementor-element-c054ef7\" data-id=\"c054ef7\" data-element_type=\"column\" data-e-type=\"column\">\n\t\t\t<div class=\"elementor-widget-wrap elementor-element-populated\">\n\t\t\t\t\t\t<div class=\"elementor-element elementor-element-37247be elementor-align-center elementor-widget elementor-widget-button\" data-id=\"37247be\" data-element_type=\"widget\" data-e-type=\"widget\" data-widget_type=\"button.default\">\n\t\t\t\t<div class=\"elementor-widget-container\">\n\t\t\t\t\t\t\t\t\t<div class=\"elementor-button-wrapper\">\n\t\t\t\t\t<a class=\"elementor-button elementor-button-link elementor-size-md elementor-animation-grow\" href=\"https:\/\/gts-systems.com\/it\/bewerbung-kontakformular\/\">\n\t\t\t\t\t\t<span class=\"elementor-button-content-wrapper\">\n\t\t\t\t\t\t<span class=\"elementor-button-icon\">\n\t\t\t\t<i aria-hidden=\"true\" class=\"fas fa-mail-bulk\"><\/i>\t\t\t<\/span>\n\t\t\t\t\t\t\t\t\t<span class=\"elementor-button-text\">Candidatevi ora!<\/span>\n\t\t\t\t\t<\/span>\n\t\t\t\t\t<\/a>\n\t\t\t\t<\/div>\n\t\t\t\t\t\t\t\t<\/div>\n\t\t\t\t<\/div>\n\t\t\t\t\t<\/div>\n\t\t<\/div>\n\t\t\t\t\t<\/div>\n\t\t<\/section>\n\t\t\t\t<section class=\"elementor-section elementor-top-section elementor-element elementor-element-80e67e0 elementor-section-boxed elementor-section-height-default elementor-section-height-default\" data-id=\"80e67e0\" data-element_type=\"section\" data-e-type=\"section\">\n\t\t\t\t\t\t<div class=\"elementor-container elementor-column-gap-default\">\n\t\t\t\t\t<div class=\"elementor-column elementor-col-100 elementor-top-column elementor-element elementor-element-cfd0678\" data-id=\"cfd0678\" data-element_type=\"column\" data-e-type=\"column\">\n\t\t\t<div class=\"elementor-widget-wrap elementor-element-populated\">\n\t\t\t\t\t\t<div class=\"elementor-element elementor-element-689b522 elementor-widget elementor-widget-heading\" data-id=\"689b522\" data-element_type=\"widget\" data-e-type=\"widget\" data-widget_type=\"heading.default\">\n\t\t\t\t<div class=\"elementor-widget-container\">\n\t\t\t\t\t<h2 class=\"elementor-heading-title elementor-size-default\">Che aspetto ha il lavoro?<\/h2>\t\t\t\t<\/div>\n\t\t\t\t<\/div>\n\t\t\t\t<div class=\"elementor-element elementor-element-7a46ae9 elementor-widget elementor-widget-text-editor\" data-id=\"7a46ae9\" data-element_type=\"widget\" data-e-type=\"widget\" data-widget_type=\"text-editor.default\">\n\t\t\t\t<div class=\"elementor-widget-container\">\n\t\t\t\t\t\t\t\t\t<ul><li>Du h\u00e4ltst unserem Sales Team, als wertvolle St\u00fctze den R\u00fccken frei indem du diverse organisatorische und administrative Aufgaben im daily Business \u00fcbernimmst<\/li><li>Du bist verantwortlich f\u00fcr die Recherche, Ansprache und Qualifizierung von Interessenten<\/li><li>Il vostro lavoro quotidiano \u00e8 chiaramente strutturato, i compiti e i ruoli sono chiaramente definiti e distribuiti nel team di vendita.<\/li><li>In deiner T\u00e4tigkeit bekommst du einen Einblick, wie ein erfolgreicher Sales-Prozess funktioniert, besonderes Augenmerk legen wir dabei auf die Themen Verkaufspsychologie, Framing und Einwandbehandlung<\/li><li>Durch regelm\u00e4\u00dfige Feedbackrunden mit deinem Mentor kannst du dein souver\u00e4nes und selbstbewusstes Auftreten stetig weiterentwickeln um somit die Kunden von GTS zu begeistern<\/li><\/ul>\t\t\t\t\t\t\t\t<\/div>\n\t\t\t\t<\/div>\n\t\t\t\t\t<\/div>\n\t\t<\/div>\n\t\t\t\t\t<\/div>\n\t\t<\/section>\n\t\t\t\t<section class=\"elementor-section elementor-top-section elementor-element elementor-element-a9c99ad elementor-section-boxed elementor-section-height-default elementor-section-height-default\" data-id=\"a9c99ad\" data-element_type=\"section\" data-e-type=\"section\">\n\t\t\t\t\t\t<div class=\"elementor-container elementor-column-gap-default\">\n\t\t\t\t\t<div class=\"elementor-column elementor-col-100 elementor-top-column elementor-element elementor-element-067a582\" data-id=\"067a582\" data-element_type=\"column\" data-e-type=\"column\">\n\t\t\t<div class=\"elementor-widget-wrap elementor-element-populated\">\n\t\t\t\t\t\t<div class=\"elementor-element elementor-element-0383c95 elementor-widget elementor-widget-heading\" data-id=\"0383c95\" data-element_type=\"widget\" data-e-type=\"widget\" data-widget_type=\"heading.default\">\n\t\t\t\t<div class=\"elementor-widget-container\">\n\t\t\t\t\t<h2 class=\"elementor-heading-title elementor-size-default\">Perch\u00e9 GTS?<\/h2>\t\t\t\t<\/div>\n\t\t\t\t<\/div>\n\t\t\t\t<div class=\"elementor-element elementor-element-bdb1357 elementor-widget elementor-widget-text-editor\" data-id=\"bdb1357\" data-element_type=\"widget\" data-e-type=\"widget\" data-widget_type=\"text-editor.default\">\n\t\t\t\t<div class=\"elementor-widget-container\">\n\t\t\t\t\t\t\t\t\t<ul><li><strong>Ottima atmosfera di lavoro: <\/strong>L'interazione tra di noi \u00e8 molto collegiale e familiare. Siamo tutti uniti e ci motiviamo a vicenda per raggiungere le nostre migliori prestazioni e crescere personalmente. Tutti hanno la possibilit\u00e0 di contribuire con idee creative.<\/li><li><strong>Opportunit\u00e0 di carriera: <\/strong>Coloro che ottengono buoni risultati in gts e sono disposti a imparare e migliorare costantemente hanno l'opportunit\u00e0 di assumere responsabilit\u00e0 nel nostro team in crescita.<\/li><li><strong>Sviluppo continuo: <\/strong>Da oltre 20 anni sviluppiamo soluzioni di ottimizzazione intelligente per i nostri clienti in molti paesi e settori. Si tratta di clienti di medie dimensioni e di aziende come BMW, DHL o easyJet.<\/li><li><strong>Un luogo di lavoro sicuro: <\/strong>Abbiamo superato molto bene la crisi di Corona e ora stiamo davvero accelerando. Ogni persona che assumiamo \u00e8 destinata a crescere con noi nel lungo periodo. L'obiettivo di ogni reclutamento \u00e8 l'assunzione a tempo indeterminato.<\/li><\/ul>\t\t\t\t\t\t\t\t<\/div>\n\t\t\t\t<\/div>\n\t\t\t\t\t<\/div>\n\t\t<\/div>\n\t\t\t\t\t<\/div>\n\t\t<\/section>\n\t\t\t\t<section class=\"elementor-section elementor-top-section elementor-element elementor-element-4be7ce1 elementor-section-boxed elementor-section-height-default elementor-section-height-default\" data-id=\"4be7ce1\" data-element_type=\"section\" data-e-type=\"section\">\n\t\t\t\t\t\t<div class=\"elementor-container elementor-column-gap-default\">\n\t\t\t\t\t<div class=\"elementor-column elementor-col-100 elementor-top-column elementor-element elementor-element-603315a\" data-id=\"603315a\" data-element_type=\"column\" data-e-type=\"column\">\n\t\t\t<div class=\"elementor-widget-wrap elementor-element-populated\">\n\t\t\t\t\t\t<div class=\"elementor-element elementor-element-919c257 elementor-widget elementor-widget-heading\" data-id=\"919c257\" data-element_type=\"widget\" data-e-type=\"widget\" data-widget_type=\"heading.default\">\n\t\t\t\t<div class=\"elementor-widget-container\">\n\t\t\t\t\t<h2 class=\"elementor-heading-title elementor-size-default\">Requisiti del lavoro<\/h2>\t\t\t\t<\/div>\n\t\t\t\t<\/div>\n\t\t\t\t<div class=\"elementor-element elementor-element-5c34555 elementor-widget elementor-widget-text-editor\" data-id=\"5c34555\" data-element_type=\"widget\" data-e-type=\"widget\" data-widget_type=\"text-editor.default\">\n\t\t\t\t<div class=\"elementor-widget-container\">\n\t\t\t\t\t\t\t\t\t<ul><li>Formazione completata o studi completati.<\/li><li>Non \u00e8 necessario che si tratti di una disciplina specifica<\/li><\/ul>\t\t\t\t\t\t\t\t<\/div>\n\t\t\t\t<\/div>\n\t\t\t\t\t<\/div>\n\t\t<\/div>\n\t\t\t\t\t<\/div>\n\t\t<\/section>\n\t\t\t\t<section class=\"elementor-section elementor-top-section elementor-element elementor-element-3d1d887 elementor-section-boxed elementor-section-height-default elementor-section-height-default\" data-id=\"3d1d887\" data-element_type=\"section\" data-e-type=\"section\">\n\t\t\t\t\t\t<div class=\"elementor-container elementor-column-gap-default\">\n\t\t\t\t\t<div class=\"elementor-column elementor-col-100 elementor-top-column elementor-element elementor-element-38a26cb\" data-id=\"38a26cb\" data-element_type=\"column\" data-e-type=\"column\">\n\t\t\t<div class=\"elementor-widget-wrap elementor-element-populated\">\n\t\t\t\t\t\t<div class=\"elementor-element elementor-element-6a3364d elementor-widget elementor-widget-heading\" data-id=\"6a3364d\" data-element_type=\"widget\" data-e-type=\"widget\" data-widget_type=\"heading.default\">\n\t\t\t\t<div class=\"elementor-widget-container\">\n\t\t\t\t\t<h2 class=\"elementor-heading-title elementor-size-default\">Pi\u00f9 importante \u00e8<\/h2>\t\t\t\t<\/div>\n\t\t\t\t<\/div>\n\t\t\t\t<div class=\"elementor-element elementor-element-9904c59 elementor-widget elementor-widget-text-editor\" data-id=\"9904c59\" data-element_type=\"widget\" data-e-type=\"widget\" data-widget_type=\"text-editor.default\">\n\t\t\t\t<div class=\"elementor-widget-container\">\n\t\t\t\t\t\t\t\t\t<ul><li>Durch dein Organisationstalent gelingt es dir auch bei verschiedenen Aufgaben den \u00dcberblick zu behalten<\/li><li>Lei \u00e8 un uomo che agisce, non ha bisogno che le si dica nulla due volte.<\/li><li>Non avete paura di parlare al telefono<\/li><li>Andere Menschen bei ihren Aufgaben zu unterst\u00fctzen bereitet dir gro\u00dfe Freude<\/li><li>Parlate fluentemente il tedesco commerciale<\/li><li>Lavorare in strutture e ruoli chiaramente definiti \u00e8 esattamente quello che fa per voi.<\/li><li>Una comunicazione onesta e diretta con i superiori e i colleghi fa parte di un buon rapporto di lavoro per voi<\/li><li>La vostra motivazione e il vostro atteggiamento positivo ispirano anche gli altri<\/li><\/ul>\t\t\t\t\t\t\t\t<\/div>\n\t\t\t\t<\/div>\n\t\t\t\t\t<\/div>\n\t\t<\/div>\n\t\t\t\t\t<\/div>\n\t\t<\/section>\n\t\t\t\t<section class=\"elementor-section elementor-top-section elementor-element elementor-element-aff9f2c elementor-section-boxed elementor-section-height-default elementor-section-height-default\" data-id=\"aff9f2c\" data-element_type=\"section\" data-e-type=\"section\">\n\t\t\t\t\t\t<div class=\"elementor-container elementor-column-gap-default\">\n\t\t\t\t\t<div class=\"elementor-column elementor-col-100 elementor-top-column elementor-element elementor-element-6df4392\" data-id=\"6df4392\" data-element_type=\"column\" data-e-type=\"column\">\n\t\t\t<div class=\"elementor-widget-wrap elementor-element-populated\">\n\t\t\t\t\t\t<div class=\"elementor-element elementor-element-5a1a773 elementor-widget elementor-widget-text-editor\" data-id=\"5a1a773\" data-element_type=\"widget\" data-e-type=\"widget\" data-widget_type=\"text-editor.default\">\n\t\t\t\t<div class=\"elementor-widget-container\">\n\t\t\t\t\t\t\t\t\t<p>Avete domande? Allora contattate jobs@gts-systems.de<\/p>\t\t\t\t\t\t\t\t<\/div>\n\t\t\t\t<\/div>\n\t\t\t\t\t<\/div>\n\t\t<\/div>\n\t\t\t\t\t<\/div>\n\t\t<\/section>\n\t\t\t\t<section class=\"elementor-section elementor-top-section elementor-element elementor-element-9f2d860 elementor-section-boxed elementor-section-height-default elementor-section-height-default\" data-id=\"9f2d860\" data-element_type=\"section\" data-e-type=\"section\">\n\t\t\t\t\t\t<div class=\"elementor-container elementor-column-gap-default\">\n\t\t\t\t\t<div class=\"elementor-column elementor-col-100 elementor-top-column elementor-element elementor-element-be5a50f\" data-id=\"be5a50f\" data-element_type=\"column\" data-e-type=\"column\">\n\t\t\t<div class=\"elementor-widget-wrap elementor-element-populated\">\n\t\t\t\t\t\t<div class=\"elementor-element elementor-element-4cf2721 elementor-align-center elementor-widget elementor-widget-button\" data-id=\"4cf2721\" data-element_type=\"widget\" data-e-type=\"widget\" data-widget_type=\"button.default\">\n\t\t\t\t<div class=\"elementor-widget-container\">\n\t\t\t\t\t\t\t\t\t<div class=\"elementor-button-wrapper\">\n\t\t\t\t\t<a class=\"elementor-button elementor-button-link elementor-size-md elementor-animation-grow\" href=\"https:\/\/gts-systems.com\/it\/bewerbung-kontakformular\/\">\n\t\t\t\t\t\t<span class=\"elementor-button-content-wrapper\">\n\t\t\t\t\t\t<span class=\"elementor-button-icon\">\n\t\t\t\t<i aria-hidden=\"true\" class=\"fas fa-mail-bulk\"><\/i>\t\t\t<\/span>\n\t\t\t\t\t\t\t\t\t<span class=\"elementor-button-text\">Candidatevi ora!<\/span>\n\t\t\t\t\t<\/span>\n\t\t\t\t\t<\/a>\n\t\t\t\t<\/div>\n\t\t\t\t\t\t\t\t<\/div>\n\t\t\t\t<\/div>\n\t\t\t\t\t<\/div>\n\t\t<\/div>\n\t\t\t\t\t<\/div>\n\t\t<\/section>\n\t\t\t\t<section class=\"elementor-section elementor-top-section elementor-element elementor-element-f6ffad9 elementor-section-boxed elementor-section-height-default elementor-section-height-default\" data-id=\"f6ffad9\" data-element_type=\"section\" data-e-type=\"section\">\n\t\t\t\t\t\t<div class=\"elementor-container elementor-column-gap-default\">\n\t\t\t\t\t<div class=\"elementor-column elementor-col-50 elementor-top-column elementor-element elementor-element-ccd910a\" data-id=\"ccd910a\" data-element_type=\"column\" data-e-type=\"column\">\n\t\t\t<div class=\"elementor-widget-wrap elementor-element-populated\">\n\t\t\t\t\t\t<div class=\"elementor-element elementor-element-9cbb534 elementor-widget elementor-widget-heading\" data-id=\"9cbb534\" data-element_type=\"widget\" data-e-type=\"widget\" data-widget_type=\"heading.default\">\n\t\t\t\t<div class=\"elementor-widget-container\">\n\t\t\t\t\t<h3 class=\"elementor-heading-title elementor-size-default\">Persona di contatto<\/h3>\t\t\t\t<\/div>\n\t\t\t\t<\/div>\n\t\t\t\t<div class=\"elementor-element elementor-element-806fd5a elementor-widget elementor-widget-heading\" data-id=\"806fd5a\" data-element_type=\"widget\" data-e-type=\"widget\" data-widget_type=\"heading.default\">\n\t\t\t\t<div class=\"elementor-widget-container\">\n\t\t\t\t\t<h2 class=\"elementor-heading-title elementor-size-xl\">Dr. Tore Gr\u00fcnert<\/h2>\t\t\t\t<\/div>\n\t\t\t\t<\/div>\n\t\t\t\t<div class=\"elementor-element elementor-element-7f5d96c elementor-widget elementor-widget-text-editor\" data-id=\"7f5d96c\" data-element_type=\"widget\" data-e-type=\"widget\" data-widget_type=\"text-editor.default\">\n\t\t\t\t<div class=\"elementor-widget-container\">\n\t\t\t\t\t\t\t\t\t<p>GTS Systems and Consulting<\/p>\t\t\t\t\t\t\t\t<\/div>\n\t\t\t\t<\/div>\n\t\t\t\t<div class=\"elementor-element elementor-element-c766167 elementor-widget elementor-widget-text-editor\" data-id=\"c766167\" data-element_type=\"widget\" data-e-type=\"widget\" data-widget_type=\"text-editor.default\">\n\t\t\t\t<div class=\"elementor-widget-container\">\n\t\t\t\t\t\t\t\t\t<p>phone. <span style=\"color: #000000;\">+49 241 609595 00<\/span><br \/>email. jobs@gts-systems.de<\/p>\t\t\t\t\t\t\t\t<\/div>\n\t\t\t\t<\/div>\n\t\t\t\t\t<\/div>\n\t\t<\/div>\n\t\t\t\t<div class=\"elementor-column elementor-col-50 elementor-top-column elementor-element elementor-element-9bc10c4\" data-id=\"9bc10c4\" data-element_type=\"column\" data-e-type=\"column\">\n\t\t\t<div class=\"elementor-widget-wrap elementor-element-populated\">\n\t\t\t\t\t\t<div class=\"elementor-element elementor-element-d9b97f0 elementor-widget elementor-widget-image\" data-id=\"d9b97f0\" data-element_type=\"widget\" data-e-type=\"widget\" data-widget_type=\"image.default\">\n\t\t\t\t<div class=\"elementor-widget-container\">\n\t\t\t\t\t\t\t\t\t\t\t\t\t\t\t<img fetchpriority=\"high\" decoding=\"async\" width=\"300\" height=\"300\" src=\"https:\/\/gts-systems.com\/wp-content\/uploads\/2020\/11\/team-tore-gruenert-300x300.png\" class=\"attachment-medium size-medium wp-image-876\" alt=\"Dr. Tore Gr\u00fcnert Team Portr\u00e4t\" srcset=\"https:\/\/gts-systems.com\/wp-content\/uploads\/2020\/11\/team-tore-gruenert-300x300.png 300w, https:\/\/gts-systems.com\/wp-content\/uploads\/2020\/11\/team-tore-gruenert-150x150.png 150w, https:\/\/gts-systems.com\/wp-content\/uploads\/2020\/11\/team-tore-gruenert.png 400w\" sizes=\"(max-width: 300px) 100vw, 300px\" \/>\t\t\t\t\t\t\t\t\t\t\t\t\t\t\t<\/div>\n\t\t\t\t<\/div>\n\t\t\t\t<div class=\"elementor-element elementor-element-aaec77d elementor-widget elementor-widget-text-editor\" data-id=\"aaec77d\" data-element_type=\"widget\" data-e-type=\"widget\" data-widget_type=\"text-editor.default\">\n\t\t\t\t<div class=\"elementor-widget-container\">\n\t\t\t\t\t\t\t\t\t<p>&#8222;Gerne beantworte ich Ihre Fragen und freue mich auf Ihre Bewerbung.&#8220;<\/p>\t\t\t\t\t\t\t\t<\/div>\n\t\t\t\t<\/div>\n\t\t\t\t\t<\/div>\n\t\t<\/div>\n\t\t\t\t\t<\/div>\n\t\t<\/section>\n\t\t\t\t<\/div>","protected":false},"excerpt":{"rendered":"<p>Wir suchen zum n\u00e4chstm\u00f6glichen Zeitpunkt einen Inside Sales \/ Vertriebs-Innendienst (m\/w\/d) Unser Vertriebsteam ist das Herzst\u00fcck von GTS und leistet jeden Tag 110 %. Unsere Verkaufsexperten sorgen daf\u00fcr, potenzielle Kunden von GTS zu begeistern und Strategien f\u00fcr deren Logistik zu entwickeln. Allerdings ist jeder unserer Experten nur so gut, wie das Team, das ihn unterst\u00fctzt. [&hellip;]<\/p>\n","protected":false},"author":5,"featured_media":0,"parent":0,"menu_order":0,"comment_status":"closed","ping_status":"closed","template":"","meta":{"footnotes":""},"class_list":["post-9812","page","type-page","status-publish","hentry"],"yoast_head":"<!-- This site is optimized with the Yoast SEO plugin v27.3 - https:\/\/yoast.com\/product\/yoast-seo-wordpress\/ -->\n<title>Inside Sales \/ Vertriebs-Innendienst (m\/w\/d) - gts systems<\/title>\n<meta name=\"robots\" content=\"index, follow, max-snippet:-1, max-image-preview:large, max-video-preview:-1\" \/>\n<link rel=\"canonical\" href=\"https:\/\/gts-systems.com\/it\/inside-sales-vertriebs-innendienst-m-w-d\/\" \/>\n<meta property=\"og:locale\" content=\"it_IT\" \/>\n<meta property=\"og:type\" content=\"article\" \/>\n<meta property=\"og:title\" content=\"Inside Sales \/ Vertriebs-Innendienst (m\/w\/d) - gts systems\" \/>\n<meta property=\"og:description\" content=\"Wir suchen zum n\u00e4chstm\u00f6glichen Zeitpunkt einen Inside Sales \/ Vertriebs-Innendienst (m\/w\/d) Unser Vertriebsteam ist das Herzst\u00fcck von GTS und leistet jeden Tag 110 %. Unsere Verkaufsexperten sorgen daf\u00fcr, potenzielle Kunden von GTS zu begeistern und Strategien f\u00fcr deren Logistik zu entwickeln. Allerdings ist jeder unserer Experten nur so gut, wie das Team, das ihn unterst\u00fctzt. [&hellip;]\" \/>\n<meta property=\"og:url\" content=\"https:\/\/gts-systems.com\/it\/inside-sales-vertriebs-innendienst-m-w-d\/\" \/>\n<meta property=\"og:site_name\" content=\"gts systems\" \/>\n<meta property=\"article:modified_time\" content=\"2023-07-14T08:35:50+00:00\" \/>\n<meta property=\"og:image\" content=\"https:\/\/gts-systems.com\/wp-content\/uploads\/2020\/11\/team-tore-gruenert-300x300.png\" \/>\n<meta name=\"twitter:card\" content=\"summary_large_image\" \/>\n<meta name=\"twitter:label1\" content=\"Tempo di lettura stimato\" \/>\n\t<meta name=\"twitter:data1\" content=\"3 minuti\" \/>\n<!-- \/ Yoast SEO plugin. -->","yoast_head_json":{"title":"Inside Sales \/ Vertriebs-Innendienst (m\/w\/d) - gts systems","robots":{"index":"index","follow":"follow","max-snippet":"max-snippet:-1","max-image-preview":"max-image-preview:large","max-video-preview":"max-video-preview:-1"},"canonical":"https:\/\/gts-systems.com\/it\/inside-sales-vertriebs-innendienst-m-w-d\/","og_locale":"it_IT","og_type":"article","og_title":"Inside Sales \/ Vertriebs-Innendienst (m\/w\/d) - gts systems","og_description":"Wir suchen zum n\u00e4chstm\u00f6glichen Zeitpunkt einen Inside Sales \/ Vertriebs-Innendienst (m\/w\/d) Unser Vertriebsteam ist das Herzst\u00fcck von GTS und leistet jeden Tag 110 %. Unsere Verkaufsexperten sorgen daf\u00fcr, potenzielle Kunden von GTS zu begeistern und Strategien f\u00fcr deren Logistik zu entwickeln. Allerdings ist jeder unserer Experten nur so gut, wie das Team, das ihn unterst\u00fctzt. [&hellip;]","og_url":"https:\/\/gts-systems.com\/it\/inside-sales-vertriebs-innendienst-m-w-d\/","og_site_name":"gts systems","article_modified_time":"2023-07-14T08:35:50+00:00","og_image":[{"url":"https:\/\/gts-systems.com\/wp-content\/uploads\/2020\/11\/team-tore-gruenert-300x300.png","type":"","width":"","height":""}],"twitter_card":"summary_large_image","twitter_misc":{"Tempo di lettura stimato":"3 minuti"},"schema":{"@context":"https:\/\/schema.org","@graph":[{"@type":"WebPage","@id":"https:\/\/gts-systems.com\/inside-sales-vertriebs-innendienst-m-w-d\/","url":"https:\/\/gts-systems.com\/inside-sales-vertriebs-innendienst-m-w-d\/","name":"Inside Sales \/ Vertriebs-Innendienst (m\/w\/d) - gts systems","isPartOf":{"@id":"https:\/\/gts-systems.com\/#website"},"primaryImageOfPage":{"@id":"https:\/\/gts-systems.com\/inside-sales-vertriebs-innendienst-m-w-d\/#primaryimage"},"image":{"@id":"https:\/\/gts-systems.com\/inside-sales-vertriebs-innendienst-m-w-d\/#primaryimage"},"thumbnailUrl":"https:\/\/gts-systems.com\/wp-content\/uploads\/2020\/11\/team-tore-gruenert-300x300.png","datePublished":"2021-10-15T07:24:49+00:00","dateModified":"2023-07-14T08:35:50+00:00","breadcrumb":{"@id":"https:\/\/gts-systems.com\/inside-sales-vertriebs-innendienst-m-w-d\/#breadcrumb"},"inLanguage":"it-IT","potentialAction":[{"@type":"ReadAction","target":["https:\/\/gts-systems.com\/inside-sales-vertriebs-innendienst-m-w-d\/"]}]},{"@type":"ImageObject","inLanguage":"it-IT","@id":"https:\/\/gts-systems.com\/inside-sales-vertriebs-innendienst-m-w-d\/#primaryimage","url":"https:\/\/gts-systems.com\/wp-content\/uploads\/2020\/11\/team-tore-gruenert-300x300.png","contentUrl":"https:\/\/gts-systems.com\/wp-content\/uploads\/2020\/11\/team-tore-gruenert-300x300.png"},{"@type":"BreadcrumbList","@id":"https:\/\/gts-systems.com\/inside-sales-vertriebs-innendienst-m-w-d\/#breadcrumb","itemListElement":[{"@type":"ListItem","position":1,"name":"Startseite","item":"https:\/\/gts-systems.com\/"},{"@type":"ListItem","position":2,"name":"Inside Sales \/ Vertriebs-Innendienst (m\/w\/d)"}]},{"@type":"WebSite","@id":"https:\/\/gts-systems.com\/#website","url":"https:\/\/gts-systems.com\/","name":"gts systems","description":"Ottimizzare ora","publisher":{"@id":"https:\/\/gts-systems.com\/#organization"},"potentialAction":[{"@type":"SearchAction","target":{"@type":"EntryPoint","urlTemplate":"https:\/\/gts-systems.com\/?s={search_term_string}"},"query-input":{"@type":"PropertyValueSpecification","valueRequired":true,"valueName":"search_term_string"}}],"inLanguage":"it-IT"},{"@type":"Organization","@id":"https:\/\/gts-systems.com\/#organization","name":"gts-systems","url":"https:\/\/gts-systems.com\/","logo":{"@type":"ImageObject","inLanguage":"it-IT","@id":"https:\/\/gts-systems.com\/#\/schema\/logo\/image\/","url":"https:\/\/gts-systems.com\/wp-content\/uploads\/2021\/03\/logogtssystems_1.svg","contentUrl":"https:\/\/gts-systems.com\/wp-content\/uploads\/2021\/03\/logogtssystems_1.svg","width":1,"height":1,"caption":"gts-systems"},"image":{"@id":"https:\/\/gts-systems.com\/#\/schema\/logo\/image\/"},"sameAs":["https:\/\/www.linkedin.com\/company\/gts-systems-and-consulting-gmbh"]}]}},"_links":{"self":[{"href":"https:\/\/gts-systems.com\/it\/wp-json\/wp\/v2\/pages\/9812","targetHints":{"allow":["GET"]}}],"collection":[{"href":"https:\/\/gts-systems.com\/it\/wp-json\/wp\/v2\/pages"}],"about":[{"href":"https:\/\/gts-systems.com\/it\/wp-json\/wp\/v2\/types\/page"}],"author":[{"embeddable":true,"href":"https:\/\/gts-systems.com\/it\/wp-json\/wp\/v2\/users\/5"}],"replies":[{"embeddable":true,"href":"https:\/\/gts-systems.com\/it\/wp-json\/wp\/v2\/comments?post=9812"}],"version-history":[{"count":0,"href":"https:\/\/gts-systems.com\/it\/wp-json\/wp\/v2\/pages\/9812\/revisions"}],"wp:attachment":[{"href":"https:\/\/gts-systems.com\/it\/wp-json\/wp\/v2\/media?parent=9812"}],"curies":[{"name":"wp","href":"https:\/\/api.w.org\/{rel}","templated":true}]}}