{"id":9576,"date":"2021-09-23T10:30:05","date_gmt":"2021-09-23T08:30:05","guid":{"rendered":"https:\/\/gts-systems.com\/?page_id=9576"},"modified":"2025-01-13T09:35:59","modified_gmt":"2025-01-13T08:35:59","slug":"danke-seite-landingpage","status":"publish","type":"page","link":"https:\/\/gts-systems.com\/it\/danke-seite-landingpage\/","title":{"rendered":"Vielen Dank landingpage"},"content":{"rendered":"<div data-elementor-type=\"wp-page\" data-elementor-id=\"9576\" class=\"elementor elementor-9576\" data-elementor-post-type=\"page\">\n\t\t\t\t\t\t<section class=\"elementor-section elementor-top-section elementor-element elementor-element-8a905b2 elementor-section-full_width elementor-section-content-middle elementor-section-stretched elementor-section-height-default elementor-section-height-default\" data-id=\"8a905b2\" data-element_type=\"section\" data-e-type=\"section\" data-settings=\"{&quot;stretch_section&quot;:&quot;section-stretched&quot;}\">\n\t\t\t\t\t\t<div class=\"elementor-container elementor-column-gap-default\">\n\t\t\t\t\t<div class=\"elementor-column elementor-col-100 elementor-top-column elementor-element elementor-element-ab0869a\" data-id=\"ab0869a\" data-element_type=\"column\" data-e-type=\"column\">\n\t\t\t<div class=\"elementor-widget-wrap elementor-element-populated\">\n\t\t\t\t\t\t<div class=\"elementor-element elementor-element-f4b45ba elementor-widget elementor-widget-image\" data-id=\"f4b45ba\" data-element_type=\"widget\" data-e-type=\"widget\" data-widget_type=\"image.default\">\n\t\t\t\t<div class=\"elementor-widget-container\">\n\t\t\t\t\t\t\t\t\t\t\t\t\t\t\t\t<a href=\"https:\/\/gts-systems.com\/it\">\n\t\t\t\t\t\t\t<img decoding=\"async\" src=\"https:\/\/gts-systems.com\/wp-content\/uploads\/elementor\/thumbs\/cropped-logogtssystems_0-1-p2donr48y6tukct08eo7yaiz3wvpf2rw2nlkqw7vu0.png\" title=\"home\" alt=\"home\" loading=\"lazy\" \/>\t\t\t\t\t\t\t\t<\/a>\n\t\t\t\t\t\t\t\t\t\t\t\t\t\t\t<\/div>\n\t\t\t\t<\/div>\n\t\t\t\t<div class=\"elementor-element elementor-element-ec56d16 elementor-widget-divider--view-line elementor-widget elementor-widget-divider\" data-id=\"ec56d16\" data-element_type=\"widget\" data-e-type=\"widget\" data-widget_type=\"divider.default\">\n\t\t\t\t<div class=\"elementor-widget-container\">\n\t\t\t\t\t\t\t<div class=\"elementor-divider\">\n\t\t\t<span class=\"elementor-divider-separator\">\n\t\t\t\t\t\t<\/span>\n\t\t<\/div>\n\t\t\t\t\t\t<\/div>\n\t\t\t\t<\/div>\n\t\t\t\t\t<\/div>\n\t\t<\/div>\n\t\t\t\t\t<\/div>\n\t\t<\/section>\n\t\t\t\t<section class=\"elementor-section elementor-top-section elementor-element elementor-element-2811fb7a elementor-section-boxed elementor-section-height-default elementor-section-height-default\" data-id=\"2811fb7a\" data-element_type=\"section\" data-e-type=\"section\">\n\t\t\t\t\t\t<div class=\"elementor-container elementor-column-gap-default\">\n\t\t\t\t\t<div class=\"elementor-column elementor-col-100 elementor-top-column elementor-element elementor-element-74e4800a\" data-id=\"74e4800a\" data-element_type=\"column\" data-e-type=\"column\">\n\t\t\t<div class=\"elementor-widget-wrap elementor-element-populated\">\n\t\t\t\t\t\t<div class=\"elementor-element elementor-element-643057fc elementor-widget elementor-widget-heading\" data-id=\"643057fc\" data-element_type=\"widget\" data-e-type=\"widget\" data-widget_type=\"heading.default\">\n\t\t\t\t<div class=\"elementor-widget-container\">\n\t\t\t\t\t<h2 class=\"elementor-heading-title elementor-size-default\">Grazie!<\/h2>\t\t\t\t<\/div>\n\t\t\t\t<\/div>\n\t\t\t\t<div class=\"elementor-element elementor-element-a58ce9c elementor-widget elementor-widget-heading\" data-id=\"a58ce9c\" data-element_type=\"widget\" data-e-type=\"widget\" data-widget_type=\"heading.default\">\n\t\t\t\t<div class=\"elementor-widget-container\">\n\t\t\t\t\t<h2 class=\"elementor-heading-title elementor-size-default\">Riceverai una conferma via e-mail.<\/h2>\t\t\t\t<\/div>\n\t\t\t\t<\/div>\n\t\t\t\t<div class=\"elementor-element elementor-element-cb0aa4d elementor-widget elementor-widget-text-editor\" data-id=\"cb0aa4d\" data-element_type=\"widget\" data-e-type=\"widget\" data-widget_type=\"text-editor.default\">\n\t\t\t\t<div class=\"elementor-widget-container\">\n\t\t\t\t\t\t\t\t\t<p>Il nostro team di vendita ti risponder\u00e0 entro 24 ore. Se questo non \u00e8 il caso, allora si \u00e8 verificato un errore tecnico e devi contattarci tramite\u00a0<a href=\"mailto:info@gts-systems.de\" target=\"_blank\" rel=\"noopener noreferrer\">info@gts-systems.de<\/a>\u00a0o contattateci allo 0241\/60959500.<\/p>\t\t\t\t\t\t\t\t<\/div>\n\t\t\t\t<\/div>\n\t\t\t\t<div class=\"elementor-element elementor-element-3f417e62 elementor-align-center elementor-mobile-align-center elementor-widget elementor-widget-button\" data-id=\"3f417e62\" data-element_type=\"widget\" data-e-type=\"widget\" data-widget_type=\"button.default\">\n\t\t\t\t<div class=\"elementor-widget-container\">\n\t\t\t\t\t\t\t\t\t<div class=\"elementor-button-wrapper\">\n\t\t\t\t\t<a class=\"elementor-button elementor-button-link elementor-size-sm elementor-animation-grow\" href=\"https:\/\/gts-systems.com\/it\/contatta\/\">\n\t\t\t\t\t\t<span class=\"elementor-button-content-wrapper\">\n\t\t\t\t\t\t<span class=\"elementor-button-icon\">\n\t\t\t\t<i aria-hidden=\"true\" class=\"fas fa-arrow-circle-right\"><\/i>\t\t\t<\/span>\n\t\t\t\t\t\t\t\t\t<span class=\"elementor-button-text\">Alle opzioni di contatto<\/span>\n\t\t\t\t\t<\/span>\n\t\t\t\t\t<\/a>\n\t\t\t\t<\/div>\n\t\t\t\t\t\t\t\t<\/div>\n\t\t\t\t<\/div>\n\t\t\t\t<div class=\"elementor-element elementor-element-2be4a255 elementor-align-center elementor-widget elementor-widget-button\" data-id=\"2be4a255\" data-element_type=\"widget\" data-e-type=\"widget\" data-widget_type=\"button.default\">\n\t\t\t\t<div class=\"elementor-widget-container\">\n\t\t\t\t\t\t\t\t\t<div class=\"elementor-button-wrapper\">\n\t\t\t\t\t<a class=\"elementor-button elementor-button-link elementor-size-sm elementor-animation-grow\" href=\"https:\/\/gts-systems.com\/it\/\">\n\t\t\t\t\t\t<span class=\"elementor-button-content-wrapper\">\n\t\t\t\t\t\t<span class=\"elementor-button-icon\">\n\t\t\t\t<i aria-hidden=\"true\" class=\"fas fa-arrow-circle-right\"><\/i>\t\t\t<\/span>\n\t\t\t\t\t\t\t\t\t<span class=\"elementor-button-text\">Alla homepage<\/span>\n\t\t\t\t\t<\/span>\n\t\t\t\t\t<\/a>\n\t\t\t\t<\/div>\n\t\t\t\t\t\t\t\t<\/div>\n\t\t\t\t<\/div>\n\t\t\t\t\t<\/div>\n\t\t<\/div>\n\t\t\t\t\t<\/div>\n\t\t<\/section>\n\t\t\t\t<\/div>","protected":false},"excerpt":{"rendered":"<p>Vielen Dank! Sie erhalten eine Best\u00e4tigung per E-Mail. Unser Sales-Team wird sich innerhalb von 24 Stunden bei Ihnen melden. Sollte dies nicht der Fall sein, dann ist ein technischer Fehler aufgetreten und Sie sollten \u00fcber\u00a0info@gts-systems.de\u00a0oder unter 0241\/60959500 mit uns Kontakt aufnehmen. Zu den Kontaktm\u00f6glichkeiten Zur Homepage<\/p>","protected":false},"author":4,"featured_media":0,"parent":0,"menu_order":0,"comment_status":"closed","ping_status":"closed","template":"","meta":{"footnotes":""},"class_list":["post-9576","page","type-page","status-publish","hentry"],"yoast_head":"<!-- This site is optimized with the Yoast SEO plugin v27.3 - https:\/\/yoast.com\/product\/yoast-seo-wordpress\/ -->\n<title>Vielen Dank landingpage - gts systems<\/title>\n<meta name=\"robots\" content=\"index, follow, max-snippet:-1, max-image-preview:large, max-video-preview:-1\" \/>\n<link rel=\"canonical\" href=\"https:\/\/gts-systems.com\/it\/danke-seite-landingpage\/\" \/>\n<meta property=\"og:locale\" content=\"it_IT\" \/>\n<meta property=\"og:type\" content=\"article\" \/>\n<meta property=\"og:title\" content=\"Vielen Dank landingpage - gts systems\" \/>\n<meta property=\"og:description\" content=\"Vielen Dank! Sie erhalten eine Best\u00e4tigung per E-Mail. Unser Sales-Team wird sich innerhalb von 24 Stunden bei Ihnen melden. Sollte dies nicht der Fall sein, dann ist ein technischer Fehler aufgetreten und Sie sollten \u00fcber\u00a0info@gts-systems.de\u00a0oder unter 0241\/60959500 mit uns Kontakt aufnehmen. Zu den Kontaktm\u00f6glichkeiten Zur Homepage\" \/>\n<meta property=\"og:url\" content=\"https:\/\/gts-systems.com\/it\/danke-seite-landingpage\/\" \/>\n<meta property=\"og:site_name\" content=\"gts systems\" \/>\n<meta property=\"article:modified_time\" content=\"2025-01-13T08:35:59+00:00\" \/>\n<meta property=\"og:image\" content=\"https:\/\/gts-systems.com\/wp-content\/uploads\/elementor\/thumbs\/cropped-logogtssystems_0-1-p2donr48y6tukct08eo7yaiz3wvpf2rw2nlkqw7vu0.png\" \/>\n<meta name=\"twitter:card\" content=\"summary_large_image\" \/>\n<meta name=\"twitter:label1\" content=\"Tempo di lettura stimato\" \/>\n\t<meta name=\"twitter:data1\" content=\"1 minuto\" \/>\n<!-- \/ Yoast SEO plugin. -->","yoast_head_json":{"title":"Vielen Dank landingpage - gts systems","robots":{"index":"index","follow":"follow","max-snippet":"max-snippet:-1","max-image-preview":"max-image-preview:large","max-video-preview":"max-video-preview:-1"},"canonical":"https:\/\/gts-systems.com\/it\/danke-seite-landingpage\/","og_locale":"it_IT","og_type":"article","og_title":"Vielen Dank landingpage - gts systems","og_description":"Vielen Dank! Sie erhalten eine Best\u00e4tigung per E-Mail. Unser Sales-Team wird sich innerhalb von 24 Stunden bei Ihnen melden. Sollte dies nicht der Fall sein, dann ist ein technischer Fehler aufgetreten und Sie sollten \u00fcber\u00a0info@gts-systems.de\u00a0oder unter 0241\/60959500 mit uns Kontakt aufnehmen. Zu den Kontaktm\u00f6glichkeiten Zur Homepage","og_url":"https:\/\/gts-systems.com\/it\/danke-seite-landingpage\/","og_site_name":"gts systems","article_modified_time":"2025-01-13T08:35:59+00:00","og_image":[{"url":"https:\/\/gts-systems.com\/wp-content\/uploads\/elementor\/thumbs\/cropped-logogtssystems_0-1-p2donr48y6tukct08eo7yaiz3wvpf2rw2nlkqw7vu0.png","type":"","width":"","height":""}],"twitter_card":"summary_large_image","twitter_misc":{"Tempo di lettura stimato":"1 minuto"},"schema":{"@context":"https:\/\/schema.org","@graph":[{"@type":"WebPage","@id":"https:\/\/gts-systems.com\/danke-seite-landingpage\/","url":"https:\/\/gts-systems.com\/danke-seite-landingpage\/","name":"Vielen Dank landingpage - gts systems","isPartOf":{"@id":"https:\/\/gts-systems.com\/#website"},"primaryImageOfPage":{"@id":"https:\/\/gts-systems.com\/danke-seite-landingpage\/#primaryimage"},"image":{"@id":"https:\/\/gts-systems.com\/danke-seite-landingpage\/#primaryimage"},"thumbnailUrl":"https:\/\/gts-systems.com\/wp-content\/uploads\/elementor\/thumbs\/cropped-logogtssystems_0-1-p2donr48y6tukct08eo7yaiz3wvpf2rw2nlkqw7vu0.png","datePublished":"2021-09-23T08:30:05+00:00","dateModified":"2025-01-13T08:35:59+00:00","breadcrumb":{"@id":"https:\/\/gts-systems.com\/danke-seite-landingpage\/#breadcrumb"},"inLanguage":"it-IT","potentialAction":[{"@type":"ReadAction","target":["https:\/\/gts-systems.com\/danke-seite-landingpage\/"]}]},{"@type":"ImageObject","inLanguage":"it-IT","@id":"https:\/\/gts-systems.com\/danke-seite-landingpage\/#primaryimage","url":"https:\/\/gts-systems.com\/wp-content\/uploads\/elementor\/thumbs\/cropped-logogtssystems_0-1-p2donr48y6tukct08eo7yaiz3wvpf2rw2nlkqw7vu0.png","contentUrl":"https:\/\/gts-systems.com\/wp-content\/uploads\/elementor\/thumbs\/cropped-logogtssystems_0-1-p2donr48y6tukct08eo7yaiz3wvpf2rw2nlkqw7vu0.png"},{"@type":"BreadcrumbList","@id":"https:\/\/gts-systems.com\/danke-seite-landingpage\/#breadcrumb","itemListElement":[{"@type":"ListItem","position":1,"name":"Startseite","item":"https:\/\/gts-systems.com\/"},{"@type":"ListItem","position":2,"name":"Vielen Dank landingpage"}]},{"@type":"WebSite","@id":"https:\/\/gts-systems.com\/#website","url":"https:\/\/gts-systems.com\/","name":"gts systems","description":"Ottimizzare ora","publisher":{"@id":"https:\/\/gts-systems.com\/#organization"},"potentialAction":[{"@type":"SearchAction","target":{"@type":"EntryPoint","urlTemplate":"https:\/\/gts-systems.com\/?s={search_term_string}"},"query-input":{"@type":"PropertyValueSpecification","valueRequired":true,"valueName":"search_term_string"}}],"inLanguage":"it-IT"},{"@type":"Organization","@id":"https:\/\/gts-systems.com\/#organization","name":"gts-systems","url":"https:\/\/gts-systems.com\/","logo":{"@type":"ImageObject","inLanguage":"it-IT","@id":"https:\/\/gts-systems.com\/#\/schema\/logo\/image\/","url":"https:\/\/gts-systems.com\/wp-content\/uploads\/2021\/03\/logogtssystems_1.svg","contentUrl":"https:\/\/gts-systems.com\/wp-content\/uploads\/2021\/03\/logogtssystems_1.svg","width":1,"height":1,"caption":"gts-systems"},"image":{"@id":"https:\/\/gts-systems.com\/#\/schema\/logo\/image\/"},"sameAs":["https:\/\/www.linkedin.com\/company\/gts-systems-and-consulting-gmbh"]}]}},"_links":{"self":[{"href":"https:\/\/gts-systems.com\/it\/wp-json\/wp\/v2\/pages\/9576","targetHints":{"allow":["GET"]}}],"collection":[{"href":"https:\/\/gts-systems.com\/it\/wp-json\/wp\/v2\/pages"}],"about":[{"href":"https:\/\/gts-systems.com\/it\/wp-json\/wp\/v2\/types\/page"}],"author":[{"embeddable":true,"href":"https:\/\/gts-systems.com\/it\/wp-json\/wp\/v2\/users\/4"}],"replies":[{"embeddable":true,"href":"https:\/\/gts-systems.com\/it\/wp-json\/wp\/v2\/comments?post=9576"}],"version-history":[{"count":0,"href":"https:\/\/gts-systems.com\/it\/wp-json\/wp\/v2\/pages\/9576\/revisions"}],"wp:attachment":[{"href":"https:\/\/gts-systems.com\/it\/wp-json\/wp\/v2\/media?parent=9576"}],"curies":[{"name":"wp","href":"https:\/\/api.w.org\/{rel}","templated":true}]}}