{"id":84,"date":"2020-08-24T21:55:11","date_gmt":"2020-08-24T19:55:11","guid":{"rendered":"http:\/\/gts-systems.com\/?page_id=84"},"modified":"2024-11-07T14:01:32","modified_gmt":"2024-11-07T13:01:32","slug":"condizioni-generali-di-contratto-2","status":"publish","type":"page","link":"https:\/\/gts-systems.com\/it\/agb\/","title":{"rendered":"Condizioni generali di contratto"},"content":{"rendered":"<div data-elementor-type=\"wp-page\" data-elementor-id=\"84\" class=\"elementor elementor-84\" data-elementor-post-type=\"page\">\n\t\t\t\t\t\t<section class=\"elementor-section elementor-top-section elementor-element elementor-element-41084f69 elementor-section-full_width elementor-section-stretched elementor-section-height-default elementor-section-height-default\" data-id=\"41084f69\" data-element_type=\"section\" data-e-type=\"section\" data-settings=\"{&quot;stretch_section&quot;:&quot;section-stretched&quot;,&quot;background_background&quot;:&quot;classic&quot;}\">\n\t\t\t\t\t\t<div class=\"elementor-container elementor-column-gap-default\">\n\t\t\t\t\t<div class=\"elementor-column elementor-col-100 elementor-top-column elementor-element elementor-element-4043a13c\" data-id=\"4043a13c\" data-element_type=\"column\" data-e-type=\"column\">\n\t\t\t<div class=\"elementor-widget-wrap\">\n\t\t\t\t\t\t\t<\/div>\n\t\t<\/div>\n\t\t\t\t\t<\/div>\n\t\t<\/section>\n\t\t\t\t<section class=\"elementor-section elementor-top-section elementor-element elementor-element-3db647e elementor-section-boxed elementor-section-height-default elementor-section-height-default\" data-id=\"3db647e\" data-element_type=\"section\" data-e-type=\"section\">\n\t\t\t\t\t\t<div class=\"elementor-container elementor-column-gap-default\">\n\t\t\t\t\t<div class=\"elementor-column elementor-col-100 elementor-top-column elementor-element elementor-element-92faf9c\" data-id=\"92faf9c\" data-element_type=\"column\" data-e-type=\"column\">\n\t\t\t<div class=\"elementor-widget-wrap elementor-element-populated\">\n\t\t\t\t\t\t<div class=\"elementor-element elementor-element-85ef825 elementor-widget elementor-widget-heading\" data-id=\"85ef825\" data-element_type=\"widget\" data-e-type=\"widget\" data-widget_type=\"heading.default\">\n\t\t\t\t<div class=\"elementor-widget-container\">\n\t\t\t\t\t<h1 class=\"elementor-heading-title elementor-size-xxl\">Allgemeine Gesch\u00e4ftsbedingungen.<\/h1>\t\t\t\t<\/div>\n\t\t\t\t<\/div>\n\t\t\t\t<div class=\"elementor-element elementor-element-a3deab5 elementor-widget elementor-widget-heading\" data-id=\"a3deab5\" data-element_type=\"widget\" data-e-type=\"widget\" data-widget_type=\"heading.default\">\n\t\t\t\t<div class=\"elementor-widget-container\">\n\t\t\t\t\t<h2 class=\"elementor-heading-title elementor-size-xl\">Contenuto dell'offerta online.<\/h2>\t\t\t\t<\/div>\n\t\t\t\t<\/div>\n\t\t\t\t<div class=\"elementor-element elementor-element-ccd60e1 elementor-widget elementor-widget-text-editor\" data-id=\"ccd60e1\" data-element_type=\"widget\" data-e-type=\"widget\" data-widget_type=\"text-editor.default\">\n\t\t\t\t<div class=\"elementor-widget-container\">\n\t\t\t\t\t\t\t\t\tGTS Systems and Consulting GmbH (GTS) non si assume alcuna responsabilit\u00e0 per l'attualit\u00e0, la correttezza, la completezza o la qualit\u00e0 delle informazioni fornite. Sono escluse per principio le rivendicazioni di responsabilit\u00e0 nei confronti di GTS relative a danni materiali o morali causati dall'uso o dal mancato uso delle informazioni fornite o dall'uso di informazioni errate o incomplete, a meno che non si possa dimostrare che GTS abbia agito con dolo o colpa grave. <br> <br> L'intero contenuto di questo sito web non \u00e8 vincolante; \u00e8 soggetto a modifiche senza preavviso. GTS si riserva espressamente il diritto di modificare, integrare o cancellare parti delle pagine o l'intero sito web senza preavviso o di interrompere la pubblicazione temporaneamente o definitivamente.\t\t\t\t\t\t\t\t<\/div>\n\t\t\t\t<\/div>\n\t\t\t\t<div class=\"elementor-element elementor-element-0c022fe elementor-widget elementor-widget-heading\" data-id=\"0c022fe\" data-element_type=\"widget\" data-e-type=\"widget\" data-widget_type=\"heading.default\">\n\t\t\t\t<div class=\"elementor-widget-container\">\n\t\t\t\t\t<h2 class=\"elementor-heading-title elementor-size-xl\">Riferimenti e link.<\/h2>\t\t\t\t<\/div>\n\t\t\t\t<\/div>\n\t\t\t\t<div class=\"elementor-element elementor-element-3116069 elementor-widget elementor-widget-text-editor\" data-id=\"3116069\" data-element_type=\"widget\" data-e-type=\"widget\" data-widget_type=\"text-editor.default\">\n\t\t\t\t<div class=\"elementor-widget-container\">\n\t\t\t\t\t\t\t\t\tGTS non \u00e8 responsabile di alcun contenuto collegato o a cui si fa riferimento dalle sue pagine - a meno che GTS abbia piena conoscenza di contenuti illegali e sarebbe in grado di impedire ai visitatori del suo sito di visualizzare tali pagine. <br> <br> GTS dichiara espressamente che al momento della creazione dei link non erano riconoscibili contenuti illegali sulle pagine collegate. GTS non ha alcuna influenza sul design attuale e futuro, sul contenuto o sulla paternit\u00e0 delle pagine collegate. Per questo motivo, GTS prende espressamente le distanze da tutti i contenuti di tutte le pagine collegate che sono state modificate dopo la creazione del link. Questa dichiarazione si applica a tutti i link e riferimenti fissati all'interno della propria offerta Internet. La responsabilit\u00e0 per contenuti illegali, errati o incompleti e in particolare per danni derivanti dall'uso o dal mancato uso di tali informazioni \u00e8 esclusivamente del fornitore della pagina a cui si fa riferimento, e non di chi si limita a rimandare alla rispettiva pubblicazione tramite link.\t\t\t\t\t\t\t\t<\/div>\n\t\t\t\t<\/div>\n\t\t\t\t<div class=\"elementor-element elementor-element-7c7cff0 elementor-widget elementor-widget-heading\" data-id=\"7c7cff0\" data-element_type=\"widget\" data-e-type=\"widget\" data-widget_type=\"heading.default\">\n\t\t\t\t<div class=\"elementor-widget-container\">\n\t\t\t\t\t<h2 class=\"elementor-heading-title elementor-size-xl\">Protezione dei dati.<\/h2>\t\t\t\t<\/div>\n\t\t\t\t<\/div>\n\t\t\t\t<div class=\"elementor-element elementor-element-c3ecfa7 elementor-widget elementor-widget-text-editor\" data-id=\"c3ecfa7\" data-element_type=\"widget\" data-e-type=\"widget\" data-widget_type=\"text-editor.default\">\n\t\t\t\t<div class=\"elementor-widget-container\">\n\t\t\t\t\t\t\t\t\t<div class=\"text-block left\"><div class=\"copytext\"><p>Se viene data la possibilit\u00e0 di inserire dati personali o commerciali (indirizzi e-mail, nome, indirizzi), l'inserimento di questi dati avviene volontariamente. GTS Systems and Consulting GmbH dichiara espressamente che non trasmetter\u00e0 questi dati a terzi.<\/p><\/div><\/div>\t\t\t\t\t\t\t\t<\/div>\n\t\t\t\t<\/div>\n\t\t\t\t<div class=\"elementor-element elementor-element-bbff908 elementor-widget elementor-widget-heading\" data-id=\"bbff908\" data-element_type=\"widget\" data-e-type=\"widget\" data-widget_type=\"heading.default\">\n\t\t\t\t<div class=\"elementor-widget-container\">\n\t\t\t\t\t<h2 class=\"elementor-heading-title elementor-size-xl\">Uso del web tracking.\n<\/h2>\t\t\t\t<\/div>\n\t\t\t\t<\/div>\n\t\t\t\t<div class=\"elementor-element elementor-element-a3d967c elementor-widget elementor-widget-text-editor\" data-id=\"a3d967c\" data-element_type=\"widget\" data-e-type=\"widget\" data-widget_type=\"text-editor.default\">\n\t\t\t\t<div class=\"elementor-widget-container\">\n\t\t\t\t\t\t\t\t\tUsiamo un software di monitoraggio per determinare la frequenza di utilizzo e il numero di utenti del nostro sito web. Non raccogliamo alcun dato personale con questo software. <br> <br> I dati vengono utilizzati esclusivamente in forma anonima e riassunta per scopi statistici e per lo sviluppo del sito web.\t\t\t\t\t\t\t\t<\/div>\n\t\t\t\t<\/div>\n\t\t\t\t<div class=\"elementor-element elementor-element-9b394eb elementor-widget elementor-widget-heading\" data-id=\"9b394eb\" data-element_type=\"widget\" data-e-type=\"widget\" data-widget_type=\"heading.default\">\n\t\t\t\t<div class=\"elementor-widget-container\">\n\t\t\t\t\t<h2 class=\"elementor-heading-title elementor-size-xl\">Diritto d'autore e di marchio.\n<\/h2>\t\t\t\t<\/div>\n\t\t\t\t<\/div>\n\t\t\t\t<div class=\"elementor-element elementor-element-c7d8425 elementor-widget elementor-widget-text-editor\" data-id=\"c7d8425\" data-element_type=\"widget\" data-e-type=\"widget\" data-widget_type=\"text-editor.default\">\n\t\t\t\t<div class=\"elementor-widget-container\">\n\t\t\t\t\t\t\t\t\t<p>GTS Systems and Consulting GmbH si impegna a rispettare i diritti d'autore dei grafici e dei testi utilizzati in tutte le pubblicazioni, a utilizzare grafici e testi da essa stessa creati o a fare uso di grafici e testi privi di licenza. <br \/><br \/>Le foto stock utilizzate provengono da fotalia, 123RF o Adobe Stock. L'origine \u00e8 visibile dal nome del file. I crediti delle immagini per l'intestazione e gli altri elementi grafici si trovano anche nelle note legali.<\/p>\t\t\t\t\t\t\t\t<\/div>\n\t\t\t\t<\/div>\n\t\t\t\t\t<\/div>\n\t\t<\/div>\n\t\t\t\t\t<\/div>\n\t\t<\/section>\n\t\t\t\t<\/div>","protected":false},"excerpt":{"rendered":"<p>Allgemeine Gesch\u00e4ftsbedingungen. Inhalt des Online-Angebots. Die GTS Systems and Consulting GmbH (GTS) \u00fcbernimmt keinerlei Gew\u00e4hr f\u00fcr die Aktualit\u00e4t, Korrektheit, Vollst\u00e4ndigkeit oder Qualit\u00e4t der bereitgestellten Informationen. Haftungsanspr\u00fcche gegen die GTS, welche sich auf Sch\u00e4den materieller oder ideeller Art beziehen, die durch die Nutzung oder Nichtnutzung der dargebotenen Informationen bzw. durch die Nutzung fehlerhafter und unvollst\u00e4ndiger Informationen [&hellip;]<\/p>\n","protected":false},"author":5,"featured_media":0,"parent":0,"menu_order":0,"comment_status":"closed","ping_status":"closed","template":"","meta":{"footnotes":""},"class_list":["post-84","page","type-page","status-publish","hentry"],"yoast_head":"<!-- This site is optimized with the Yoast SEO plugin v27.3 - https:\/\/yoast.com\/product\/yoast-seo-wordpress\/ -->\n<title>AGB - gts systems<\/title>\n<meta name=\"robots\" content=\"index, follow, max-snippet:-1, max-image-preview:large, max-video-preview:-1\" \/>\n<link rel=\"canonical\" href=\"https:\/\/gts-systems.com\/it\/condizioni-generali-di-contratto-2\/\" \/>\n<meta property=\"og:locale\" content=\"it_IT\" \/>\n<meta property=\"og:type\" content=\"article\" \/>\n<meta property=\"og:title\" content=\"AGB - gts systems\" \/>\n<meta property=\"og:description\" content=\"Allgemeine Gesch\u00e4ftsbedingungen. Inhalt des Online-Angebots. Die GTS Systems and Consulting GmbH (GTS) \u00fcbernimmt keinerlei Gew\u00e4hr f\u00fcr die Aktualit\u00e4t, Korrektheit, Vollst\u00e4ndigkeit oder Qualit\u00e4t der bereitgestellten Informationen. Haftungsanspr\u00fcche gegen die GTS, welche sich auf Sch\u00e4den materieller oder ideeller Art beziehen, die durch die Nutzung oder Nichtnutzung der dargebotenen Informationen bzw. durch die Nutzung fehlerhafter und unvollst\u00e4ndiger Informationen [&hellip;]\" \/>\n<meta property=\"og:url\" content=\"https:\/\/gts-systems.com\/it\/condizioni-generali-di-contratto-2\/\" \/>\n<meta property=\"og:site_name\" content=\"gts systems\" \/>\n<meta property=\"article:modified_time\" content=\"2024-11-07T13:01:32+00:00\" \/>\n<meta name=\"twitter:card\" content=\"summary_large_image\" \/>\n<meta name=\"twitter:label1\" content=\"Tempo di lettura stimato\" \/>\n\t<meta name=\"twitter:data1\" content=\"3 minuti\" \/>\n<!-- \/ Yoast SEO plugin. -->","yoast_head_json":{"title":"Condizioni generali di contratto - gts systems","robots":{"index":"index","follow":"follow","max-snippet":"max-snippet:-1","max-image-preview":"max-image-preview:large","max-video-preview":"max-video-preview:-1"},"canonical":"https:\/\/gts-systems.com\/it\/condizioni-generali-di-contratto-2\/","og_locale":"it_IT","og_type":"article","og_title":"AGB - gts systems","og_description":"Allgemeine Gesch\u00e4ftsbedingungen. Inhalt des Online-Angebots. Die GTS Systems and Consulting GmbH (GTS) \u00fcbernimmt keinerlei Gew\u00e4hr f\u00fcr die Aktualit\u00e4t, Korrektheit, Vollst\u00e4ndigkeit oder Qualit\u00e4t der bereitgestellten Informationen. Haftungsanspr\u00fcche gegen die GTS, welche sich auf Sch\u00e4den materieller oder ideeller Art beziehen, die durch die Nutzung oder Nichtnutzung der dargebotenen Informationen bzw. durch die Nutzung fehlerhafter und unvollst\u00e4ndiger Informationen [&hellip;]","og_url":"https:\/\/gts-systems.com\/it\/condizioni-generali-di-contratto-2\/","og_site_name":"gts systems","article_modified_time":"2024-11-07T13:01:32+00:00","twitter_card":"summary_large_image","twitter_misc":{"Tempo di lettura stimato":"3 minuti"},"schema":{"@context":"https:\/\/schema.org","@graph":[{"@type":"WebPage","@id":"https:\/\/gts-systems.com\/agb\/","url":"https:\/\/gts-systems.com\/agb\/","name":"Condizioni generali di contratto - gts systems","isPartOf":{"@id":"https:\/\/gts-systems.com\/#website"},"datePublished":"2020-08-24T19:55:11+00:00","dateModified":"2024-11-07T13:01:32+00:00","breadcrumb":{"@id":"https:\/\/gts-systems.com\/agb\/#breadcrumb"},"inLanguage":"it-IT","potentialAction":[{"@type":"ReadAction","target":["https:\/\/gts-systems.com\/agb\/"]}]},{"@type":"BreadcrumbList","@id":"https:\/\/gts-systems.com\/agb\/#breadcrumb","itemListElement":[{"@type":"ListItem","position":1,"name":"Startseite","item":"https:\/\/gts-systems.com\/"},{"@type":"ListItem","position":2,"name":"AGB"}]},{"@type":"WebSite","@id":"https:\/\/gts-systems.com\/#website","url":"https:\/\/gts-systems.com\/","name":"gts systems","description":"Ottimizzare ora","publisher":{"@id":"https:\/\/gts-systems.com\/#organization"},"potentialAction":[{"@type":"SearchAction","target":{"@type":"EntryPoint","urlTemplate":"https:\/\/gts-systems.com\/?s={search_term_string}"},"query-input":{"@type":"PropertyValueSpecification","valueRequired":true,"valueName":"search_term_string"}}],"inLanguage":"it-IT"},{"@type":"Organization","@id":"https:\/\/gts-systems.com\/#organization","name":"gts-systems","url":"https:\/\/gts-systems.com\/","logo":{"@type":"ImageObject","inLanguage":"it-IT","@id":"https:\/\/gts-systems.com\/#\/schema\/logo\/image\/","url":"https:\/\/gts-systems.com\/wp-content\/uploads\/2021\/03\/logogtssystems_1.svg","contentUrl":"https:\/\/gts-systems.com\/wp-content\/uploads\/2021\/03\/logogtssystems_1.svg","width":1,"height":1,"caption":"gts-systems"},"image":{"@id":"https:\/\/gts-systems.com\/#\/schema\/logo\/image\/"},"sameAs":["https:\/\/www.linkedin.com\/company\/gts-systems-and-consulting-gmbh"]}]}},"_links":{"self":[{"href":"https:\/\/gts-systems.com\/it\/wp-json\/wp\/v2\/pages\/84","targetHints":{"allow":["GET"]}}],"collection":[{"href":"https:\/\/gts-systems.com\/it\/wp-json\/wp\/v2\/pages"}],"about":[{"href":"https:\/\/gts-systems.com\/it\/wp-json\/wp\/v2\/types\/page"}],"author":[{"embeddable":true,"href":"https:\/\/gts-systems.com\/it\/wp-json\/wp\/v2\/users\/5"}],"replies":[{"embeddable":true,"href":"https:\/\/gts-systems.com\/it\/wp-json\/wp\/v2\/comments?post=84"}],"version-history":[{"count":0,"href":"https:\/\/gts-systems.com\/it\/wp-json\/wp\/v2\/pages\/84\/revisions"}],"wp:attachment":[{"href":"https:\/\/gts-systems.com\/it\/wp-json\/wp\/v2\/media?parent=84"}],"curies":[{"name":"wp","href":"https:\/\/api.w.org\/{rel}","templated":true}]}}