{"id":8140,"date":"2021-05-31T10:41:12","date_gmt":"2021-05-31T08:41:12","guid":{"rendered":"https:\/\/gts-systems.com\/?page_id=8140"},"modified":"2021-06-11T16:24:40","modified_gmt":"2021-06-11T14:24:40","slug":"webinar-entsorgung-ausschreibungen","status":"publish","type":"page","link":"https:\/\/gts-systems.com\/it\/webinar-entsorgung-ausschreibungen\/","title":{"rendered":"Webinar-Entsorgung-Ausschreibungen"},"content":{"rendered":"\t\t<div data-elementor-type=\"wp-page\" data-elementor-id=\"8140\" class=\"elementor elementor-8140\" data-elementor-post-type=\"page\">\n\t\t\t\t\t\t<section class=\"elementor-section elementor-top-section elementor-element elementor-element-2001ceb3 elementor-section-full_width elementor-section-stretched elementor-section-height-default elementor-section-height-default\" data-id=\"2001ceb3\" data-element_type=\"section\" data-e-type=\"section\" data-settings=\"{&quot;stretch_section&quot;:&quot;section-stretched&quot;}\">\n\t\t\t\t\t\t<div class=\"elementor-container elementor-column-gap-default\">\n\t\t\t\t\t<div class=\"elementor-column elementor-col-100 elementor-top-column elementor-element elementor-element-731ed94e\" data-id=\"731ed94e\" data-element_type=\"column\" data-e-type=\"column\">\n\t\t\t<div class=\"elementor-widget-wrap elementor-element-populated\">\n\t\t\t\t\t\t<div class=\"elementor-element elementor-element-ffbb9fe elementor-widget elementor-widget-image\" data-id=\"ffbb9fe\" data-element_type=\"widget\" data-e-type=\"widget\" data-widget_type=\"image.default\">\n\t\t\t\t<div class=\"elementor-widget-container\">\n\t\t\t\t\t\t\t\t\t\t\t\t\t\t\t\t<a href=\"https:\/\/gts-systems.com\/\" target=\"_blank\">\n\t\t\t\t\t\t\t<img decoding=\"async\" src=\"https:\/\/gts-systems.com\/wp-content\/uploads\/elementor\/thumbs\/cropped-logogtssystems_0-2-p2donlh7t6m4mp175c8gjby7jlni4w5i1vonv8g8vc.png\" title=\"cropped-logogtssystems_0-2.png\" alt=\"cropped-logogtssystems_0-2.png\" loading=\"lazy\" \/>\t\t\t\t\t\t\t\t<\/a>\n\t\t\t\t\t\t\t\t\t\t\t\t\t\t\t<\/div>\n\t\t\t\t<\/div>\n\t\t\t\t<div class=\"elementor-element elementor-element-5c6053a7 elementor-widget-divider--view-line elementor-widget elementor-widget-divider\" data-id=\"5c6053a7\" data-element_type=\"widget\" data-e-type=\"widget\" data-widget_type=\"divider.default\">\n\t\t\t\t<div class=\"elementor-widget-container\">\n\t\t\t\t\t\t\t<div class=\"elementor-divider\">\n\t\t\t<span class=\"elementor-divider-separator\">\n\t\t\t\t\t\t<\/span>\n\t\t<\/div>\n\t\t\t\t\t\t<\/div>\n\t\t\t\t<\/div>\n\t\t\t\t\t<\/div>\n\t\t<\/div>\n\t\t\t\t\t<\/div>\n\t\t<\/section>\n\t\t\t\t<section class=\"elementor-section elementor-top-section elementor-element elementor-element-22fdf301 elementor-section-full_width elementor-section-stretched elementor-section-height-default elementor-section-height-default\" data-id=\"22fdf301\" data-element_type=\"section\" data-e-type=\"section\" data-settings=\"{&quot;stretch_section&quot;:&quot;section-stretched&quot;}\">\n\t\t\t\t\t\t<div class=\"elementor-container elementor-column-gap-default\">\n\t\t\t\t\t<div class=\"elementor-column elementor-col-100 elementor-top-column elementor-element elementor-element-3967f9dc\" data-id=\"3967f9dc\" data-element_type=\"column\" data-e-type=\"column\">\n\t\t\t<div class=\"elementor-widget-wrap elementor-element-populated\">\n\t\t\t\t\t\t<div class=\"elementor-element elementor-element-2313cfe4 elementor-widget elementor-widget-image\" data-id=\"2313cfe4\" data-element_type=\"widget\" data-e-type=\"widget\" data-widget_type=\"image.default\">\n\t\t\t\t<div class=\"elementor-widget-container\">\n\t\t\t\t\t\t\t\t\t\t\t\t\t\t\t<img fetchpriority=\"high\" decoding=\"async\" width=\"1536\" height=\"500\" src=\"https:\/\/gts-systems.com\/wp-content\/uploads\/2021\/01\/Keyvisual_-_Funktionsumfang_-_gts_systems-1536x1024-1.jpg\" class=\"attachment-full size-full wp-image-2565\" alt=\"Keyvisual_Symbolbild\" srcset=\"https:\/\/gts-systems.com\/wp-content\/uploads\/2021\/01\/Keyvisual_-_Funktionsumfang_-_gts_systems-1536x1024-1.jpg 1536w, https:\/\/gts-systems.com\/wp-content\/uploads\/2021\/01\/Keyvisual_-_Funktionsumfang_-_gts_systems-1536x1024-1-300x98.jpg 300w, https:\/\/gts-systems.com\/wp-content\/uploads\/2021\/01\/Keyvisual_-_Funktionsumfang_-_gts_systems-1536x1024-1-1024x333.jpg 1024w, https:\/\/gts-systems.com\/wp-content\/uploads\/2021\/01\/Keyvisual_-_Funktionsumfang_-_gts_systems-1536x1024-1-768x250.jpg 768w, https:\/\/gts-systems.com\/wp-content\/uploads\/2021\/01\/Keyvisual_-_Funktionsumfang_-_gts_systems-1536x1024-1-16x5.jpg 16w, https:\/\/gts-systems.com\/wp-content\/uploads\/2021\/01\/Keyvisual_-_Funktionsumfang_-_gts_systems-1536x1024-1-1200x391.jpg 1200w\" sizes=\"(max-width: 1536px) 100vw, 1536px\" \/>\t\t\t\t\t\t\t\t\t\t\t\t\t\t\t<\/div>\n\t\t\t\t<\/div>\n\t\t\t\t\t<\/div>\n\t\t<\/div>\n\t\t\t\t\t<\/div>\n\t\t<\/section>\n\t\t\t\t<section class=\"elementor-section elementor-top-section elementor-element elementor-element-20fec013 elementor-section-boxed elementor-section-height-default elementor-section-height-default\" data-id=\"20fec013\" data-element_type=\"section\" data-e-type=\"section\">\n\t\t\t\t\t\t<div class=\"elementor-container elementor-column-gap-default\">\n\t\t\t\t\t<div class=\"elementor-column elementor-col-100 elementor-top-column elementor-element elementor-element-75eda94c\" data-id=\"75eda94c\" data-element_type=\"column\" data-e-type=\"column\">\n\t\t\t<div class=\"elementor-widget-wrap elementor-element-populated\">\n\t\t\t\t\t\t<div class=\"elementor-element elementor-element-631837d8 elementor-widget elementor-widget-heading\" data-id=\"631837d8\" data-element_type=\"widget\" data-e-type=\"widget\" data-widget_type=\"heading.default\">\n\t\t\t\t<div class=\"elementor-widget-container\">\n\t\t\t\t\t<h1 class=\"elementor-heading-title elementor-size-default\">Webinar:<br>Wie Entsorgungs-Unternehmen <br>mehr Ausschreibungen gewinnen - <br> ganz ohne zeitaufw\u00e4ndige Kalkulationen und Risiko!<\/h1>\t\t\t\t<\/div>\n\t\t\t\t<\/div>\n\t\t\t\t<div class=\"elementor-element elementor-element-5812928f elementor-widget-divider--view-line elementor-widget elementor-widget-divider\" data-id=\"5812928f\" data-element_type=\"widget\" data-e-type=\"widget\" data-widget_type=\"divider.default\">\n\t\t\t\t<div class=\"elementor-widget-container\">\n\t\t\t\t\t\t\t<div class=\"elementor-divider\">\n\t\t\t<span class=\"elementor-divider-separator\">\n\t\t\t\t\t\t<\/span>\n\t\t<\/div>\n\t\t\t\t\t\t<\/div>\n\t\t\t\t<\/div>\n\t\t\t\t<div class=\"elementor-element elementor-element-30bd4e8e elementor-widget elementor-widget-heading\" data-id=\"30bd4e8e\" data-element_type=\"widget\" data-e-type=\"widget\" data-widget_type=\"heading.default\">\n\t\t\t\t<div class=\"elementor-widget-container\">\n\t\t\t\t\t<h3 class=\"elementor-heading-title elementor-size-default\">Donnerstag, 24.06.2021, 10:00-10:30 Uhr<\/h3>\t\t\t\t<\/div>\n\t\t\t\t<\/div>\n\t\t\t\t\t<\/div>\n\t\t<\/div>\n\t\t\t\t\t<\/div>\n\t\t<\/section>\n\t\t\t\t<section class=\"elementor-section elementor-top-section elementor-element elementor-element-7e4ab5ed elementor-reverse-tablet elementor-reverse-mobile elementor-section-full_width elementor-section-height-default elementor-section-height-default\" data-id=\"7e4ab5ed\" data-element_type=\"section\" data-e-type=\"section\" id=\"contactme\">\n\t\t\t\t\t\t<div class=\"elementor-container elementor-column-gap-default\">\n\t\t\t\t\t<div class=\"elementor-column elementor-col-50 elementor-top-column elementor-element elementor-element-6c0b7653\" data-id=\"6c0b7653\" data-element_type=\"column\" data-e-type=\"column\">\n\t\t\t<div class=\"elementor-widget-wrap elementor-element-populated\">\n\t\t\t\t\t\t<div class=\"elementor-element elementor-element-70201d83 elementor-widget elementor-widget-heading\" data-id=\"70201d83\" data-element_type=\"widget\" data-e-type=\"widget\" data-widget_type=\"heading.default\">\n\t\t\t\t<div class=\"elementor-widget-container\">\n\t\t\t\t\t<h3 class=\"elementor-heading-title elementor-size-default\">Hatten Sie schonmal eines dieser Probleme?<\/h3>\t\t\t\t<\/div>\n\t\t\t\t<\/div>\n\t\t\t\t<div class=\"elementor-element elementor-element-52b7fd5e elementor-widget elementor-widget-text-editor\" data-id=\"52b7fd5e\" data-element_type=\"widget\" data-e-type=\"widget\" data-widget_type=\"text-editor.default\">\n\t\t\t\t<div class=\"elementor-widget-container\">\n\t\t\t\t\t\t\t\t\t<ul><li>Sie wollen ein Angebot f\u00fcr eine <strong>Region<\/strong> abgeben.<\/li><li>Ihnen fehlen die <strong>Daten<\/strong>, um den logistischen Aufwand abzusch\u00e4tzen.<\/li><li>Der <strong>Aufwand<\/strong> f\u00fcr die Absch\u00e4tzung ist <strong>enorm<\/strong> und Sie behelfen sich mit einfachen Absch\u00e4tzungen.<\/li><li>Sie waren zu optimistisch, bekommen den Zuschlag und <strong>zahlen<\/strong> nachher <strong>drauf<\/strong>.<\/li><li>Sie waren zu pessimistisch und erhalten den <strong>Zuschlag nicht<\/strong>.<\/li><\/ul>\t\t\t\t\t\t\t\t<\/div>\n\t\t\t\t<\/div>\n\t\t\t\t<div class=\"elementor-element elementor-element-78ba47b9 elementor-widget elementor-widget-heading\" data-id=\"78ba47b9\" data-element_type=\"widget\" data-e-type=\"widget\" data-widget_type=\"heading.default\">\n\t\t\t\t<div class=\"elementor-widget-container\">\n\t\t\t\t\t<h3 class=\"elementor-heading-title elementor-size-default\">In unserem Webinar lernen Sie...<\/h3>\t\t\t\t<\/div>\n\t\t\t\t<\/div>\n\t\t\t\t<div class=\"elementor-element elementor-element-44704916 elementor-widget elementor-widget-text-editor\" data-id=\"44704916\" data-element_type=\"widget\" data-e-type=\"widget\" data-widget_type=\"text-editor.default\">\n\t\t\t\t<div class=\"elementor-widget-container\">\n\t\t\t\t\t\t\t\t\t<ul><li><strong>Wie Sie den richtigen Preis ermitteln,<\/strong><br \/>damit Sie die Ausschreibungen gewinnen, ohne am Ende Verlust zu machen.<\/li><li><strong>Wie Sie Algorithmen f\u00fcr sich arbeiten lassen,<\/strong><br \/>anstatt tagelang ungenau selbst zu planen und gestresst zu sein.<\/li><li><strong>Wie Sie die richtigen Planungsdaten bekommen,<\/strong><br \/>obwohl diese mal wieder nicht Bestandteil der Ausschreibung sind.<\/li><li><strong>Wie Sie Umsatz und Gewinn steigern,<\/strong><br \/>indem Sie die Ausschreibung gewinnen und sie nicht nur bearbeiten.<\/li><\/ul>\t\t\t\t\t\t\t\t<\/div>\n\t\t\t\t<\/div>\n\t\t\t\t<div class=\"elementor-element elementor-element-6a6ae65c elementor-widget elementor-widget-heading\" data-id=\"6a6ae65c\" data-element_type=\"widget\" data-e-type=\"widget\" data-widget_type=\"heading.default\">\n\t\t\t\t<div class=\"elementor-widget-container\">\n\t\t\t\t\t<h2 class=\"elementor-heading-title elementor-size-default\">Ihr Sprecher<\/h2>\t\t\t\t<\/div>\n\t\t\t\t<\/div>\n\t\t\t\t<div class=\"elementor-element elementor-element-17bff30d elementor-widget elementor-widget-image\" data-id=\"17bff30d\" data-element_type=\"widget\" data-e-type=\"widget\" data-widget_type=\"image.default\">\n\t\t\t\t<div class=\"elementor-widget-container\">\n\t\t\t\t\t\t\t\t\t\t\t\t\t\t\t<img decoding=\"async\" src=\"https:\/\/gts-systems.com\/wp-content\/uploads\/elementor\/thumbs\/team-dirk-tost-p7z8k1pq7fbd2b5y71yj52oo0ds8x4c0tmkghspxug.png\" title=\"team-dirk-tost\" alt=\"team-dirk-tost\" loading=\"lazy\" \/>\t\t\t\t\t\t\t\t\t\t\t\t\t\t\t<\/div>\n\t\t\t\t<\/div>\n\t\t\t\t<div class=\"elementor-element elementor-element-5fcf5f5f elementor-widget elementor-widget-text-editor\" data-id=\"5fcf5f5f\" data-element_type=\"widget\" data-e-type=\"widget\" data-widget_type=\"text-editor.default\">\n\t\t\t\t<div class=\"elementor-widget-container\">\n\t\t\t\t\t\t\t\t\t<p>Dirk Tost<\/p>\t\t\t\t\t\t\t\t<\/div>\n\t\t\t\t<\/div>\n\t\t\t\t<div class=\"elementor-element elementor-element-5715322b elementor-widget elementor-widget-text-editor\" data-id=\"5715322b\" data-element_type=\"widget\" data-e-type=\"widget\" data-widget_type=\"text-editor.default\">\n\t\t\t\t<div class=\"elementor-widget-container\">\n\t\t\t\t\t\t\t\t\t<p>Dirk Tost hat vor vielen Jahren seine Leidenschaft f\u00fcr Tourenoptimierung und\u00a0 Prozessoptimierung entdeckt. Immer auf der Suche nach innovativen und praxisnahen Optimierungsans\u00e4tzen, ber\u00e4t Dirk heute nationale und internationale Entsorgungsunternehmen in Sachen Tourenplanung und -optimierung. Dirk Tost ist ein erfahrener und gesch\u00e4tzter <br \/>Referent in vielen Webinaren.<\/p>\t\t\t\t\t\t\t\t<\/div>\n\t\t\t\t<\/div>\n\t\t\t\t\t<\/div>\n\t\t<\/div>\n\t\t\t\t<div class=\"elementor-column elementor-col-50 elementor-top-column elementor-element elementor-element-39f6c5a8\" data-id=\"39f6c5a8\" data-element_type=\"column\" data-e-type=\"column\">\n\t\t\t<div class=\"elementor-widget-wrap elementor-element-populated\">\n\t\t\t\t\t\t<div class=\"elementor-element elementor-element-777ab134 elementor-button-align-stretch elementor-widget elementor-widget-global elementor-global-8471 elementor-widget-form\" data-id=\"777ab134\" data-element_type=\"widget\" data-e-type=\"widget\" data-settings=\"{&quot;button_width_tablet&quot;:&quot;100&quot;,&quot;step_next_label&quot;:&quot;Next&quot;,&quot;step_previous_label&quot;:&quot;Previous&quot;,&quot;button_width&quot;:&quot;100&quot;,&quot;step_type&quot;:&quot;number_text&quot;,&quot;step_icon_shape&quot;:&quot;circle&quot;}\" data-widget_type=\"form.default\">\n\t\t\t\t<div class=\"elementor-widget-container\">\n\t\t\t\t\t\t\t<form class=\"elementor-form\" method=\"post\" data-wpl_tracker=\"{&quot;adwords&quot;:true,&quot;adwords_label&quot;:&quot;UxzZCOu_ifsBENbgrv0D&quot;,&quot;adwords_currency&quot;:&quot;EUR&quot;,&quot;adwords_value&quot;:1,&quot;adwords_id&quot;:&quot;1068216406&quot;}\" class=\"events-tracker-for-elementor\" name=\"New Form\" aria-label=\"New Form\">\n\t\t\t<input type=\"hidden\" name=\"post_id\" value=\"8140\"\/>\n\t\t\t<input type=\"hidden\" name=\"form_id\" value=\"777ab134\"\/>\n\t\t\t<input type=\"hidden\" name=\"referer_title\" value=\"gts systems\" \/>\n\n\t\t\t\n\t\t\t<div class=\"elementor-form-fields-wrapper elementor-labels-above\">\n\t\t\t\t\t\t\t\t<div class=\"elementor-field-type-text elementor-field-group elementor-column elementor-field-group-field_c29449f elementor-col-100 elementor-md-100 elementor-field-required\">\n\t\t\t\t\t\t\t\t\t\t\t\t<label for=\"form-field-field_c29449f\" class=\"elementor-field-label\">\n\t\t\t\t\t\t\t\tName *\t\t\t\t\t\t\t<\/label>\n\t\t\t\t\t\t\t\t\t\t\t\t\t\t<input size=\"1\" type=\"text\" name=\"form_fields[field_c29449f]\" id=\"form-field-field_c29449f\" class=\"elementor-field elementor-size-sm  elementor-field-textual\" required=\"required\">\n\t\t\t\t\t\t\t\t\t\t\t<\/div>\n\t\t\t\t\t\t\t\t<div class=\"elementor-field-type-email elementor-field-group elementor-column elementor-field-group-email elementor-col-100 elementor-md-100 elementor-field-required\">\n\t\t\t\t\t\t\t\t\t\t\t\t<label for=\"form-field-email\" class=\"elementor-field-label\">\n\t\t\t\t\t\t\t\tEmail *\t\t\t\t\t\t\t<\/label>\n\t\t\t\t\t\t\t\t\t\t\t\t\t\t<input size=\"1\" type=\"email\" name=\"form_fields[email]\" id=\"form-field-email\" class=\"elementor-field elementor-size-sm  elementor-field-textual\" required=\"required\">\n\t\t\t\t\t\t\t\t\t\t\t<\/div>\n\t\t\t\t\t\t\t\t<div class=\"elementor-field-type-tel elementor-field-group elementor-column elementor-field-group-field_e5b708c elementor-col-100 elementor-field-required\">\n\t\t\t\t\t\t\t\t\t\t\t\t<label for=\"form-field-field_e5b708c\" class=\"elementor-field-label\">\n\t\t\t\t\t\t\t\tTelefonnumer *\t\t\t\t\t\t\t<\/label>\n\t\t\t\t\t\t\t\t<input size=\"1\" type=\"tel\" name=\"form_fields[field_e5b708c]\" id=\"form-field-field_e5b708c\" class=\"elementor-field elementor-size-sm  elementor-field-textual\" required=\"required\" pattern=\"[0-9()#&amp;+*-=.]+\" title=\"Sono accettati solo numeri e caratteri telefonici (#, -, *, ecc.).\">\n\n\t\t\t\t\t\t<\/div>\n\t\t\t\t\t\t\t\t<div class=\"elementor-field-type-textarea elementor-field-group elementor-column elementor-field-group-message elementor-col-100 elementor-md-100 elementor-field-required\">\n\t\t\t\t\t\t\t\t\t\t\t\t<label for=\"form-field-message\" class=\"elementor-field-label\">\n\t\t\t\t\t\t\t\tNachricht *\t\t\t\t\t\t\t<\/label>\n\t\t\t\t\t\t<textarea class=\"elementor-field-textual elementor-field  elementor-size-sm\" name=\"form_fields[message]\" id=\"form-field-message\" rows=\"3\" required=\"required\"><\/textarea>\t\t\t\t<\/div>\n\t\t\t\t\t\t\t\t<div class=\"elementor-field-type-acceptance elementor-field-group elementor-column elementor-field-group-field_b9abeac elementor-col-100 elementor-field-required\">\n\t\t\t\t\t\t\t<div class=\"elementor-field-subgroup\">\n\t\t\t<span class=\"elementor-field-option\">\n\t\t\t\t<input type=\"checkbox\" name=\"form_fields[field_b9abeac]\" id=\"form-field-field_b9abeac\" class=\"elementor-field elementor-size-sm  elementor-acceptance-field\" required=\"required\">\n\t\t\t\t<label for=\"form-field-field_b9abeac\">Sie willigen ein, dass wir Sie ggf. auch \u00fcber diesen Kommunikationskanal kontaktieren, um Ihr Anliegen zu beantworten. Rechtsgrundlage f\u00fcr die \u00dcbermittlung der Daten ist Art. 6 Abs. 1 lit. a DSGVO.  Sie erhalten keine Spam-Mails.<\/label>\t\t\t<\/span>\n\t\t<\/div>\n\t\t\t\t\t\t<\/div>\n\t\t\t\t\t\t\t\t<div class=\"elementor-field-type-recaptcha_v3 elementor-field-group elementor-column elementor-field-group-field_605e877 elementor-col-100 recaptcha_v3-bottomleft\">\n\t\t\t\t\t<div class=\"elementor-field\" id=\"form-field-field_605e877\"><div class=\"elementor-g-recaptcha\" data-sitekey=\"6LfxqEkaAAAAANFpMpHxypnsNd2jFJ_bsQQVbEhl\" data-type=\"v3\" data-action=\"Form\" data-badge=\"bottomleft\" data-size=\"invisible\"><\/div><\/div>\t\t\t\t<\/div>\n\t\t\t\t\t\t\t\t<div class=\"elementor-field-group elementor-column elementor-field-type-submit elementor-col-100 e-form__buttons elementor-md-100\">\n\t\t\t\t\t<button class=\"elementor-button elementor-size-md\" type=\"submit\">\n\t\t\t\t\t\t<span class=\"elementor-button-content-wrapper\">\n\t\t\t\t\t\t\t\t\t\t\t\t\t\t\t\t\t\t\t\t\t\t<span class=\"elementor-button-text\">Jetzt anmelden<\/span>\n\t\t\t\t\t\t\t\t\t\t\t\t\t<\/span>\n\t\t\t\t\t<\/button>\n\t\t\t\t<\/div>\n\t\t\t<\/div>\n\t\t<\/form>\n\t\t\t\t\t\t<\/div>\n\t\t\t\t<\/div>\n\t\t\t\t\t<\/div>\n\t\t<\/div>\n\t\t\t\t\t<\/div>\n\t\t<\/section>\n\t\t\t\t<section class=\"elementor-section elementor-top-section elementor-element elementor-element-12b7a1d3 elementor-section-boxed elementor-section-height-default elementor-section-height-default\" data-id=\"12b7a1d3\" data-element_type=\"section\" data-e-type=\"section\">\n\t\t\t\t\t\t<div class=\"elementor-container elementor-column-gap-default\">\n\t\t\t\t\t<div class=\"elementor-column elementor-col-100 elementor-top-column elementor-element elementor-element-5dddc97d\" data-id=\"5dddc97d\" data-element_type=\"column\" data-e-type=\"column\">\n\t\t\t<div class=\"elementor-widget-wrap\">\n\t\t\t\t\t\t\t<\/div>\n\t\t<\/div>\n\t\t\t\t\t<\/div>\n\t\t<\/section>\n\t\t\t\t<\/div>\n\t\t","protected":false},"excerpt":{"rendered":"<p>Webinar:Wie Entsorgungs-Unternehmen mehr Ausschreibungen gewinnen &#8211; ganz ohne zeitaufw\u00e4ndige Kalkulationen und Risiko! Donnerstag, 24.06.2021, 10:00-10:30 Uhr Hatten Sie schonmal eines dieser Probleme? Sie wollen ein Angebot f\u00fcr eine Region abgeben. Ihnen fehlen die Daten, um den logistischen Aufwand abzusch\u00e4tzen. Der Aufwand f\u00fcr die Absch\u00e4tzung ist enorm und Sie behelfen sich mit einfachen Absch\u00e4tzungen. Sie waren [&hellip;]<\/p>\n","protected":false},"author":5,"featured_media":0,"parent":0,"menu_order":0,"comment_status":"closed","ping_status":"closed","template":"","meta":{"footnotes":""},"class_list":["post-8140","page","type-page","status-publish","hentry"],"yoast_head":"<!-- This site is optimized with the Yoast SEO plugin v27.3 - https:\/\/yoast.com\/product\/yoast-seo-wordpress\/ -->\n<title>Wie Entsorgungsunternehmen mehr Ausschreibungen gewinnen - gts<\/title>\n<meta name=\"robots\" content=\"index, follow, max-snippet:-1, max-image-preview:large, max-video-preview:-1\" \/>\n<link rel=\"canonical\" href=\"https:\/\/gts-systems.com\/it\/webinar-entsorgung-ausschreibungen\/\" \/>\n<meta property=\"og:locale\" content=\"it_IT\" \/>\n<meta property=\"og:type\" content=\"article\" \/>\n<meta property=\"og:title\" content=\"Wie Entsorgungsunternehmen mehr Ausschreibungen gewinnen - gts\" \/>\n<meta property=\"og:description\" content=\"Webinar:Wie Entsorgungs-Unternehmen mehr Ausschreibungen gewinnen &#8211; ganz ohne zeitaufw\u00e4ndige Kalkulationen und Risiko! Donnerstag, 24.06.2021, 10:00-10:30 Uhr Hatten Sie schonmal eines dieser Probleme? Sie wollen ein Angebot f\u00fcr eine Region abgeben. Ihnen fehlen die Daten, um den logistischen Aufwand abzusch\u00e4tzen. Der Aufwand f\u00fcr die Absch\u00e4tzung ist enorm und Sie behelfen sich mit einfachen Absch\u00e4tzungen. Sie waren [&hellip;]\" \/>\n<meta property=\"og:url\" content=\"https:\/\/gts-systems.com\/it\/webinar-entsorgung-ausschreibungen\/\" \/>\n<meta property=\"og:site_name\" content=\"gts systems\" \/>\n<meta property=\"article:modified_time\" content=\"2021-06-11T14:24:40+00:00\" \/>\n<meta property=\"og:image\" content=\"https:\/\/gts-systems.com\/wp-content\/uploads\/elementor\/thumbs\/cropped-logogtssystems_0-2-p2donlh7t6m4mp175c8gjby7jlni4w5i1vonv8g8vc.png\" \/>\n<meta name=\"twitter:card\" content=\"summary_large_image\" \/>\n<meta name=\"twitter:label1\" content=\"Tempo di lettura stimato\" \/>\n\t<meta name=\"twitter:data1\" content=\"2 minuti\" \/>\n<!-- \/ Yoast SEO plugin. -->","yoast_head_json":{"title":"Wie Entsorgungsunternehmen mehr Ausschreibungen gewinnen - gts","robots":{"index":"index","follow":"follow","max-snippet":"max-snippet:-1","max-image-preview":"max-image-preview:large","max-video-preview":"max-video-preview:-1"},"canonical":"https:\/\/gts-systems.com\/it\/webinar-entsorgung-ausschreibungen\/","og_locale":"it_IT","og_type":"article","og_title":"Wie Entsorgungsunternehmen mehr Ausschreibungen gewinnen - gts","og_description":"Webinar:Wie Entsorgungs-Unternehmen mehr Ausschreibungen gewinnen &#8211; ganz ohne zeitaufw\u00e4ndige Kalkulationen und Risiko! Donnerstag, 24.06.2021, 10:00-10:30 Uhr Hatten Sie schonmal eines dieser Probleme? Sie wollen ein Angebot f\u00fcr eine Region abgeben. Ihnen fehlen die Daten, um den logistischen Aufwand abzusch\u00e4tzen. Der Aufwand f\u00fcr die Absch\u00e4tzung ist enorm und Sie behelfen sich mit einfachen Absch\u00e4tzungen. Sie waren [&hellip;]","og_url":"https:\/\/gts-systems.com\/it\/webinar-entsorgung-ausschreibungen\/","og_site_name":"gts systems","article_modified_time":"2021-06-11T14:24:40+00:00","og_image":[{"url":"https:\/\/gts-systems.com\/wp-content\/uploads\/elementor\/thumbs\/cropped-logogtssystems_0-2-p2donlh7t6m4mp175c8gjby7jlni4w5i1vonv8g8vc.png","type":"","width":"","height":""}],"twitter_card":"summary_large_image","twitter_misc":{"Tempo di lettura stimato":"2 minuti"},"schema":{"@context":"https:\/\/schema.org","@graph":[{"@type":"WebPage","@id":"https:\/\/gts-systems.com\/webinar-entsorgung-ausschreibungen\/","url":"https:\/\/gts-systems.com\/webinar-entsorgung-ausschreibungen\/","name":"Wie Entsorgungsunternehmen mehr Ausschreibungen gewinnen - gts","isPartOf":{"@id":"https:\/\/gts-systems.com\/#website"},"primaryImageOfPage":{"@id":"https:\/\/gts-systems.com\/webinar-entsorgung-ausschreibungen\/#primaryimage"},"image":{"@id":"https:\/\/gts-systems.com\/webinar-entsorgung-ausschreibungen\/#primaryimage"},"thumbnailUrl":"https:\/\/gts-systems.com\/wp-content\/uploads\/elementor\/thumbs\/cropped-logogtssystems_0-2-p2donlh7t6m4mp175c8gjby7jlni4w5i1vonv8g8vc.png","datePublished":"2021-05-31T08:41:12+00:00","dateModified":"2021-06-11T14:24:40+00:00","breadcrumb":{"@id":"https:\/\/gts-systems.com\/webinar-entsorgung-ausschreibungen\/#breadcrumb"},"inLanguage":"it-IT","potentialAction":[{"@type":"ReadAction","target":["https:\/\/gts-systems.com\/webinar-entsorgung-ausschreibungen\/"]}]},{"@type":"ImageObject","inLanguage":"it-IT","@id":"https:\/\/gts-systems.com\/webinar-entsorgung-ausschreibungen\/#primaryimage","url":"https:\/\/gts-systems.com\/wp-content\/uploads\/elementor\/thumbs\/cropped-logogtssystems_0-2-p2donlh7t6m4mp175c8gjby7jlni4w5i1vonv8g8vc.png","contentUrl":"https:\/\/gts-systems.com\/wp-content\/uploads\/elementor\/thumbs\/cropped-logogtssystems_0-2-p2donlh7t6m4mp175c8gjby7jlni4w5i1vonv8g8vc.png"},{"@type":"BreadcrumbList","@id":"https:\/\/gts-systems.com\/webinar-entsorgung-ausschreibungen\/#breadcrumb","itemListElement":[{"@type":"ListItem","position":1,"name":"Startseite","item":"https:\/\/gts-systems.com\/"},{"@type":"ListItem","position":2,"name":"Webinar-Entsorgung-Ausschreibungen"}]},{"@type":"WebSite","@id":"https:\/\/gts-systems.com\/#website","url":"https:\/\/gts-systems.com\/","name":"gts systems","description":"Ottimizzare ora","publisher":{"@id":"https:\/\/gts-systems.com\/#organization"},"potentialAction":[{"@type":"SearchAction","target":{"@type":"EntryPoint","urlTemplate":"https:\/\/gts-systems.com\/?s={search_term_string}"},"query-input":{"@type":"PropertyValueSpecification","valueRequired":true,"valueName":"search_term_string"}}],"inLanguage":"it-IT"},{"@type":"Organization","@id":"https:\/\/gts-systems.com\/#organization","name":"gts-systems","url":"https:\/\/gts-systems.com\/","logo":{"@type":"ImageObject","inLanguage":"it-IT","@id":"https:\/\/gts-systems.com\/#\/schema\/logo\/image\/","url":"https:\/\/gts-systems.com\/wp-content\/uploads\/2021\/03\/logogtssystems_1.svg","contentUrl":"https:\/\/gts-systems.com\/wp-content\/uploads\/2021\/03\/logogtssystems_1.svg","width":1,"height":1,"caption":"gts-systems"},"image":{"@id":"https:\/\/gts-systems.com\/#\/schema\/logo\/image\/"},"sameAs":["https:\/\/www.linkedin.com\/company\/gts-systems-and-consulting-gmbh"]}]}},"_links":{"self":[{"href":"https:\/\/gts-systems.com\/it\/wp-json\/wp\/v2\/pages\/8140","targetHints":{"allow":["GET"]}}],"collection":[{"href":"https:\/\/gts-systems.com\/it\/wp-json\/wp\/v2\/pages"}],"about":[{"href":"https:\/\/gts-systems.com\/it\/wp-json\/wp\/v2\/types\/page"}],"author":[{"embeddable":true,"href":"https:\/\/gts-systems.com\/it\/wp-json\/wp\/v2\/users\/5"}],"replies":[{"embeddable":true,"href":"https:\/\/gts-systems.com\/it\/wp-json\/wp\/v2\/comments?post=8140"}],"version-history":[{"count":0,"href":"https:\/\/gts-systems.com\/it\/wp-json\/wp\/v2\/pages\/8140\/revisions"}],"wp:attachment":[{"href":"https:\/\/gts-systems.com\/it\/wp-json\/wp\/v2\/media?parent=8140"}],"curies":[{"name":"wp","href":"https:\/\/api.w.org\/{rel}","templated":true}]}}