{"id":3775,"date":"2021-02-16T10:06:46","date_gmt":"2021-02-16T09:06:46","guid":{"rendered":"http:\/\/gts-systems.com\/?page_id=3775"},"modified":"2021-11-08T11:23:12","modified_gmt":"2021-11-08T10:23:12","slug":"approfondimenti-sul-blog","status":"publish","type":"page","link":"https:\/\/gts-systems.com\/it\/blog-insights\/","title":{"rendered":"Blog insights"},"content":{"rendered":"<div data-elementor-type=\"wp-page\" data-elementor-id=\"3775\" class=\"elementor elementor-3775\" data-elementor-post-type=\"page\">\n\t\t\t\t\t\t<section class=\"elementor-section elementor-top-section elementor-element elementor-element-ca42794 elementor-section-boxed elementor-section-height-default elementor-section-height-default\" data-id=\"ca42794\" data-element_type=\"section\" data-e-type=\"section\">\n\t\t\t\t\t\t<div class=\"elementor-container elementor-column-gap-default\">\n\t\t\t\t\t<div class=\"elementor-column elementor-col-100 elementor-top-column elementor-element elementor-element-e78965d\" data-id=\"e78965d\" data-element_type=\"column\" data-e-type=\"column\">\n\t\t\t<div class=\"elementor-widget-wrap elementor-element-populated\">\n\t\t\t\t\t\t<div class=\"elementor-element elementor-element-09c25a4 elementor-widget elementor-widget-heading\" data-id=\"09c25a4\" data-element_type=\"widget\" data-e-type=\"widget\" data-widget_type=\"heading.default\">\n\t\t\t\t<div class=\"elementor-widget-container\">\n\t\t\t\t\t<h2 class=\"elementor-heading-title elementor-size-default\">Il blog di gts insights<\/h2>\t\t\t\t<\/div>\n\t\t\t\t<\/div>\n\t\t\t\t<div class=\"elementor-element elementor-element-1a7fe3e elementor-widget elementor-widget-text-editor\" data-id=\"1a7fe3e\" data-element_type=\"widget\" data-e-type=\"widget\" data-widget_type=\"text-editor.default\">\n\t\t\t\t<div class=\"elementor-widget-container\">\n\t\t\t\t\t\t\t\t\t<p>Benvenuti nel nostro blog. Qui vi forniamo informazioni di base rilevanti, interviste interessanti e argomenti attuali intorno al nostro <a href=\"https:\/\/gts-systems.com\/it\/compagnia\/\">Compagnia.<\/a><\/p><p>Fare clic qui per il blog sulla pianificazione, la logistica dei trasporti e l'ottimizzazione del percorso.<\/p>\t\t\t\t\t\t\t\t<\/div>\n\t\t\t\t<\/div>\n\t\t\t\t<div class=\"elementor-element elementor-element-5992d60 elementor-align-center elementor-widget elementor-widget-button\" data-id=\"5992d60\" data-element_type=\"widget\" data-e-type=\"widget\" data-widget_type=\"button.default\">\n\t\t\t\t<div class=\"elementor-widget-container\">\n\t\t\t\t\t\t\t\t\t<div class=\"elementor-button-wrapper\">\n\t\t\t\t\t<a class=\"elementor-button elementor-button-link elementor-size-md\" href=\"http:\/\/gts-systems.com\/it\/blog\/\">\n\t\t\t\t\t\t<span class=\"elementor-button-content-wrapper\">\n\t\t\t\t\t\t\t\t\t<span class=\"elementor-button-text\">AL BLOG<\/span>\n\t\t\t\t\t<\/span>\n\t\t\t\t\t<\/a>\n\t\t\t\t<\/div>\n\t\t\t\t\t\t\t\t<\/div>\n\t\t\t\t<\/div>\n\t\t\t\t\t<\/div>\n\t\t<\/div>\n\t\t\t\t\t<\/div>\n\t\t<\/section>\n\t\t\t\t<section class=\"elementor-section elementor-top-section elementor-element elementor-element-43f79a2 elementor-section-boxed elementor-section-height-default elementor-section-height-default\" data-id=\"43f79a2\" data-element_type=\"section\" data-e-type=\"section\">\n\t\t\t\t\t\t<div class=\"elementor-container elementor-column-gap-default\">\n\t\t\t\t\t<div class=\"elementor-column elementor-col-100 elementor-top-column elementor-element elementor-element-cc47b97\" data-id=\"cc47b97\" data-element_type=\"column\" data-e-type=\"column\">\n\t\t\t<div class=\"elementor-widget-wrap elementor-element-populated\">\n\t\t\t\t\t\t<div class=\"elementor-element elementor-element-8e8c9a0 elementor-widget elementor-widget-heading\" data-id=\"8e8c9a0\" data-element_type=\"widget\" data-e-type=\"widget\" data-widget_type=\"heading.default\">\n\t\t\t\t<div class=\"elementor-widget-container\">\n\t\t\t\t\t<h2 class=\"elementor-heading-title elementor-size-default\">gts insights<\/h2>\t\t\t\t<\/div>\n\t\t\t\t<\/div>\n\t\t\t\t\t<\/div>\n\t\t<\/div>\n\t\t\t\t\t<\/div>\n\t\t<\/section>\n\t\t\t\t<section class=\"elementor-section elementor-top-section elementor-element elementor-element-c235d4d elementor-section-boxed elementor-section-height-default elementor-section-height-default\" data-id=\"c235d4d\" data-element_type=\"section\" data-e-type=\"section\">\n\t\t\t\t\t\t<div class=\"elementor-container elementor-column-gap-default\">\n\t\t\t\t\t<div class=\"elementor-column elementor-col-100 elementor-top-column elementor-element elementor-element-7205c12\" data-id=\"7205c12\" data-element_type=\"column\" data-e-type=\"column\">\n\t\t\t<div class=\"elementor-widget-wrap elementor-element-populated\">\n\t\t\t\t\t\t<div class=\"elementor-element elementor-element-4b6677f elementor-grid-1 elementor-posts--thumbnail-none elementor-posts--align-left elementor-grid-tablet-1 elementor-grid-mobile-1 elementor-widget elementor-widget-posts\" data-id=\"4b6677f\" data-element_type=\"widget\" data-e-type=\"widget\" data-settings=\"{&quot;classic_columns&quot;:&quot;1&quot;,&quot;classic_columns_tablet&quot;:&quot;1&quot;,&quot;classic_columns_mobile&quot;:&quot;1&quot;,&quot;classic_row_gap&quot;:{&quot;unit&quot;:&quot;px&quot;,&quot;size&quot;:35,&quot;sizes&quot;:[]},&quot;classic_row_gap_tablet&quot;:{&quot;unit&quot;:&quot;px&quot;,&quot;size&quot;:&quot;&quot;,&quot;sizes&quot;:[]},&quot;classic_row_gap_mobile&quot;:{&quot;unit&quot;:&quot;px&quot;,&quot;size&quot;:&quot;&quot;,&quot;sizes&quot;:[]}}\" data-widget_type=\"posts.classic\">\n\t\t\t\t<div class=\"elementor-widget-container\">\n\t\t\t\t\t\t\t<div class=\"elementor-posts-container elementor-posts elementor-posts--skin-classic elementor-grid\" role=\"list\">\n\t\t\t\t<article class=\"elementor-post elementor-grid-item post-19643 post type-post status-publish format-standard hentry category-insights\" role=\"listitem\">\n\t\t\t\t<div class=\"elementor-post__text\">\n\t\t\t\t<h3 class=\"elementor-post__title\">\n\t\t\t<a href=\"https:\/\/gts-systems.com\/it\/insights\/vor-ort-auf-sansibar-warum-uns-die-trude-adler-schule-seit-jahren-am-herzen-liegt\/\" >\n\t\t\t\tSul posto a Zanzibar: perch\u00e9 la scuola Trude Adler ci sta a cuore da anni.\t\t\t<\/a>\n\t\t<\/h3>\n\t\t\t\t<div class=\"elementor-post__excerpt\">\n\t\t\t<p>Per noi di gts l'impegno sociale non \u00e8 un progetto a breve termine, ma una responsabilit\u00e0 a lungo termine. Da molti anni sosteniamo la Trude-Adler-Schule a Zanzibar, una<\/p>\n\t\t<\/div>\n\t\t\n\t\t<a class=\"elementor-post__read-more\" href=\"https:\/\/gts-systems.com\/it\/insights\/vor-ort-auf-sansibar-warum-uns-die-trude-adler-schule-seit-jahren-am-herzen-liegt\/\" aria-label=\"Leggi tutto Vor Ort auf Sansibar: Warum uns die Trude-Adler-Schule seit Jahren am Herzen liegt.\" tabindex=\"-1\" >\n\t\t\tLeggi di pi\u00f9\t\t<\/a>\n\n\t\t\t\t<\/div>\n\t\t\t\t<\/article>\n\t\t\t\t<article class=\"elementor-post elementor-grid-item post-19052 post type-post status-publish format-standard hentry category-insights\" role=\"listitem\">\n\t\t\t\t<div class=\"elementor-post__text\">\n\t\t\t\t<h3 class=\"elementor-post__title\">\n\t\t\t<a href=\"https:\/\/gts-systems.com\/it\/insights\/25-jahre-gts-unser-jubilaeumsausflug-nach-utrecht\/\" >\n\t\t\t\t25 anni di gts \u2013 La nostra gita celebrativa a Utrecht.\t\t\t<\/a>\n\t\t<\/h3>\n\t\t\t\t<div class=\"elementor-post__excerpt\">\n\t\t\t<p>Il 2025 \u00e8 un anno molto speciale per noi: gts festeggia il suo 25\u00b0 anniversario! Un quarto di secolo ricco di innovazione, collaborazione e successi comuni. Non volevamo solo festeggiarlo nel<\/p>\n\t\t<\/div>\n\t\t\n\t\t<a class=\"elementor-post__read-more\" href=\"https:\/\/gts-systems.com\/it\/insights\/25-jahre-gts-unser-jubilaeumsausflug-nach-utrecht\/\" aria-label=\"Leggi tutto 25 Jahre gts &#8211; Unser Jubil\u00e4umsausflug nach Utrecht.\" tabindex=\"-1\" >\n\t\t\tLeggi di pi\u00f9\t\t<\/a>\n\n\t\t\t\t<\/div>\n\t\t\t\t<\/article>\n\t\t\t\t<article class=\"elementor-post elementor-grid-item post-18683 post type-post status-publish format-standard hentry category-insights\" role=\"listitem\">\n\t\t\t\t<div class=\"elementor-post__text\">\n\t\t\t\t<h3 class=\"elementor-post__title\">\n\t\t\t<a href=\"https:\/\/gts-systems.com\/it\/insights\/10-jahre-engagement-gts-beim-oxfam-netzwerktreffen-2025\/\" >\n\t\t\t\t10 anni di impegno: i gts all'incontro della Rete Oxfam 2025.\t\t\t<\/a>\n\t\t<\/h3>\n\t\t\t\t<div class=\"elementor-post__excerpt\">\n\t\t\t<p>Pensare in modo economico. Agire globalmente. All'incontro della Rete 2025 di Oxfam Germania, i membri provenienti da tutta la Germania si sono riuniti per scambiare idee, imparare gli uni dagli altri - e insieme<\/p>\n\t\t<\/div>\n\t\t\n\t\t<a class=\"elementor-post__read-more\" href=\"https:\/\/gts-systems.com\/it\/insights\/10-jahre-engagement-gts-beim-oxfam-netzwerktreffen-2025\/\" aria-label=\"Leggi tutto 10 Jahre Engagement: gts beim Oxfam-Netzwerktreffen 2025.\" tabindex=\"-1\" >\n\t\t\tLeggi di pi\u00f9\t\t<\/a>\n\n\t\t\t\t<\/div>\n\t\t\t\t<\/article>\n\t\t\t\t<article class=\"elementor-post elementor-grid-item post-18287 post type-post status-publish format-standard hentry category-insights\" role=\"listitem\">\n\t\t\t\t<div class=\"elementor-post__text\">\n\t\t\t\t<h3 class=\"elementor-post__title\">\n\t\t\t<a href=\"https:\/\/gts-systems.com\/it\/insights\/gemeinsam-durch-den-schlamm-wie-unsere-teilnahme-an-den-mud-masters-unseren-teamgeist-gestaerkt-hat\/\" >\n\t\t\t\tAttraverso il fango insieme - Come la nostra partecipazione al Mud Masters ha rafforzato il nostro spirito di squadra\t\t\t<\/a>\n\t\t<\/h3>\n\t\t\t\t<div class=\"elementor-post__excerpt\">\n\t\t\t<p>Nel 2023 e nel 2024, i nostri colleghi hanno accettato la sfida dei Mud Masters. Questo evento, ispirato alle unit\u00e0 di addestramento militari, offre uno spettacolare<\/p>\n\t\t<\/div>\n\t\t\n\t\t<a class=\"elementor-post__read-more\" href=\"https:\/\/gts-systems.com\/it\/insights\/gemeinsam-durch-den-schlamm-wie-unsere-teilnahme-an-den-mud-masters-unseren-teamgeist-gestaerkt-hat\/\" aria-label=\"Leggi tutto Gemeinsam durch den Schlamm \u2013 Wie unsere Teilnahme an den Mud Masters unseren Teamgeist gest\u00e4rkt hat\" tabindex=\"-1\" >\n\t\t\tLeggi di pi\u00f9\t\t<\/a>\n\n\t\t\t\t<\/div>\n\t\t\t\t<\/article>\n\t\t\t\t<article class=\"elementor-post elementor-grid-item post-15680 post type-post status-publish format-standard hentry category-insights\" role=\"listitem\">\n\t\t\t\t<div class=\"elementor-post__text\">\n\t\t\t\t<h3 class=\"elementor-post__title\">\n\t\t\t<a href=\"https:\/\/gts-systems.com\/it\/insights\/sommerdinner-2023-kulinarischer-genuss-wein-und-viele-gespraeche\/\" >\n\t\t\t\tCena estiva 2023: Delizie culinarie, vino e tanta conversazione\t\t\t<\/a>\n\t\t<\/h3>\n\t\t\t\t<div class=\"elementor-post__excerpt\">\n\t\t\t<p>L'estate \u00e8 il momento perfetto per godersi una serata insieme. Ed \u00e8 proprio quello che abbiamo fatto di recente alla nostra Cena d'Estate 2023.<\/p>\n\t\t<\/div>\n\t\t\n\t\t<a class=\"elementor-post__read-more\" href=\"https:\/\/gts-systems.com\/it\/insights\/sommerdinner-2023-kulinarischer-genuss-wein-und-viele-gespraeche\/\" aria-label=\"Leggi tutto Sommerdinner 2023: Kulinarischer Genuss, Wein und viele Gespr\u00e4che\" tabindex=\"-1\" >\n\t\t\tLeggi di pi\u00f9\t\t<\/a>\n\n\t\t\t\t<\/div>\n\t\t\t\t<\/article>\n\t\t\t\t<article class=\"elementor-post elementor-grid-item post-14783 post type-post status-publish format-standard hentry category-insights\" role=\"listitem\">\n\t\t\t\t<div class=\"elementor-post__text\">\n\t\t\t\t<h3 class=\"elementor-post__title\">\n\t\t\t<a href=\"https:\/\/gts-systems.com\/it\/insights\/nachhaltige-humanitaere-arbeit-und-warum-gts-sich-dafuer-einsetzt\/\" >\n\t\t\t\tIl lavoro umanitario sostenibile e il perch\u00e9 dell'impegno di gts\t\t\t<\/a>\n\t\t<\/h3>\n\t\t\t\t<div class=\"elementor-post__excerpt\">\n\t\t\t<p>\"Quando le crisi diventano perpetue, anche il sostegno deve diventare costante e sostenibile\". Con questo motto, l'organizzazione internazionale di soccorso e sviluppo Oxfam ha risposto alla situazione di emergenza.<\/p>\n\t\t<\/div>\n\t\t\n\t\t<a class=\"elementor-post__read-more\" href=\"https:\/\/gts-systems.com\/it\/insights\/nachhaltige-humanitaere-arbeit-und-warum-gts-sich-dafuer-einsetzt\/\" aria-label=\"Leggi tutto Nachhaltige humanit\u00e4re Arbeit und warum gts sich daf\u00fcr einsetzt\" tabindex=\"-1\" >\n\t\t\tLeggi di pi\u00f9\t\t<\/a>\n\n\t\t\t\t<\/div>\n\t\t\t\t<\/article>\n\t\t\t\t<article class=\"elementor-post elementor-grid-item post-13927 post type-post status-publish format-standard hentry category-insights\" role=\"listitem\">\n\t\t\t\t<div class=\"elementor-post__text\">\n\t\t\t\t<h3 class=\"elementor-post__title\">\n\t\t\t<a href=\"https:\/\/gts-systems.com\/it\/insights\/die-gts-all-stars-starten-wieder-durch\/\" >\n\t\t\t\tIl gts All Stars decolla di nuovo\t\t\t<\/a>\n\t\t<\/h3>\n\t\t\t\t<div class=\"elementor-post__excerpt\">\n\t\t\t<p>Quest'anno le cose si sono fatte particolarmente sportive in gts. Dopo una pausa di due anni, le All Stars di gts hanno partecipato nuovamente alla B2Run e alla corsa aziendale di Aquisgrana.<\/p>\n\t\t<\/div>\n\t\t\n\t\t<a class=\"elementor-post__read-more\" href=\"https:\/\/gts-systems.com\/it\/insights\/die-gts-all-stars-starten-wieder-durch\/\" aria-label=\"Leggi tutto Die gts All Stars starten wieder durch\" tabindex=\"-1\" >\n\t\t\tLeggi di pi\u00f9\t\t<\/a>\n\n\t\t\t\t<\/div>\n\t\t\t\t<\/article>\n\t\t\t\t<article class=\"elementor-post elementor-grid-item post-12931 post type-post status-publish format-standard hentry category-insights\" role=\"listitem\">\n\t\t\t\t<div class=\"elementor-post__text\">\n\t\t\t\t<h3 class=\"elementor-post__title\">\n\t\t\t<a href=\"https:\/\/gts-systems.com\/it\/insights\/action-genuss-und-dialog-auf-der-gts-firmenfeier-2022\/\" >\n\t\t\t\tAzione, piacere e dialogo alla festa aziendale gts 2022\t\t\t<\/a>\n\t\t<\/h3>\n\t\t\t\t<div class=\"elementor-post__excerpt\">\n\t\t\t<p>Tutto \u00e8 iniziato alla Powerarea kart hall di Lemiers. 3,2,1, via! In occasione della festa aziendale di gts del 15 agosto, i dipendenti hanno potuto dimostrare le loro competenze in materia di<\/p>\n\t\t<\/div>\n\t\t\n\t\t<a class=\"elementor-post__read-more\" href=\"https:\/\/gts-systems.com\/it\/insights\/action-genuss-und-dialog-auf-der-gts-firmenfeier-2022\/\" aria-label=\"Leggi tutto Action, Genuss und Dialog auf der gts-Firmenfeier 2022\" tabindex=\"-1\" >\n\t\t\tLeggi di pi\u00f9\t\t<\/a>\n\n\t\t\t\t<\/div>\n\t\t\t\t<\/article>\n\t\t\t\t<article class=\"elementor-post elementor-grid-item post-11070 post type-post status-publish format-standard hentry category-insights\" role=\"listitem\">\n\t\t\t\t<div class=\"elementor-post__text\">\n\t\t\t\t<h3 class=\"elementor-post__title\">\n\t\t\t<a href=\"https:\/\/gts-systems.com\/it\/insights\/matse-absolvent-bei-gts-vielseitig-spannend-selbststaendig\/\" >\n\t\t\t\tLaureato in MATSE a gts - versatile, eccitante, indipendente\t\t\t<\/a>\n\t\t<\/h3>\n\t\t\t\t<div class=\"elementor-post__excerpt\">\n\t\t\t<p>La laurea \u00e8 presto fatta e sei pronto per il prossimo passo? Ti senti a casa in matematica e informatica? Se ora<\/p>\n\t\t<\/div>\n\t\t\n\t\t<a class=\"elementor-post__read-more\" href=\"https:\/\/gts-systems.com\/it\/insights\/matse-absolvent-bei-gts-vielseitig-spannend-selbststaendig\/\" aria-label=\"Leggi tutto MATSE-Absolvent bei gts \u2013 vielseitig, spannend, selbstst\u00e4ndig\" tabindex=\"-1\" >\n\t\t\tLeggi di pi\u00f9\t\t<\/a>\n\n\t\t\t\t<\/div>\n\t\t\t\t<\/article>\n\t\t\t\t<article class=\"elementor-post elementor-grid-item post-1648 post type-post status-publish format-standard hentry category-insights\" role=\"listitem\">\n\t\t\t\t<div class=\"elementor-post__text\">\n\t\t\t\t<h3 class=\"elementor-post__title\">\n\t\t\t<a href=\"https:\/\/gts-systems.com\/it\/insights\/ausnahmsweise-ohne-tourenplanung-ans-ziel\/\" >\n\t\t\t\tEccezionalmente senza pianificazione del percorso verso la destinazione\t\t\t<\/a>\n\t\t<\/h3>\n\t\t\t\t<div class=\"elementor-post__excerpt\">\n\t\t\t<p>\"Aachen cerca la compagnia pi\u00f9 sportiva dell'Euregio\" - Ramona Richter, Gereon B\u00fcrvenich, Jonas Sch\u00fcppen, Roy Hermanns, Tore Gr\u00fcnert e Michael Th\u00e4rigen sono stati felici di accettare questa sfida.<\/p>\n\t\t<\/div>\n\t\t\n\t\t<a class=\"elementor-post__read-more\" href=\"https:\/\/gts-systems.com\/it\/insights\/ausnahmsweise-ohne-tourenplanung-ans-ziel\/\" aria-label=\"Leggi tutto Ausnahmsweise ohne Tourenplanung ans Ziel\" tabindex=\"-1\" >\n\t\t\tLeggi di pi\u00f9\t\t<\/a>\n\n\t\t\t\t<\/div>\n\t\t\t\t<\/article>\n\t\t\t\t<article class=\"elementor-post elementor-grid-item post-1675 post type-post status-publish format-standard hentry category-insights\" role=\"listitem\">\n\t\t\t\t<div class=\"elementor-post__text\">\n\t\t\t\t<h3 class=\"elementor-post__title\">\n\t\t\t<a href=\"https:\/\/gts-systems.com\/it\/insights\/hauptstrasse-schulstrasse-und-gartenstrasse-sind-die-haeufigsten-strassennamen\/\" >\n\t\t\t\tHauptstra\u00dfe, Schulstra\u00dfe e Gartenstra\u00dfe sono i nomi pi\u00f9 comuni delle strade\t\t\t<\/a>\n\t\t<\/h3>\n\t\t\t\t<div class=\"elementor-post__excerpt\">\n\t\t\t<p>Qui, il nome (si spera) dice tutto. Quando si tratta di nomi di strade, i tedeschi non sono esattamente creativi. Se cercate i nomi delle strade pi\u00f9 comuni, troverete che<\/p>\n\t\t<\/div>\n\t\t\n\t\t<a class=\"elementor-post__read-more\" href=\"https:\/\/gts-systems.com\/it\/insights\/hauptstrasse-schulstrasse-und-gartenstrasse-sind-die-haeufigsten-strassennamen\/\" aria-label=\"Leggi tutto Hauptstra\u00dfe, Schulstra\u00dfe und Gartenstra\u00dfe sind die h\u00e4ufigsten Stra\u00dfennamen\" tabindex=\"-1\" >\n\t\t\tLeggi di pi\u00f9\t\t<\/a>\n\n\t\t\t\t<\/div>\n\t\t\t\t<\/article>\n\t\t\t\t<article class=\"elementor-post elementor-grid-item post-1668 post type-post status-publish format-standard hentry category-insights\" role=\"listitem\">\n\t\t\t\t<div class=\"elementor-post__text\">\n\t\t\t\t<h3 class=\"elementor-post__title\">\n\t\t\t<a href=\"https:\/\/gts-systems.com\/it\/insights\/mit-2-abschluessen-in-3-jahren-habe-ich-sehr-gute-perspektiven\/\" >\n\t\t\t\t\"Con 2 lauree in 3 anni, ho ottime prospettive\".\t\t\t<\/a>\n\t\t<\/h3>\n\t\t\t\t<div class=\"elementor-post__excerpt\">\n\t\t\t<p>Jonas Sch\u00fcppen ha sviluppato un display di mappe per la pianificazione delle aree e dei tour. Jonas Sch\u00fcppen sta studiando \"Programmazione scientifica\" nel programma di doppia laurea alla FH Aachen e sta facendo<\/p>\n\t\t<\/div>\n\t\t\n\t\t<a class=\"elementor-post__read-more\" href=\"https:\/\/gts-systems.com\/it\/insights\/mit-2-abschluessen-in-3-jahren-habe-ich-sehr-gute-perspektiven\/\" aria-label=\"Leggi tutto \u201eMit 2 Abschl\u00fcssen in 3 Jahren habe ich sehr gute Perspektiven.\u201c\" tabindex=\"-1\" >\n\t\t\tLeggi di pi\u00f9\t\t<\/a>\n\n\t\t\t\t<\/div>\n\t\t\t\t<\/article>\n\t\t\t\t<\/div>\n\t\t\n\t\t\t\t\t\t<\/div>\n\t\t\t\t<\/div>\n\t\t\t\t\t<\/div>\n\t\t<\/div>\n\t\t\t\t\t<\/div>\n\t\t<\/section>\n\t\t\t\t<\/div>","protected":false},"excerpt":{"rendered":"<p>Der gts insights Blog Willkommen in unserem Blog. Hier liefern wir Ihnen relevante Hintergrundinformationen, interessante Interviews und aktuelle Themen rund um unser Unternehmen. Hier gelangen Sie zur\u00fcck zum Tourenplanung, Transportlogistik und Tourenoptimierung Blog. ZUM BLOG gts insights<\/p>","protected":false},"author":5,"featured_media":0,"parent":0,"menu_order":0,"comment_status":"closed","ping_status":"closed","template":"","meta":{"footnotes":""},"class_list":["post-3775","page","type-page","status-publish","hentry"],"yoast_head":"<!-- This site is optimized with the Yoast SEO plugin v27.3 - https:\/\/yoast.com\/product\/yoast-seo-wordpress\/ -->\n<title>Blog insights - gts systems<\/title>\n<meta name=\"robots\" content=\"index, follow, max-snippet:-1, max-image-preview:large, max-video-preview:-1\" \/>\n<link rel=\"canonical\" href=\"https:\/\/gts-systems.com\/it\/approfondimenti-sul-blog\/\" \/>\n<meta property=\"og:locale\" content=\"it_IT\" \/>\n<meta property=\"og:type\" content=\"article\" \/>\n<meta property=\"og:title\" content=\"Blog insights - gts systems\" \/>\n<meta property=\"og:description\" content=\"Der gts insights Blog Willkommen in unserem Blog. Hier liefern wir Ihnen relevante Hintergrundinformationen, interessante Interviews und aktuelle Themen rund um unser Unternehmen. Hier gelangen Sie zur\u00fcck zum Tourenplanung, Transportlogistik und Tourenoptimierung Blog. ZUM BLOG gts insights\" \/>\n<meta property=\"og:url\" content=\"https:\/\/gts-systems.com\/it\/approfondimenti-sul-blog\/\" \/>\n<meta property=\"og:site_name\" content=\"gts systems\" \/>\n<meta property=\"article:modified_time\" content=\"2021-11-08T10:23:12+00:00\" \/>\n<meta name=\"twitter:card\" content=\"summary_large_image\" \/>\n<meta name=\"twitter:label1\" content=\"Tempo di lettura stimato\" \/>\n\t<meta name=\"twitter:data1\" content=\"1 minuto\" \/>\n<!-- \/ Yoast SEO plugin. -->","yoast_head_json":{"title":"Blog insights - gts systems","robots":{"index":"index","follow":"follow","max-snippet":"max-snippet:-1","max-image-preview":"max-image-preview:large","max-video-preview":"max-video-preview:-1"},"canonical":"https:\/\/gts-systems.com\/it\/approfondimenti-sul-blog\/","og_locale":"it_IT","og_type":"article","og_title":"Blog insights - gts systems","og_description":"Der gts insights Blog Willkommen in unserem Blog. Hier liefern wir Ihnen relevante Hintergrundinformationen, interessante Interviews und aktuelle Themen rund um unser Unternehmen. Hier gelangen Sie zur\u00fcck zum Tourenplanung, Transportlogistik und Tourenoptimierung Blog. ZUM BLOG gts insights","og_url":"https:\/\/gts-systems.com\/it\/approfondimenti-sul-blog\/","og_site_name":"gts systems","article_modified_time":"2021-11-08T10:23:12+00:00","twitter_card":"summary_large_image","twitter_misc":{"Tempo di lettura stimato":"1 minuto"},"schema":{"@context":"https:\/\/schema.org","@graph":[{"@type":"WebPage","@id":"https:\/\/gts-systems.com\/it\/approfondimenti-sul-blog\/","url":"https:\/\/gts-systems.com\/it\/approfondimenti-sul-blog\/","name":"Blog insights - gts systems","isPartOf":{"@id":"https:\/\/gts-systems.com\/#website"},"datePublished":"2021-02-16T09:06:46+00:00","dateModified":"2021-11-08T10:23:12+00:00","breadcrumb":{"@id":"https:\/\/gts-systems.com\/it\/approfondimenti-sul-blog\/#breadcrumb"},"inLanguage":"it-IT","potentialAction":[{"@type":"ReadAction","target":["https:\/\/gts-systems.com\/it\/approfondimenti-sul-blog\/"]}]},{"@type":"BreadcrumbList","@id":"https:\/\/gts-systems.com\/it\/approfondimenti-sul-blog\/#breadcrumb","itemListElement":[{"@type":"ListItem","position":1,"name":"Startseite","item":"https:\/\/gts-systems.com\/"},{"@type":"ListItem","position":2,"name":"Blog insights"}]},{"@type":"WebSite","@id":"https:\/\/gts-systems.com\/#website","url":"https:\/\/gts-systems.com\/","name":"gts systems","description":"Ottimizzare ora","publisher":{"@id":"https:\/\/gts-systems.com\/#organization"},"potentialAction":[{"@type":"SearchAction","target":{"@type":"EntryPoint","urlTemplate":"https:\/\/gts-systems.com\/?s={search_term_string}"},"query-input":{"@type":"PropertyValueSpecification","valueRequired":true,"valueName":"search_term_string"}}],"inLanguage":"it-IT"},{"@type":"Organization","@id":"https:\/\/gts-systems.com\/#organization","name":"gts-systems","url":"https:\/\/gts-systems.com\/","logo":{"@type":"ImageObject","inLanguage":"it-IT","@id":"https:\/\/gts-systems.com\/#\/schema\/logo\/image\/","url":"https:\/\/gts-systems.com\/wp-content\/uploads\/2021\/03\/logogtssystems_1.svg","contentUrl":"https:\/\/gts-systems.com\/wp-content\/uploads\/2021\/03\/logogtssystems_1.svg","width":1,"height":1,"caption":"gts-systems"},"image":{"@id":"https:\/\/gts-systems.com\/#\/schema\/logo\/image\/"},"sameAs":["https:\/\/www.linkedin.com\/company\/gts-systems-and-consulting-gmbh"]}]}},"_links":{"self":[{"href":"https:\/\/gts-systems.com\/it\/wp-json\/wp\/v2\/pages\/3775","targetHints":{"allow":["GET"]}}],"collection":[{"href":"https:\/\/gts-systems.com\/it\/wp-json\/wp\/v2\/pages"}],"about":[{"href":"https:\/\/gts-systems.com\/it\/wp-json\/wp\/v2\/types\/page"}],"author":[{"embeddable":true,"href":"https:\/\/gts-systems.com\/it\/wp-json\/wp\/v2\/users\/5"}],"replies":[{"embeddable":true,"href":"https:\/\/gts-systems.com\/it\/wp-json\/wp\/v2\/comments?post=3775"}],"version-history":[{"count":0,"href":"https:\/\/gts-systems.com\/it\/wp-json\/wp\/v2\/pages\/3775\/revisions"}],"wp:attachment":[{"href":"https:\/\/gts-systems.com\/it\/wp-json\/wp\/v2\/media?parent=3775"}],"curies":[{"name":"wp","href":"https:\/\/api.w.org\/{rel}","templated":true}]}}