{"id":2476,"date":"2021-01-15T17:40:33","date_gmt":"2021-01-15T16:40:33","guid":{"rendered":"http:\/\/gts-systems.com\/?page_id=2476"},"modified":"2026-03-19T14:30:18","modified_gmt":"2026-03-19T13:30:18","slug":"transit-mobile-protezione-dei-dati","status":"publish","type":"page","link":"https:\/\/gts-systems.com\/it\/transit-mobile-datenschutz\/","title":{"rendered":"transit-mobile-datenschutz"},"content":{"rendered":"<div data-elementor-type=\"wp-page\" data-elementor-id=\"2476\" class=\"elementor elementor-2476\" data-elementor-post-type=\"page\">\n\t\t\t\t\t\t<section class=\"elementor-section elementor-top-section elementor-element elementor-element-9d055a3 elementor-section-full_width elementor-section-stretched elementor-section-height-default elementor-section-height-default\" data-id=\"9d055a3\" data-element_type=\"section\" data-e-type=\"section\" data-settings=\"{&quot;stretch_section&quot;:&quot;section-stretched&quot;,&quot;background_background&quot;:&quot;classic&quot;}\">\n\t\t\t\t\t\t<div class=\"elementor-container elementor-column-gap-default\">\n\t\t\t\t\t<div class=\"elementor-column elementor-col-100 elementor-top-column elementor-element elementor-element-39eb1cff\" data-id=\"39eb1cff\" data-element_type=\"column\" data-e-type=\"column\">\n\t\t\t<div class=\"elementor-widget-wrap\">\n\t\t\t\t\t\t\t<\/div>\n\t\t<\/div>\n\t\t\t\t\t<\/div>\n\t\t<\/section>\n\t\t\t\t<section class=\"elementor-section elementor-top-section elementor-element elementor-element-7ce52fbd elementor-section-boxed elementor-section-height-default elementor-section-height-default\" data-id=\"7ce52fbd\" data-element_type=\"section\" data-e-type=\"section\">\n\t\t\t\t\t\t<div class=\"elementor-container elementor-column-gap-default\">\n\t\t\t\t\t<div class=\"elementor-column elementor-col-100 elementor-top-column elementor-element elementor-element-b2c7b22\" data-id=\"b2c7b22\" data-element_type=\"column\" data-e-type=\"column\">\n\t\t\t<div class=\"elementor-widget-wrap elementor-element-populated\">\n\t\t\t\t\t\t<div class=\"elementor-element elementor-element-519d7d2c elementor-widget elementor-widget-heading\" data-id=\"519d7d2c\" data-element_type=\"widget\" data-e-type=\"widget\" data-widget_type=\"heading.default\">\n\t\t\t\t<div class=\"elementor-widget-container\">\n\t\t\t\t\t<h2 class=\"elementor-heading-title elementor-size-xxl\">Datenschutzerkl\u00e4rung TransIT Mobile und TransIT Mobile+.<\/h2>\t\t\t\t<\/div>\n\t\t\t\t<\/div>\n\t\t\t\t<div class=\"elementor-element elementor-element-7cbe4119 elementor-widget elementor-widget-text-editor\" data-id=\"7cbe4119\" data-element_type=\"widget\" data-e-type=\"widget\" data-widget_type=\"text-editor.default\">\n\t\t\t\t<div class=\"elementor-widget-container\">\n\t\t\t\t\t\t\t\t\t<p>Grazie per il suo interesse nella nostra soluzione telematica. Come gestore di questa applicazione, prendiamo molto sul serio la protezione dei vostri dati personali. Trattiamo i vostri dati personali in modo confidenziale e nel rispetto delle norme di legge sulla protezione dei dati e della presente dichiarazione sulla protezione dei dati.<\/p>\t\t\t\t\t\t\t\t<\/div>\n\t\t\t\t<\/div>\n\t\t\t\t<div class=\"elementor-element elementor-element-7f4261fc elementor-widget elementor-widget-heading\" data-id=\"7f4261fc\" data-element_type=\"widget\" data-e-type=\"widget\" data-widget_type=\"heading.default\">\n\t\t\t\t<div class=\"elementor-widget-container\">\n\t\t\t\t\t<h3 class=\"elementor-heading-title elementor-size-xl\">1. Organo responsabile e contatto<\/h3>\t\t\t\t<\/div>\n\t\t\t\t<\/div>\n\t\t\t\t<div class=\"elementor-element elementor-element-42cb12c elementor-widget elementor-widget-text-editor\" data-id=\"42cb12c\" data-element_type=\"widget\" data-e-type=\"widget\" data-widget_type=\"text-editor.default\">\n\t\t\t\t<div class=\"elementor-widget-container\">\n\t\t\t\t\t\t\t\t\t<p>Die verantwortliche Stelle im Sinne der Datenschutzgesetze ist die GTS Systems and Consulting GmbH, Uersfeld 24 52072 Aachen. Unseren Datenschutzbeauftragten erreichen Sie unter <a href=\"mailto:datenschutz@gts-systems.de\">datenschutz@gts-systems.de<\/a> oder unserer Postadresse mit dem Zusatz \u201eder Datenschutzbeauftragte\u201d.<\/p>\t\t\t\t\t\t\t\t<\/div>\n\t\t\t\t<\/div>\n\t\t\t\t<div class=\"elementor-element elementor-element-fa65cdc elementor-widget elementor-widget-heading\" data-id=\"fa65cdc\" data-element_type=\"widget\" data-e-type=\"widget\" data-widget_type=\"heading.default\">\n\t\t\t\t<div class=\"elementor-widget-container\">\n\t\t\t\t\t<h3 class=\"elementor-heading-title elementor-size-xl\">2. Principi di protezione dei dati<\/h3>\t\t\t\t<\/div>\n\t\t\t\t<\/div>\n\t\t\t\t<div class=\"elementor-element elementor-element-1b459ee elementor-widget elementor-widget-text-editor\" data-id=\"1b459ee\" data-element_type=\"widget\" data-e-type=\"widget\" data-widget_type=\"text-editor.default\">\n\t\t\t\t<div class=\"elementor-widget-container\">\n\t\t\t\t\t\t\t\t\t<p>GTS Systems and Consulting GmbH progetta il suo software in modo tale che i dati personali siano raccolti solo nella misura assolutamente necessaria per l'uso contrattuale del software.<\/p><div class=\"text-block left\"><div class=\"copytext\"><p>L'applicazione raccoglie i seguenti dati, definiti come personali: la posizione attuale e le foto, ognuna con la marca temporale associata.<\/p><\/div><\/div>\t\t\t\t\t\t\t\t<\/div>\n\t\t\t\t<\/div>\n\t\t\t\t<div class=\"elementor-element elementor-element-b1b9536 elementor-widget elementor-widget-heading\" data-id=\"b1b9536\" data-element_type=\"widget\" data-e-type=\"widget\" data-widget_type=\"heading.default\">\n\t\t\t\t<div class=\"elementor-widget-container\">\n\t\t\t\t\t<h3 class=\"elementor-heading-title elementor-size-xl\">3. Partecipanti e termini<\/h3>\t\t\t\t<\/div>\n\t\t\t\t<\/div>\n\t\t\t\t<div class=\"elementor-element elementor-element-785e642 elementor-widget elementor-widget-text-editor\" data-id=\"785e642\" data-element_type=\"widget\" data-e-type=\"widget\" data-widget_type=\"text-editor.default\">\n\t\t\t\t<div class=\"elementor-widget-container\">\n\t\t\t\t\t\t\t\t\t<p>Le seguenti parti sono interessate dall'uso dell'applicazione:<\/p><p>La societ\u00e0 GTS Systems and Consulting GmbH \u00e8 il creatore dell'applicazione e gestisce i server cloud per supportare lo scambio di dati.<\/p><p>Il partner contrattuale di GTS che utilizza il software \"TransIT\", di seguito denominato cliente.<\/p><p>L'utente dell'app, che di solito \u00e8 un dipendente del cliente.<\/p><p>Terze parti non menzionate nei termini del contratto.<\/p>\t\t\t\t\t\t\t\t<\/div>\n\t\t\t\t<\/div>\n\t\t\t\t<div class=\"elementor-element elementor-element-dca8ae2 elementor-widget elementor-widget-heading\" data-id=\"dca8ae2\" data-element_type=\"widget\" data-e-type=\"widget\" data-widget_type=\"heading.default\">\n\t\t\t\t<div class=\"elementor-widget-container\">\n\t\t\t\t\t<h3 class=\"elementor-heading-title elementor-size-xl\">4. Dati raccolti<\/h3>\t\t\t\t<\/div>\n\t\t\t\t<\/div>\n\t\t\t\t<div class=\"elementor-element elementor-element-b36215b elementor-widget elementor-widget-heading\" data-id=\"b36215b\" data-element_type=\"widget\" data-e-type=\"widget\" data-widget_type=\"heading.default\">\n\t\t\t\t<div class=\"elementor-widget-container\">\n\t\t\t\t\t<h3 class=\"elementor-heading-title elementor-size-xl\">4.1 Dati raccolti durante il download<\/h3>\t\t\t\t<\/div>\n\t\t\t\t<\/div>\n\t\t\t\t<div class=\"elementor-element elementor-element-08e3b7e elementor-widget elementor-widget-text-editor\" data-id=\"08e3b7e\" data-element_type=\"widget\" data-e-type=\"widget\" data-widget_type=\"text-editor.default\">\n\t\t\t\t<div class=\"elementor-widget-container\">\n\t\t\t\t\t\t\t\t\t<p>Al momento del download dell'app, alcune informazioni necessarie vengono trasmesse all'app store che avete scelto (ad esempio Google Play o Apple App Store), in particolare il nome utente, l'indirizzo e-mail, il numero cliente del vostro account, il momento del download, le informazioni sul pagamento e il codice del singolo dispositivo possono essere elaborati. Questi dati vengono elaborati esclusivamente dal rispettivo app store e sono al di fuori della nostra sfera di influenza.<\/p>\t\t\t\t\t\t\t\t<\/div>\n\t\t\t\t<\/div>\n\t\t\t\t<div class=\"elementor-element elementor-element-971db2f elementor-widget elementor-widget-heading\" data-id=\"971db2f\" data-element_type=\"widget\" data-e-type=\"widget\" data-widget_type=\"heading.default\">\n\t\t\t\t<div class=\"elementor-widget-container\">\n\t\t\t\t\t<h3 class=\"elementor-heading-title elementor-size-xl\">4.2 La posizione corrente<\/h3>\t\t\t\t<\/div>\n\t\t\t\t<\/div>\n\t\t\t\t<div class=\"elementor-element elementor-element-3258809 elementor-widget elementor-widget-text-editor\" data-id=\"3258809\" data-element_type=\"widget\" data-e-type=\"widget\" data-widget_type=\"text-editor.default\">\n\t\t\t\t<div class=\"elementor-widget-container\">\n\t\t\t\t\t\t\t\t\t<p>Una delle funzionalit\u00e0 di base dell'app \u00e8 che la posizione attuale dello smartphone viene registrata e trasmessa all'installazione TransIT del cliente. I dati di localizzazione vengono registrati anche quando l'app non \u00e8 in primo piano.<\/p><p>Il trasferimento avviene in diverse fasi:<\/p><p>I dati di localizzazione sono registrati sullo smartphone e trasferiti a un server cloud. I dati rimangono sullo smartphone finch\u00e9 non vengono trasferiti. Dopo il trasferimento, i dati saranno cancellati sullo smartphone dopo un determinato periodo di tempo. Questo periodo pu\u00f2 essere impostato nelle impostazioni dell'app.<\/p><p>L'installazione TransIT richiede i dati di localizzazione a intervalli regolari dal server cloud a cui i dati sono stati trasferiti. Dopo l'interrogazione riuscita, i dati rimangono sul server cloud per un massimo di una settimana.<\/p><p>Nell'installazione TransIT, il cliente ha il controllo dei dati.<\/p>\t\t\t\t\t\t\t\t<\/div>\n\t\t\t\t<\/div>\n\t\t\t\t<div class=\"elementor-element elementor-element-9858f52 elementor-widget elementor-widget-heading\" data-id=\"9858f52\" data-element_type=\"widget\" data-e-type=\"widget\" data-widget_type=\"heading.default\">\n\t\t\t\t<div class=\"elementor-widget-container\">\n\t\t\t\t\t<h3 class=\"elementor-heading-title elementor-size-xl\">4.3 foto<\/h3>\t\t\t\t<\/div>\n\t\t\t\t<\/div>\n\t\t\t\t<div class=\"elementor-element elementor-element-d7d024a elementor-widget elementor-widget-text-editor\" data-id=\"d7d024a\" data-element_type=\"widget\" data-e-type=\"widget\" data-widget_type=\"text-editor.default\">\n\t\t\t\t<div class=\"elementor-widget-container\">\n\t\t\t\t\t\t\t\t\t<p class=\"translation-block\">\u00c8 una funzionalit\u00e0 opzionale che l'utente dell'app pu\u00f2 scattare foto. Le foto scattate dall'app vengono trasferite a un server cloud. Dopo il trasferimento, le foto sullo smartphone vengono cancellate immediatamente. <br> <br> Le foto su questo server cloud vengono cancellate dopo un anno. <br> <br> L'installazione TransIT richiede le foto dal cloud a intervalli regolari -Server. Tuttavia, solo i collegamenti generalmente accessibili e randomizzati alle foto memorizzate sono trasmessi.<\/p>\t\t\t\t\t\t\t\t<\/div>\n\t\t\t\t<\/div>\n\t\t\t\t<div class=\"elementor-element elementor-element-9aafdd1 elementor-widget elementor-widget-heading\" data-id=\"9aafdd1\" data-element_type=\"widget\" data-e-type=\"widget\" data-widget_type=\"heading.default\">\n\t\t\t\t<div class=\"elementor-widget-container\">\n\t\t\t\t\t<h3 class=\"elementor-heading-title elementor-size-xl\">5. Sicurezza dei dati<\/h3>\t\t\t\t<\/div>\n\t\t\t\t<\/div>\n\t\t\t\t<div class=\"elementor-element elementor-element-168e670 elementor-widget elementor-widget-heading\" data-id=\"168e670\" data-element_type=\"widget\" data-e-type=\"widget\" data-widget_type=\"heading.default\">\n\t\t\t\t<div class=\"elementor-widget-container\">\n\t\t\t\t\t<h3 class=\"elementor-heading-title elementor-size-xl\">5.1 Canali di comunicazione<\/h3>\t\t\t\t<\/div>\n\t\t\t\t<\/div>\n\t\t\t\t<div class=\"elementor-element elementor-element-716f537 elementor-widget elementor-widget-text-editor\" data-id=\"716f537\" data-element_type=\"widget\" data-e-type=\"widget\" data-widget_type=\"text-editor.default\">\n\t\t\t\t<div class=\"elementor-widget-container\">\n\t\t\t\t\t\t\t\t\t<p class=\"translation-block\">La trasmissione dei dati \u00e8 protetta da una crittografia SSL di ultima generazione. I programmi coinvolti creano file di log per l'analisi degli errori, che vengono cancellati al pi\u00f9 tardi dopo una settimana. <br> <br> Username, password e ID specifici dell'applicazione sono utilizzati per la comunicazione.<\/p>\t\t\t\t\t\t\t\t<\/div>\n\t\t\t\t<\/div>\n\t\t\t\t<div class=\"elementor-element elementor-element-c4a3149 elementor-widget elementor-widget-heading\" data-id=\"c4a3149\" data-element_type=\"widget\" data-e-type=\"widget\" data-widget_type=\"heading.default\">\n\t\t\t\t<div class=\"elementor-widget-container\">\n\t\t\t\t\t<h3 class=\"elementor-heading-title elementor-size-xl\">5.2 Server<\/h3>\t\t\t\t<\/div>\n\t\t\t\t<\/div>\n\t\t\t\t<div class=\"elementor-element elementor-element-abad126 elementor-widget elementor-widget-text-editor\" data-id=\"abad126\" data-element_type=\"widget\" data-e-type=\"widget\" data-widget_type=\"text-editor.default\">\n\t\t\t\t<div class=\"elementor-widget-container\">\n\t\t\t\t\t\t\t\t\t<p>Tutti i server utilizzati sono all'avanguardia e si trovano in Germania. Solo i dipendenti interni di GTS Systems and Consulting GmbH hanno accesso al server.<\/p>\t\t\t\t\t\t\t\t<\/div>\n\t\t\t\t<\/div>\n\t\t\t\t<div class=\"elementor-element elementor-element-75548bc elementor-widget elementor-widget-heading\" data-id=\"75548bc\" data-element_type=\"widget\" data-e-type=\"widget\" data-widget_type=\"heading.default\">\n\t\t\t\t<div class=\"elementor-widget-container\">\n\t\t\t\t\t<h3 class=\"elementor-heading-title elementor-size-xl\">5.3 Trasferimento a terzi<\/h3>\t\t\t\t<\/div>\n\t\t\t\t<\/div>\n\t\t\t\t<div class=\"elementor-element elementor-element-cd15263 elementor-widget elementor-widget-text-editor\" data-id=\"cd15263\" data-element_type=\"widget\" data-e-type=\"widget\" data-widget_type=\"text-editor.default\">\n\t\t\t\t<div class=\"elementor-widget-container\">\n\t\t\t\t\t\t\t\t\t<p>Un trasferimento a terzi ha luogo senza il consenso del cliente solo se \u00e8 legalmente vincolante, ad esempio B. da un ordine del tribunale corrispondente.<\/p>\t\t\t\t\t\t\t\t<\/div>\n\t\t\t\t<\/div>\n\t\t\t\t<div class=\"elementor-element elementor-element-2cb24c3 elementor-widget elementor-widget-heading\" data-id=\"2cb24c3\" data-element_type=\"widget\" data-e-type=\"widget\" data-widget_type=\"heading.default\">\n\t\t\t\t<div class=\"elementor-widget-container\">\n\t\t\t\t\t<h3 class=\"elementor-heading-title elementor-size-xl\">6. Informazioni, cancellazione, blocco<\/h3>\t\t\t\t<\/div>\n\t\t\t\t<\/div>\n\t\t\t\t<div class=\"elementor-element elementor-element-8bb9401 elementor-widget elementor-widget-text-editor\" data-id=\"8bb9401\" data-element_type=\"widget\" data-e-type=\"widget\" data-widget_type=\"text-editor.default\">\n\t\t\t\t<div class=\"elementor-widget-container\">\n\t\t\t\t\t\t\t\t\t<div class=\"\" data-size-lg=\"10\" data-size-md=\"10\" data-size-sm=\"10\" data-size-xs=\"12\" data-index=\"1\" data-prio-md=\"\" data-prio-sm=\"\" data-prio-xs=\"\"><div class=\"text-block left\"><div class=\"copytext\"><p>Avete il diritto di avere informazioni gratuite sui vostri dati personali memorizzati, la loro origine e il destinatario e lo scopo del trattamento dei dati, nonch\u00e9 il diritto di correggere, bloccare o cancellare questi dati in qualsiasi momento. Se necessario, utilizzate le opzioni di contatto indicate al punto 1.<\/p><\/div><\/div><\/div>\t\t\t\t\t\t\t\t<\/div>\n\t\t\t\t<\/div>\n\t\t\t\t\t<\/div>\n\t\t<\/div>\n\t\t\t\t\t<\/div>\n\t\t<\/section>\n\t\t\t\t<\/div>","protected":false},"excerpt":{"rendered":"<p>Datenschutzerkl\u00e4rung TransIT Mobile und TransIT Mobile+. Wir freuen uns \u00fcber Ihr Interesse an unserer Telematik-L\u00f6sung. Als Betreiber dieser App nehmen wir den Schutz Ihrer pers\u00f6nlichen Daten sehr ernst. Wir behandeln Ihre personenbezogenen Daten vertraulich und entsprechend der gesetzlichen Datenschutzvorschriften sowie dieser Datenschutzerkl\u00e4rung. 1. Verantwortliche Stelle und Kontakt Die verantwortliche Stelle im Sinne der Datenschutzgesetze ist [&hellip;]<\/p>\n","protected":false},"author":5,"featured_media":0,"parent":0,"menu_order":0,"comment_status":"closed","ping_status":"closed","template":"","meta":{"footnotes":""},"class_list":["post-2476","page","type-page","status-publish","hentry"],"yoast_head":"<!-- This site is optimized with the Yoast SEO plugin v27.3 - https:\/\/yoast.com\/product\/yoast-seo-wordpress\/ -->\n<title>transit-mobile-datenschutz - gts systems<\/title>\n<meta name=\"robots\" content=\"index, follow, max-snippet:-1, max-image-preview:large, max-video-preview:-1\" \/>\n<link rel=\"canonical\" href=\"https:\/\/gts-systems.com\/it\/transit-mobile-protezione-dei-dati\/\" \/>\n<meta property=\"og:locale\" content=\"it_IT\" \/>\n<meta property=\"og:type\" content=\"article\" \/>\n<meta property=\"og:title\" content=\"transit-mobile-datenschutz - gts systems\" \/>\n<meta property=\"og:description\" content=\"Datenschutzerkl\u00e4rung TransIT Mobile und TransIT Mobile+. Wir freuen uns \u00fcber Ihr Interesse an unserer Telematik-L\u00f6sung. Als Betreiber dieser App nehmen wir den Schutz Ihrer pers\u00f6nlichen Daten sehr ernst. Wir behandeln Ihre personenbezogenen Daten vertraulich und entsprechend der gesetzlichen Datenschutzvorschriften sowie dieser Datenschutzerkl\u00e4rung. 1. Verantwortliche Stelle und Kontakt Die verantwortliche Stelle im Sinne der Datenschutzgesetze ist [&hellip;]\" \/>\n<meta property=\"og:url\" content=\"https:\/\/gts-systems.com\/it\/transit-mobile-protezione-dei-dati\/\" \/>\n<meta property=\"og:site_name\" content=\"gts systems\" \/>\n<meta property=\"article:modified_time\" content=\"2026-03-19T13:30:18+00:00\" \/>\n<meta name=\"twitter:card\" content=\"summary_large_image\" \/>\n<meta name=\"twitter:label1\" content=\"Tempo di lettura stimato\" \/>\n\t<meta name=\"twitter:data1\" content=\"4 minuti\" \/>\n<!-- \/ Yoast SEO plugin. -->","yoast_head_json":{"title":"transit mobile protezione dei dati - gts systems","robots":{"index":"index","follow":"follow","max-snippet":"max-snippet:-1","max-image-preview":"max-image-preview:large","max-video-preview":"max-video-preview:-1"},"canonical":"https:\/\/gts-systems.com\/it\/transit-mobile-protezione-dei-dati\/","og_locale":"it_IT","og_type":"article","og_title":"transit-mobile-datenschutz - gts systems","og_description":"Datenschutzerkl\u00e4rung TransIT Mobile und TransIT Mobile+. Wir freuen uns \u00fcber Ihr Interesse an unserer Telematik-L\u00f6sung. Als Betreiber dieser App nehmen wir den Schutz Ihrer pers\u00f6nlichen Daten sehr ernst. Wir behandeln Ihre personenbezogenen Daten vertraulich und entsprechend der gesetzlichen Datenschutzvorschriften sowie dieser Datenschutzerkl\u00e4rung. 1. Verantwortliche Stelle und Kontakt Die verantwortliche Stelle im Sinne der Datenschutzgesetze ist [&hellip;]","og_url":"https:\/\/gts-systems.com\/it\/transit-mobile-protezione-dei-dati\/","og_site_name":"gts systems","article_modified_time":"2026-03-19T13:30:18+00:00","twitter_card":"summary_large_image","twitter_misc":{"Tempo di lettura stimato":"4 minuti"},"schema":{"@context":"https:\/\/schema.org","@graph":[{"@type":"WebPage","@id":"https:\/\/gts-systems.com\/transit-mobile-datenschutz\/","url":"https:\/\/gts-systems.com\/transit-mobile-datenschutz\/","name":"transit mobile protezione dei dati - gts systems","isPartOf":{"@id":"https:\/\/gts-systems.com\/#website"},"datePublished":"2021-01-15T16:40:33+00:00","dateModified":"2026-03-19T13:30:18+00:00","breadcrumb":{"@id":"https:\/\/gts-systems.com\/transit-mobile-datenschutz\/#breadcrumb"},"inLanguage":"it-IT","potentialAction":[{"@type":"ReadAction","target":["https:\/\/gts-systems.com\/transit-mobile-datenschutz\/"]}]},{"@type":"BreadcrumbList","@id":"https:\/\/gts-systems.com\/transit-mobile-datenschutz\/#breadcrumb","itemListElement":[{"@type":"ListItem","position":1,"name":"Startseite","item":"https:\/\/gts-systems.com\/"},{"@type":"ListItem","position":2,"name":"transit-mobile-datenschutz"}]},{"@type":"WebSite","@id":"https:\/\/gts-systems.com\/#website","url":"https:\/\/gts-systems.com\/","name":"gts systems","description":"Ottimizzare ora","publisher":{"@id":"https:\/\/gts-systems.com\/#organization"},"potentialAction":[{"@type":"SearchAction","target":{"@type":"EntryPoint","urlTemplate":"https:\/\/gts-systems.com\/?s={search_term_string}"},"query-input":{"@type":"PropertyValueSpecification","valueRequired":true,"valueName":"search_term_string"}}],"inLanguage":"it-IT"},{"@type":"Organization","@id":"https:\/\/gts-systems.com\/#organization","name":"gts-systems","url":"https:\/\/gts-systems.com\/","logo":{"@type":"ImageObject","inLanguage":"it-IT","@id":"https:\/\/gts-systems.com\/#\/schema\/logo\/image\/","url":"https:\/\/gts-systems.com\/wp-content\/uploads\/2021\/03\/logogtssystems_1.svg","contentUrl":"https:\/\/gts-systems.com\/wp-content\/uploads\/2021\/03\/logogtssystems_1.svg","width":1,"height":1,"caption":"gts-systems"},"image":{"@id":"https:\/\/gts-systems.com\/#\/schema\/logo\/image\/"},"sameAs":["https:\/\/www.linkedin.com\/company\/gts-systems-and-consulting-gmbh"]}]}},"_links":{"self":[{"href":"https:\/\/gts-systems.com\/it\/wp-json\/wp\/v2\/pages\/2476","targetHints":{"allow":["GET"]}}],"collection":[{"href":"https:\/\/gts-systems.com\/it\/wp-json\/wp\/v2\/pages"}],"about":[{"href":"https:\/\/gts-systems.com\/it\/wp-json\/wp\/v2\/types\/page"}],"author":[{"embeddable":true,"href":"https:\/\/gts-systems.com\/it\/wp-json\/wp\/v2\/users\/5"}],"replies":[{"embeddable":true,"href":"https:\/\/gts-systems.com\/it\/wp-json\/wp\/v2\/comments?post=2476"}],"version-history":[{"count":0,"href":"https:\/\/gts-systems.com\/it\/wp-json\/wp\/v2\/pages\/2476\/revisions"}],"wp:attachment":[{"href":"https:\/\/gts-systems.com\/it\/wp-json\/wp\/v2\/media?parent=2476"}],"curies":[{"name":"wp","href":"https:\/\/api.w.org\/{rel}","templated":true}]}}