{"id":18053,"date":"2024-12-19T11:35:58","date_gmt":"2024-12-19T10:35:58","guid":{"rendered":"https:\/\/gts-systems.com\/?page_id=18053"},"modified":"2025-04-17T16:17:37","modified_gmt":"2025-04-17T14:17:37","slug":"junior-sales-manager-m-w-d","status":"publish","type":"page","link":"https:\/\/gts-systems.com\/it\/junior-sales-manager-m-w-d\/","title":{"rendered":"Junior Sales Manager (m\/w\/d)"},"content":{"rendered":"<div data-elementor-type=\"wp-page\" data-elementor-id=\"18053\" class=\"elementor elementor-18053\" data-elementor-post-type=\"page\">\n\t\t\t\t\t\t<section class=\"elementor-section elementor-top-section elementor-element elementor-element-064ccd6 elementor-section-boxed elementor-section-height-default elementor-section-height-default\" data-id=\"064ccd6\" data-element_type=\"section\" data-e-type=\"section\">\n\t\t\t\t\t\t<div class=\"elementor-container elementor-column-gap-default\">\n\t\t\t\t\t<div class=\"elementor-column elementor-col-100 elementor-top-column elementor-element elementor-element-1f224e7\" data-id=\"1f224e7\" data-element_type=\"column\" data-e-type=\"column\">\n\t\t\t<div class=\"elementor-widget-wrap elementor-element-populated\">\n\t\t\t\t\t\t<div class=\"elementor-element elementor-element-e386112 elementor-widget elementor-widget-heading\" data-id=\"e386112\" data-element_type=\"widget\" data-e-type=\"widget\" data-widget_type=\"heading.default\">\n\t\t\t\t<div class=\"elementor-widget-container\">\n\t\t\t\t\t<h3 class=\"elementor-heading-title elementor-size-default\">Siamo alla ricerca di un<\/h3>\t\t\t\t<\/div>\n\t\t\t\t<\/div>\n\t\t\t\t<div class=\"elementor-element elementor-element-7fd1713 elementor-widget elementor-widget-heading\" data-id=\"7fd1713\" data-element_type=\"widget\" data-e-type=\"widget\" data-widget_type=\"heading.default\">\n\t\t\t\t<div class=\"elementor-widget-container\">\n\t\t\t\t\t<h1 class=\"elementor-heading-title elementor-size-xxl\">Junior Sales Manager (m\/w\/d)<\/h1>\t\t\t\t<\/div>\n\t\t\t\t<\/div>\n\t\t\t\t\t<\/div>\n\t\t<\/div>\n\t\t\t\t\t<\/div>\n\t\t<\/section>\n\t\t\t\t<section class=\"elementor-section elementor-top-section elementor-element elementor-element-a6792c0 elementor-section-boxed elementor-section-height-default elementor-section-height-default\" data-id=\"a6792c0\" data-element_type=\"section\" data-e-type=\"section\">\n\t\t\t\t\t\t<div class=\"elementor-container elementor-column-gap-default\">\n\t\t\t\t\t<div class=\"elementor-column elementor-col-100 elementor-top-column elementor-element elementor-element-7410d58\" data-id=\"7410d58\" data-element_type=\"column\" data-e-type=\"column\">\n\t\t\t<div class=\"elementor-widget-wrap elementor-element-populated\">\n\t\t\t\t\t\t<div class=\"elementor-element elementor-element-df8c5a2 elementor-widget elementor-widget-text-editor\" data-id=\"df8c5a2\" data-element_type=\"widget\" data-e-type=\"widget\" data-widget_type=\"text-editor.default\">\n\t\t\t\t<div class=\"elementor-widget-container\">\n\t\t\t\t\t\t\t\t\t<p>Wir, die gts systems &amp; consulting GmbH aus dem Engineering Park Aachen, entwickeln seit \u00fcber 20 Jahren intelligente Optimierungsl\u00f6sungen mit Hilfe von mathematischen Modellen, die als Software implementiert werden. Zu unseren Kunden geh\u00f6ren Konzerne wie BMW, DHL oder easyJet. Diesen helfen wir mit unserer Logistik-Softwarel\u00f6sung TransIT Erl\u00f6se zu steigern, Kosten zu senken und die Umwelt zu entlasten. Um weiter zu wachsen und unsere Ziele voranzubringen, brauchen wir ein starkes Team. Daher suchen wir zum <strong>n\u00e4chstm\u00f6glichen Zeitpunkt einen Junior Sales Manager (m\/w\/d).<\/strong><\/p>\t\t\t\t\t\t\t\t<\/div>\n\t\t\t\t<\/div>\n\t\t\t\t<div class=\"elementor-element elementor-element-33ca922 elementor-align-center elementor-widget elementor-widget-button\" data-id=\"33ca922\" data-element_type=\"widget\" data-e-type=\"widget\" data-widget_type=\"button.default\">\n\t\t\t\t<div class=\"elementor-widget-container\">\n\t\t\t\t\t\t\t\t\t<div class=\"elementor-button-wrapper\">\n\t\t\t\t\t<a class=\"elementor-button elementor-button-link elementor-size-md elementor-animation-grow\" href=\"https:\/\/gts-systems.com\/it\/bewerbung-kontakformular\/\">\n\t\t\t\t\t\t<span class=\"elementor-button-content-wrapper\">\n\t\t\t\t\t\t<span class=\"elementor-button-icon\">\n\t\t\t\t<i aria-hidden=\"true\" class=\"fas fa-mail-bulk\"><\/i>\t\t\t<\/span>\n\t\t\t\t\t\t\t\t\t<span class=\"elementor-button-text\">Candidatevi ora!<\/span>\n\t\t\t\t\t<\/span>\n\t\t\t\t\t<\/a>\n\t\t\t\t<\/div>\n\t\t\t\t\t\t\t\t<\/div>\n\t\t\t\t<\/div>\n\t\t\t\t\t<\/div>\n\t\t<\/div>\n\t\t\t\t\t<\/div>\n\t\t<\/section>\n\t\t\t\t<section class=\"elementor-section elementor-top-section elementor-element elementor-element-34eb692 elementor-section-boxed elementor-section-height-default elementor-section-height-default\" data-id=\"34eb692\" data-element_type=\"section\" data-e-type=\"section\">\n\t\t\t\t\t\t<div class=\"elementor-container elementor-column-gap-default\">\n\t\t\t\t\t<div class=\"elementor-column elementor-col-100 elementor-top-column elementor-element elementor-element-89031af\" data-id=\"89031af\" data-element_type=\"column\" data-e-type=\"column\">\n\t\t\t<div class=\"elementor-widget-wrap elementor-element-populated\">\n\t\t\t\t\t\t<div class=\"elementor-element elementor-element-b1fa139 elementor-widget elementor-widget-heading\" data-id=\"b1fa139\" data-element_type=\"widget\" data-e-type=\"widget\" data-widget_type=\"heading.default\">\n\t\t\t\t<div class=\"elementor-widget-container\">\n\t\t\t\t\t<h2 class=\"elementor-heading-title elementor-size-default\">Che aspetto ha il lavoro?<\/h2>\t\t\t\t<\/div>\n\t\t\t\t<\/div>\n\t\t\t\t<div class=\"elementor-element elementor-element-a82aea1 elementor-widget elementor-widget-text-editor\" data-id=\"a82aea1\" data-element_type=\"widget\" data-e-type=\"widget\" data-widget_type=\"text-editor.default\">\n\t\t\t\t<div class=\"elementor-widget-container\">\n\t\t\t\t\t\t\t\t\t<ul><li>Du f\u00fchrst die Betreuung und Nachbereitung laufender Vertriebskampagnen durch.<\/li><li>Du bist verantwortlich f\u00fcr den Vertrieb neuer Produkte an unsere Bestandskunden.<\/li><li>Du bereitest Vertriebstermine vor.<\/li><li>Du bearbeitest eingehende Kundenanfragen und f\u00fchrst Setter-Gespr\u00e4che (Quali-Calls) durch.<\/li><li>Du arbeitest im Vertrieb technisch anspruchsvoller und beratungsintensiver Produkte.<\/li><li>Mittelfristig \u00fcbernimmst du die eigenst\u00e4ndige und umfassende Betreuung unserer Kunden.<\/li><li>Du profitierst von einer schnellen Lernkurve durch spannende Herausforderungen und erh\u00e4ltst die Chance, fr\u00fch Verantwortung zu \u00fcbernehmen sowie beruflich aufzusteigen.<\/li><\/ul>\t\t\t\t\t\t\t\t<\/div>\n\t\t\t\t<\/div>\n\t\t\t\t\t<\/div>\n\t\t<\/div>\n\t\t\t\t\t<\/div>\n\t\t<\/section>\n\t\t\t\t<section class=\"elementor-section elementor-top-section elementor-element elementor-element-cf5869e elementor-section-boxed elementor-section-height-default elementor-section-height-default\" data-id=\"cf5869e\" data-element_type=\"section\" data-e-type=\"section\">\n\t\t\t\t\t\t<div class=\"elementor-container elementor-column-gap-default\">\n\t\t\t\t\t<div class=\"elementor-column elementor-col-100 elementor-top-column elementor-element elementor-element-d2ae52b\" data-id=\"d2ae52b\" data-element_type=\"column\" data-e-type=\"column\">\n\t\t\t<div class=\"elementor-widget-wrap elementor-element-populated\">\n\t\t\t\t\t\t<div class=\"elementor-element elementor-element-e4fec6d elementor-widget elementor-widget-heading\" data-id=\"e4fec6d\" data-element_type=\"widget\" data-e-type=\"widget\" data-widget_type=\"heading.default\">\n\t\t\t\t<div class=\"elementor-widget-container\">\n\t\t\t\t\t<h2 class=\"elementor-heading-title elementor-size-default\">Das bringst Du mit:<\/h2>\t\t\t\t<\/div>\n\t\t\t\t<\/div>\n\t\t\t\t<div class=\"elementor-element elementor-element-b607ea9 elementor-widget elementor-widget-text-editor\" data-id=\"b607ea9\" data-element_type=\"widget\" data-e-type=\"widget\" data-widget_type=\"text-editor.default\">\n\t\t\t\t<div class=\"elementor-widget-container\">\n\t\t\t\t\t\t\t\t\t<ul><li>Du hast ein abgeschlossenes Studium der Betriebswirtschaftslehre, der Wirtschaftswissenschaften, (Wirtschafts-) Informatik, Logistik oder eine vergleichbare Qualifikation.<\/li><li>Du bist eine kontaktfreudige und offene Pers\u00f6nlichkeit mit guten Kommunikations- und Pr\u00e4sentationsf\u00e4higkeiten.<\/li><li>Du bringst ein ausgepr\u00e4gtes technisches Verst\u00e4ndnis mit und bist lernbereit und motiviert.<\/li><li>Du bewahrst auch in stressigen Situationen Geduld und Ruhe.<\/li><li>Du sprichst flie\u00dfend Deutsch.<\/li><\/ul>\t\t\t\t\t\t\t\t<\/div>\n\t\t\t\t<\/div>\n\t\t\t\t\t<\/div>\n\t\t<\/div>\n\t\t\t\t\t<\/div>\n\t\t<\/section>\n\t\t\t\t<section class=\"elementor-section elementor-top-section elementor-element elementor-element-2489222 elementor-section-boxed elementor-section-height-default elementor-section-height-default\" data-id=\"2489222\" data-element_type=\"section\" data-e-type=\"section\">\n\t\t\t\t\t\t<div class=\"elementor-container elementor-column-gap-default\">\n\t\t\t\t\t<div class=\"elementor-column elementor-col-100 elementor-top-column elementor-element elementor-element-08c5221\" data-id=\"08c5221\" data-element_type=\"column\" data-e-type=\"column\">\n\t\t\t<div class=\"elementor-widget-wrap elementor-element-populated\">\n\t\t\t\t\t\t<div class=\"elementor-element elementor-element-f84b5f2 elementor-widget elementor-widget-heading\" data-id=\"f84b5f2\" data-element_type=\"widget\" data-e-type=\"widget\" data-widget_type=\"heading.default\">\n\t\t\t\t<div class=\"elementor-widget-container\">\n\t\t\t\t\t<h2 class=\"elementor-heading-title elementor-size-default\">Perch\u00e9 il gts?<\/h2>\t\t\t\t<\/div>\n\t\t\t\t<\/div>\n\t\t\t\t<div class=\"elementor-element elementor-element-f25bfa7 elementor-widget elementor-widget-text-editor\" data-id=\"f25bfa7\" data-element_type=\"widget\" data-e-type=\"widget\" data-widget_type=\"text-editor.default\">\n\t\t\t\t<div class=\"elementor-widget-container\">\n\t\t\t\t\t\t\t\t\t<ul><li><strong>Attraktive Arbeitsbedingungen:<\/strong> Flexible Arbeitszeiten, Home-Office-Option und moderne B\u00fcror\u00e4ume mit bester digitaler Ausstattung.<\/li><li><strong>Starke Teamkultur:<\/strong> Freundliches Arbeitsklima mit Du-Mentalit\u00e4t und regelm\u00e4\u00dfige Firmenevents wie Weihnachtsfeiern, Firmenl\u00e4ufe und Mud Masters.<\/li><li><strong>Top-Arbeitsplatz:<\/strong> Spannende Kundenprojekte bei f\u00fchrenden Unternehmen, kostenlose Verpflegung mit Getr\u00e4nken und Obst im B\u00fcro, sowie optionale Urban Sports Club Mitgliedschaft.<\/li><li><strong>Gute Erreichbarkeit:<\/strong> Hervorragende Anbindung an \u00d6PNV und Auto, inklusive Mitarbeiterparkpl\u00e4tzen.<\/li><\/ul>\t\t\t\t\t\t\t\t<\/div>\n\t\t\t\t<\/div>\n\t\t\t\t<div class=\"elementor-element elementor-element-79beb74 elementor-align-center elementor-widget elementor-widget-button\" data-id=\"79beb74\" data-element_type=\"widget\" data-e-type=\"widget\" data-widget_type=\"button.default\">\n\t\t\t\t<div class=\"elementor-widget-container\">\n\t\t\t\t\t\t\t\t\t<div class=\"elementor-button-wrapper\">\n\t\t\t\t\t<a class=\"elementor-button elementor-button-link elementor-size-md elementor-animation-grow\" href=\"https:\/\/gts-systems.com\/it\/bewerbung-kontakformular\/\">\n\t\t\t\t\t\t<span class=\"elementor-button-content-wrapper\">\n\t\t\t\t\t\t<span class=\"elementor-button-icon\">\n\t\t\t\t<i aria-hidden=\"true\" class=\"fas fa-mail-bulk\"><\/i>\t\t\t<\/span>\n\t\t\t\t\t\t\t\t\t<span class=\"elementor-button-text\">Candidatevi ora!<\/span>\n\t\t\t\t\t<\/span>\n\t\t\t\t\t<\/a>\n\t\t\t\t<\/div>\n\t\t\t\t\t\t\t\t<\/div>\n\t\t\t\t<\/div>\n\t\t\t\t\t<\/div>\n\t\t<\/div>\n\t\t\t\t\t<\/div>\n\t\t<\/section>\n\t\t\t\t<section class=\"elementor-section elementor-top-section elementor-element elementor-element-de53aca elementor-section-boxed elementor-section-height-default elementor-section-height-default\" data-id=\"de53aca\" data-element_type=\"section\" data-e-type=\"section\">\n\t\t\t\t\t\t<div class=\"elementor-container elementor-column-gap-default\">\n\t\t\t\t\t<div class=\"elementor-column elementor-col-100 elementor-top-column elementor-element elementor-element-972ef53\" data-id=\"972ef53\" data-element_type=\"column\" data-e-type=\"column\">\n\t\t\t<div class=\"elementor-widget-wrap elementor-element-populated\">\n\t\t\t\t\t\t<div class=\"elementor-element elementor-element-903d1af elementor-widget elementor-widget-heading\" data-id=\"903d1af\" data-element_type=\"widget\" data-e-type=\"widget\" data-widget_type=\"heading.default\">\n\t\t\t\t<div class=\"elementor-widget-container\">\n\t\t\t\t\t<h2 class=\"elementor-heading-title elementor-size-xl\">So bewirbst Du dich.<\/h2>\t\t\t\t<\/div>\n\t\t\t\t<\/div>\n\t\t\t\t<div class=\"elementor-element elementor-element-9a824ff elementor-widget elementor-widget-text-editor\" data-id=\"9a824ff\" data-element_type=\"widget\" data-e-type=\"widget\" data-widget_type=\"text-editor.default\">\n\t\t\t\t<div class=\"elementor-widget-container\">\n\t\t\t\t\t\t\t\t\t<p>Bitte sende Dein Bewerbungsschreiben und Deinen Lebenslauf unter Angabe Deiner Gehaltsvorstellung und Deines fr\u00fchestm\u00f6glichen Eintrittstermins an: jobs@gts-systems.de oder bewirb Dich \u00fcber den Button. Deine Ansprechpartnerin ist Franka Behrens.<\/p>\t\t\t\t\t\t\t\t<\/div>\n\t\t\t\t<\/div>\n\t\t\t\t\t<\/div>\n\t\t<\/div>\n\t\t\t\t\t<\/div>\n\t\t<\/section>\n\t\t\t\t<\/div>","protected":false},"excerpt":{"rendered":"<p>Wir suchen zum n\u00e4chstm\u00f6glichen Zeitpunkt einen Junior Sales Manager (m\/w\/d) Wir, die gts systems &amp; consulting GmbH aus dem Engineering Park Aachen, entwickeln seit \u00fcber 20 Jahren intelligente Optimierungsl\u00f6sungen mit Hilfe von mathematischen Modellen, die als Software implementiert werden. Zu unseren Kunden geh\u00f6ren Konzerne wie BMW, DHL oder easyJet. Diesen helfen wir mit unserer Logistik-Softwarel\u00f6sung [&hellip;]<\/p>\n","protected":false},"author":8,"featured_media":0,"parent":0,"menu_order":0,"comment_status":"closed","ping_status":"closed","template":"","meta":{"footnotes":""},"class_list":["post-18053","page","type-page","status-publish","hentry"],"yoast_head":"<!-- This site is optimized with the Yoast SEO plugin v27.3 - https:\/\/yoast.com\/product\/yoast-seo-wordpress\/ -->\n<title>Junior Sales Manager (m\/w\/d) - gts systems<\/title>\n<meta name=\"robots\" content=\"index, follow, max-snippet:-1, max-image-preview:large, max-video-preview:-1\" \/>\n<link rel=\"canonical\" href=\"https:\/\/gts-systems.com\/it\/junior-sales-manager-m-w-d\/\" \/>\n<meta property=\"og:locale\" content=\"it_IT\" \/>\n<meta property=\"og:type\" content=\"article\" \/>\n<meta property=\"og:title\" content=\"Junior Sales Manager (m\/w\/d) - gts systems\" \/>\n<meta property=\"og:description\" content=\"Wir suchen zum n\u00e4chstm\u00f6glichen Zeitpunkt einen Junior Sales Manager (m\/w\/d) Wir, die gts systems &amp; consulting GmbH aus dem Engineering Park Aachen, entwickeln seit \u00fcber 20 Jahren intelligente Optimierungsl\u00f6sungen mit Hilfe von mathematischen Modellen, die als Software implementiert werden. Zu unseren Kunden geh\u00f6ren Konzerne wie BMW, DHL oder easyJet. Diesen helfen wir mit unserer Logistik-Softwarel\u00f6sung [&hellip;]\" \/>\n<meta property=\"og:url\" content=\"https:\/\/gts-systems.com\/it\/junior-sales-manager-m-w-d\/\" \/>\n<meta property=\"og:site_name\" content=\"gts systems\" \/>\n<meta property=\"article:modified_time\" content=\"2025-04-17T14:17:37+00:00\" \/>\n<meta name=\"twitter:card\" content=\"summary_large_image\" \/>\n<meta name=\"twitter:label1\" content=\"Tempo di lettura stimato\" \/>\n\t<meta name=\"twitter:data1\" content=\"2 minuti\" \/>\n<!-- \/ Yoast SEO plugin. -->","yoast_head_json":{"title":"Junior Sales Manager (m\/w\/d) - gts systems","robots":{"index":"index","follow":"follow","max-snippet":"max-snippet:-1","max-image-preview":"max-image-preview:large","max-video-preview":"max-video-preview:-1"},"canonical":"https:\/\/gts-systems.com\/it\/junior-sales-manager-m-w-d\/","og_locale":"it_IT","og_type":"article","og_title":"Junior Sales Manager (m\/w\/d) - gts systems","og_description":"Wir suchen zum n\u00e4chstm\u00f6glichen Zeitpunkt einen Junior Sales Manager (m\/w\/d) Wir, die gts systems &amp; consulting GmbH aus dem Engineering Park Aachen, entwickeln seit \u00fcber 20 Jahren intelligente Optimierungsl\u00f6sungen mit Hilfe von mathematischen Modellen, die als Software implementiert werden. Zu unseren Kunden geh\u00f6ren Konzerne wie BMW, DHL oder easyJet. Diesen helfen wir mit unserer Logistik-Softwarel\u00f6sung [&hellip;]","og_url":"https:\/\/gts-systems.com\/it\/junior-sales-manager-m-w-d\/","og_site_name":"gts systems","article_modified_time":"2025-04-17T14:17:37+00:00","twitter_card":"summary_large_image","twitter_misc":{"Tempo di lettura stimato":"2 minuti"},"schema":{"@context":"https:\/\/schema.org","@graph":[{"@type":"WebPage","@id":"https:\/\/gts-systems.com\/junior-sales-manager-m-w-d\/","url":"https:\/\/gts-systems.com\/junior-sales-manager-m-w-d\/","name":"Junior Sales Manager (m\/w\/d) - gts systems","isPartOf":{"@id":"https:\/\/gts-systems.com\/#website"},"datePublished":"2024-12-19T10:35:58+00:00","dateModified":"2025-04-17T14:17:37+00:00","breadcrumb":{"@id":"https:\/\/gts-systems.com\/junior-sales-manager-m-w-d\/#breadcrumb"},"inLanguage":"it-IT","potentialAction":[{"@type":"ReadAction","target":["https:\/\/gts-systems.com\/junior-sales-manager-m-w-d\/"]}]},{"@type":"BreadcrumbList","@id":"https:\/\/gts-systems.com\/junior-sales-manager-m-w-d\/#breadcrumb","itemListElement":[{"@type":"ListItem","position":1,"name":"Startseite","item":"https:\/\/gts-systems.com\/"},{"@type":"ListItem","position":2,"name":"Junior Sales Manager (m\/w\/d)"}]},{"@type":"WebSite","@id":"https:\/\/gts-systems.com\/#website","url":"https:\/\/gts-systems.com\/","name":"gts systems","description":"Ottimizzare ora","publisher":{"@id":"https:\/\/gts-systems.com\/#organization"},"potentialAction":[{"@type":"SearchAction","target":{"@type":"EntryPoint","urlTemplate":"https:\/\/gts-systems.com\/?s={search_term_string}"},"query-input":{"@type":"PropertyValueSpecification","valueRequired":true,"valueName":"search_term_string"}}],"inLanguage":"it-IT"},{"@type":"Organization","@id":"https:\/\/gts-systems.com\/#organization","name":"gts-systems","url":"https:\/\/gts-systems.com\/","logo":{"@type":"ImageObject","inLanguage":"it-IT","@id":"https:\/\/gts-systems.com\/#\/schema\/logo\/image\/","url":"https:\/\/gts-systems.com\/wp-content\/uploads\/2021\/03\/logogtssystems_1.svg","contentUrl":"https:\/\/gts-systems.com\/wp-content\/uploads\/2021\/03\/logogtssystems_1.svg","width":1,"height":1,"caption":"gts-systems"},"image":{"@id":"https:\/\/gts-systems.com\/#\/schema\/logo\/image\/"},"sameAs":["https:\/\/www.linkedin.com\/company\/gts-systems-and-consulting-gmbh"]}]}},"_links":{"self":[{"href":"https:\/\/gts-systems.com\/it\/wp-json\/wp\/v2\/pages\/18053","targetHints":{"allow":["GET"]}}],"collection":[{"href":"https:\/\/gts-systems.com\/it\/wp-json\/wp\/v2\/pages"}],"about":[{"href":"https:\/\/gts-systems.com\/it\/wp-json\/wp\/v2\/types\/page"}],"author":[{"embeddable":true,"href":"https:\/\/gts-systems.com\/it\/wp-json\/wp\/v2\/users\/8"}],"replies":[{"embeddable":true,"href":"https:\/\/gts-systems.com\/it\/wp-json\/wp\/v2\/comments?post=18053"}],"version-history":[{"count":0,"href":"https:\/\/gts-systems.com\/it\/wp-json\/wp\/v2\/pages\/18053\/revisions"}],"wp:attachment":[{"href":"https:\/\/gts-systems.com\/it\/wp-json\/wp\/v2\/media?parent=18053"}],"curies":[{"name":"wp","href":"https:\/\/api.w.org\/{rel}","templated":true}]}}