{"id":13268,"date":"2022-09-08T13:32:33","date_gmt":"2022-09-08T11:32:33","guid":{"rendered":"https:\/\/gts-systems.com\/?page_id=13268"},"modified":"2024-11-07T13:47:01","modified_gmt":"2024-11-07T12:47:01","slug":"transit-mobile-app","status":"publish","type":"page","link":"https:\/\/gts-systems.com\/it\/tourenplanung\/transit-mobile-app\/","title":{"rendered":"TransIT Mobile App"},"content":{"rendered":"<div data-elementor-type=\"wp-page\" data-elementor-id=\"13268\" class=\"elementor elementor-13268\" data-elementor-post-type=\"page\">\n\t\t\t\t\t\t<section class=\"elementor-section elementor-top-section elementor-element elementor-element-1b153f52 elementor-section-full_width elementor-section-stretched elementor-section-height-default elementor-section-height-default\" data-id=\"1b153f52\" data-element_type=\"section\" data-e-type=\"section\" data-settings=\"{&quot;stretch_section&quot;:&quot;section-stretched&quot;,&quot;background_background&quot;:&quot;classic&quot;}\">\n\t\t\t\t\t\t<div class=\"elementor-container elementor-column-gap-default\">\n\t\t\t\t\t<div class=\"elementor-column elementor-col-100 elementor-top-column elementor-element elementor-element-2af29d9a\" data-id=\"2af29d9a\" data-element_type=\"column\" data-e-type=\"column\">\n\t\t\t<div class=\"elementor-widget-wrap elementor-element-populated\">\n\t\t\t\t\t\t<div class=\"elementor-element elementor-element-5dabb235 elementor-widget elementor-widget-heading\" data-id=\"5dabb235\" data-element_type=\"widget\" data-e-type=\"widget\" data-widget_type=\"heading.default\">\n\t\t\t\t<div class=\"elementor-widget-container\">\n\t\t\t\t\t<h1 class=\"elementor-heading-title elementor-size-default\">TransIT Mobile App.<\/h1>\t\t\t\t<\/div>\n\t\t\t\t<\/div>\n\t\t\t\t\t<\/div>\n\t\t<\/div>\n\t\t\t\t\t<\/div>\n\t\t<\/section>\n\t\t\t\t<section class=\"elementor-section elementor-top-section elementor-element elementor-element-c9a872b elementor-section-boxed elementor-section-height-default elementor-section-height-default\" data-id=\"c9a872b\" data-element_type=\"section\" data-e-type=\"section\">\n\t\t\t\t\t\t<div class=\"elementor-container elementor-column-gap-default\">\n\t\t\t\t\t<div class=\"elementor-column elementor-col-100 elementor-top-column elementor-element elementor-element-d31b00b\" data-id=\"d31b00b\" data-element_type=\"column\" data-e-type=\"column\">\n\t\t\t<div class=\"elementor-widget-wrap elementor-element-populated\">\n\t\t\t\t\t\t<div class=\"elementor-element elementor-element-0e19ec2 elementor-widget elementor-widget-text-editor\" data-id=\"0e19ec2\" data-element_type=\"widget\" data-e-type=\"widget\" data-widget_type=\"text-editor.default\">\n\t\t\t\t<div class=\"elementor-widget-container\">\n\t\t\t\t\t\t\t\t\t<p>Il tour \u00e8 stato pianificato in TransIT ed \u00e8 pronto per essere guidato. Ma qual \u00e8 il modo pi\u00f9 efficiente per farlo arrivare al conducente?<\/p><p class=\"translation-block\">Viene inviato al conducente tramite il sistema telematico. Ci sono due possibilit\u00e0: In primo luogo, TransIT offre interfacce standard per molti sistemi ERP e telematici comuni. In secondo luogo, il tour pu\u00f2 essere inviato da TransIT all'autista anche tramite <strong>l'App TransIT Mobile<\/strong>.<\/p><p>L'applicazione mobile TransIT \u00e8 compatibile con tutti gli smartphone Android: il tour pianificato arriva quindi direttamente sullo smartphone dell'autista. Il coordinamento ottimale tra l'app e TransIT va a vantaggio sia dell'autista che del tour planner. Le funzioni dell'app integrano in modo ottimale l'autista nel sistema, mentre il pianificatore tiene sempre sotto controllo il tour.<\/p>\t\t\t\t\t\t\t\t<\/div>\n\t\t\t\t<\/div>\n\t\t\t\t\t<\/div>\n\t\t<\/div>\n\t\t\t\t\t<\/div>\n\t\t<\/section>\n\t\t\t\t<section class=\"elementor-section elementor-top-section elementor-element elementor-element-21a042c elementor-section-boxed elementor-section-height-default elementor-section-height-default\" data-id=\"21a042c\" data-element_type=\"section\" data-e-type=\"section\">\n\t\t\t\t\t\t<div class=\"elementor-container elementor-column-gap-default\">\n\t\t\t\t\t<div class=\"elementor-column elementor-col-100 elementor-top-column elementor-element elementor-element-23b1e2d\" data-id=\"23b1e2d\" data-element_type=\"column\" data-e-type=\"column\">\n\t\t\t<div class=\"elementor-widget-wrap elementor-element-populated\">\n\t\t\t\t\t\t<section class=\"elementor-section elementor-inner-section elementor-element elementor-element-820b8fa elementor-section-boxed elementor-section-height-default elementor-section-height-default\" data-id=\"820b8fa\" data-element_type=\"section\" data-e-type=\"section\">\n\t\t\t\t\t\t<div class=\"elementor-container elementor-column-gap-default\">\n\t\t\t\t\t<div class=\"elementor-column elementor-col-50 elementor-inner-column elementor-element elementor-element-185029e\" data-id=\"185029e\" data-element_type=\"column\" data-e-type=\"column\">\n\t\t\t<div class=\"elementor-widget-wrap elementor-element-populated\">\n\t\t\t\t\t\t<div class=\"elementor-element elementor-element-f75ad9f elementor-widget elementor-widget-heading\" data-id=\"f75ad9f\" data-element_type=\"widget\" data-e-type=\"widget\" data-widget_type=\"heading.default\">\n\t\t\t\t<div class=\"elementor-widget-container\">\n\t\t\t\t\t<h2 class=\"elementor-heading-title elementor-size-default\">Navigazione.<\/h2>\t\t\t\t<\/div>\n\t\t\t\t<\/div>\n\t\t\t\t<div class=\"elementor-element elementor-element-33d99c6 elementor-widget elementor-widget-text-editor\" data-id=\"33d99c6\" data-element_type=\"widget\" data-e-type=\"widget\" data-widget_type=\"text-editor.default\">\n\t\t\t\t<div class=\"elementor-widget-container\">\n\t\t\t\t\t\t\t\t\t<p>L'autista riceve un elenco di fermate sull'app mobile TransIT con tutti gli indirizzi da raggiungere. Questi possono essere raggiunti comodamente e compatibilmente con la navigazione di Google.<\/p>\t\t\t\t\t\t\t\t<\/div>\n\t\t\t\t<\/div>\n\t\t\t\t\t<\/div>\n\t\t<\/div>\n\t\t\t\t<div class=\"elementor-column elementor-col-50 elementor-inner-column elementor-element elementor-element-262dcca\" data-id=\"262dcca\" data-element_type=\"column\" data-e-type=\"column\">\n\t\t\t<div class=\"elementor-widget-wrap elementor-element-populated\">\n\t\t\t\t\t\t<div class=\"elementor-element elementor-element-be1639f elementor-widget elementor-widget-image\" data-id=\"be1639f\" data-element_type=\"widget\" data-e-type=\"widget\" data-widget_type=\"image.default\">\n\t\t\t\t<div class=\"elementor-widget-container\">\n\t\t\t\t\t\t\t\t\t\t\t\t\t\t\t<img fetchpriority=\"high\" decoding=\"async\" width=\"268\" height=\"528\" src=\"https:\/\/gts-systems.com\/wp-content\/uploads\/2022\/09\/auftragsliste_raw_EN.png\" class=\"attachment-medium_large size-medium_large wp-image-13278\" alt=\"\" srcset=\"https:\/\/gts-systems.com\/wp-content\/uploads\/2022\/09\/auftragsliste_raw_EN.png 268w, https:\/\/gts-systems.com\/wp-content\/uploads\/2022\/09\/auftragsliste_raw_EN-152x300.png 152w, https:\/\/gts-systems.com\/wp-content\/uploads\/2022\/09\/auftragsliste_raw_EN-6x12.png 6w\" sizes=\"(max-width: 268px) 100vw, 268px\" \/>\t\t\t\t\t\t\t\t\t\t\t\t\t\t\t<\/div>\n\t\t\t\t<\/div>\n\t\t\t\t\t<\/div>\n\t\t<\/div>\n\t\t\t\t\t<\/div>\n\t\t<\/section>\n\t\t\t\t\t<\/div>\n\t\t<\/div>\n\t\t\t\t\t<\/div>\n\t\t<\/section>\n\t\t\t\t<section class=\"elementor-section elementor-top-section elementor-element elementor-element-7809cd7 elementor-section-boxed elementor-section-height-default elementor-section-height-default\" data-id=\"7809cd7\" data-element_type=\"section\" data-e-type=\"section\">\n\t\t\t\t\t\t<div class=\"elementor-container elementor-column-gap-default\">\n\t\t\t\t\t<div class=\"elementor-column elementor-col-100 elementor-top-column elementor-element elementor-element-14a1b81\" data-id=\"14a1b81\" data-element_type=\"column\" data-e-type=\"column\">\n\t\t\t<div class=\"elementor-widget-wrap elementor-element-populated\">\n\t\t\t\t\t\t<div class=\"elementor-element elementor-element-2ef1208 elementor-widget elementor-widget-heading\" data-id=\"2ef1208\" data-element_type=\"widget\" data-e-type=\"widget\" data-widget_type=\"heading.default\">\n\t\t\t\t<div class=\"elementor-widget-container\">\n\t\t\t\t\t<h2 class=\"elementor-heading-title elementor-size-default\">Dati GPS.<\/h2>\t\t\t\t<\/div>\n\t\t\t\t<\/div>\n\t\t\t\t<div class=\"elementor-element elementor-element-784b548 elementor-widget elementor-widget-text-editor\" data-id=\"784b548\" data-element_type=\"widget\" data-e-type=\"widget\" data-widget_type=\"text-editor.default\">\n\t\t\t\t<div class=\"elementor-widget-container\">\n\t\t\t\t\t\t\t\t\t<p>Mentre l'autista \u00e8 in viaggio, i suoi dati vengono registrati tramite GPS e possono essere visualizzati dal tour planner tramite TransIT. Questo registra dove si trova l'autista al momento, come sta andando il tour pianificato e se ci sono ritardi.<\/p><p>Nella fase successiva, i dati GPS registrati vengono utilizzati per la valutazione in TransIT. Qui, ad esempio, \u00e8 possibile determinare l'orario di arrivo previsto. Il cliente pu\u00f2 essere informato con un messaggio automatico.<\/p><p>I confronti tra le prestazioni dei dati GPS mostrano come \u00e8 stato pianificato il tour e come l'autista lo ha effettivamente guidato. Da ci\u00f2 si pu\u00f2 determinare se esiste un potenziale di ottimizzazione nel tour pianificato.<\/p><p>Le velocit\u00e0 del giro e i tempi di attesa mostrano quando e per quanto tempo il conducente si \u00e8 fermato. Le pause involontarie o i tempi di attesa troppo lunghi possono essere controllati in modo ottimale.<\/p>\t\t\t\t\t\t\t\t<\/div>\n\t\t\t\t<\/div>\n\t\t\t\t\t<\/div>\n\t\t<\/div>\n\t\t\t\t\t<\/div>\n\t\t<\/section>\n\t\t\t\t<section class=\"elementor-section elementor-top-section elementor-element elementor-element-6c27af3 elementor-section-boxed elementor-section-height-default elementor-section-height-default\" data-id=\"6c27af3\" data-element_type=\"section\" data-e-type=\"section\">\n\t\t\t\t\t\t<div class=\"elementor-container elementor-column-gap-default\">\n\t\t\t\t\t<div class=\"elementor-column elementor-col-100 elementor-top-column elementor-element elementor-element-fd71303\" data-id=\"fd71303\" data-element_type=\"column\" data-e-type=\"column\">\n\t\t\t<div class=\"elementor-widget-wrap elementor-element-populated\">\n\t\t\t\t\t\t<section class=\"elementor-section elementor-inner-section elementor-element elementor-element-a15f9e8 elementor-section-boxed elementor-section-height-default elementor-section-height-default\" data-id=\"a15f9e8\" data-element_type=\"section\" data-e-type=\"section\">\n\t\t\t\t\t\t<div class=\"elementor-container elementor-column-gap-default\">\n\t\t\t\t\t<div class=\"elementor-column elementor-col-50 elementor-inner-column elementor-element elementor-element-c0a1b75\" data-id=\"c0a1b75\" data-element_type=\"column\" data-e-type=\"column\">\n\t\t\t<div class=\"elementor-widget-wrap elementor-element-populated\">\n\t\t\t\t\t\t<div class=\"elementor-element elementor-element-6ba04ab elementor-widget elementor-widget-image\" data-id=\"6ba04ab\" data-element_type=\"widget\" data-e-type=\"widget\" data-widget_type=\"image.default\">\n\t\t\t\t<div class=\"elementor-widget-container\">\n\t\t\t\t\t\t\t\t\t\t\t\t\t\t\t<img decoding=\"async\" width=\"268\" height=\"528\" src=\"https:\/\/gts-systems.com\/wp-content\/uploads\/2022\/09\/auftragsliste_mit_swipe_button_EN_montiert.png\" class=\"attachment-medium_large size-medium_large wp-image-13277\" alt=\"Telematiksystem von gts.\" srcset=\"https:\/\/gts-systems.com\/wp-content\/uploads\/2022\/09\/auftragsliste_mit_swipe_button_EN_montiert.png 268w, https:\/\/gts-systems.com\/wp-content\/uploads\/2022\/09\/auftragsliste_mit_swipe_button_EN_montiert-152x300.png 152w, https:\/\/gts-systems.com\/wp-content\/uploads\/2022\/09\/auftragsliste_mit_swipe_button_EN_montiert-6x12.png 6w\" sizes=\"(max-width: 268px) 100vw, 268px\" \/>\t\t\t\t\t\t\t\t\t\t\t\t\t\t\t<\/div>\n\t\t\t\t<\/div>\n\t\t\t\t\t<\/div>\n\t\t<\/div>\n\t\t\t\t<div class=\"elementor-column elementor-col-50 elementor-inner-column elementor-element elementor-element-336eacb\" data-id=\"336eacb\" data-element_type=\"column\" data-e-type=\"column\">\n\t\t\t<div class=\"elementor-widget-wrap elementor-element-populated\">\n\t\t\t\t\t\t<div class=\"elementor-element elementor-element-ce4478b elementor-widget elementor-widget-heading\" data-id=\"ce4478b\" data-element_type=\"widget\" data-e-type=\"widget\" data-widget_type=\"heading.default\">\n\t\t\t\t<div class=\"elementor-widget-container\">\n\t\t\t\t\t<h2 class=\"elementor-heading-title elementor-size-default\">Stato dell'ordine.<\/h2>\t\t\t\t<\/div>\n\t\t\t\t<\/div>\n\t\t\t\t<div class=\"elementor-element elementor-element-53eec2c elementor-widget elementor-widget-text-editor\" data-id=\"53eec2c\" data-element_type=\"widget\" data-e-type=\"widget\" data-widget_type=\"text-editor.default\">\n\t\t\t\t<div class=\"elementor-widget-container\">\n\t\t\t\t\t\t\t\t\t<p>L'autista informa il tour planner sullo stato degli ordini del suo tour. Il tour planner riceve un feedback per sapere se un ordine \u00e8 aperto o \u00e8 stato completato con successo. Se sorgono complicazioni e un ordine non pu\u00f2 essere completato, il tour planner viene automaticamente informato.<\/p><p>Lo stato dell'ordine non solo consente di seguire il tour, ma fornisce anche una panoramica perfetta nel caso in cui i tour in corso debbano essere riprogrammati.<\/p>\t\t\t\t\t\t\t\t<\/div>\n\t\t\t\t<\/div>\n\t\t\t\t\t<\/div>\n\t\t<\/div>\n\t\t\t\t\t<\/div>\n\t\t<\/section>\n\t\t\t\t\t<\/div>\n\t\t<\/div>\n\t\t\t\t\t<\/div>\n\t\t<\/section>\n\t\t\t\t<section class=\"elementor-section elementor-top-section elementor-element elementor-element-a1548c3 elementor-section-boxed elementor-section-height-default elementor-section-height-default\" data-id=\"a1548c3\" data-element_type=\"section\" data-e-type=\"section\">\n\t\t\t\t\t\t<div class=\"elementor-container elementor-column-gap-default\">\n\t\t\t\t\t<div class=\"elementor-column elementor-col-100 elementor-top-column elementor-element elementor-element-474d742\" data-id=\"474d742\" data-element_type=\"column\" data-e-type=\"column\">\n\t\t\t<div class=\"elementor-widget-wrap elementor-element-populated\">\n\t\t\t\t\t\t<section class=\"elementor-section elementor-inner-section elementor-element elementor-element-92ab6ce elementor-section-boxed elementor-section-height-default elementor-section-height-default\" data-id=\"92ab6ce\" data-element_type=\"section\" data-e-type=\"section\">\n\t\t\t\t\t\t<div class=\"elementor-container elementor-column-gap-default\">\n\t\t\t\t\t<div class=\"elementor-column elementor-col-50 elementor-inner-column elementor-element elementor-element-911a759\" data-id=\"911a759\" data-element_type=\"column\" data-e-type=\"column\">\n\t\t\t<div class=\"elementor-widget-wrap elementor-element-populated\">\n\t\t\t\t\t\t<div class=\"elementor-element elementor-element-e084f85 elementor-widget elementor-widget-heading\" data-id=\"e084f85\" data-element_type=\"widget\" data-e-type=\"widget\" data-widget_type=\"heading.default\">\n\t\t\t\t<div class=\"elementor-widget-container\">\n\t\t\t\t\t<h2 class=\"elementor-heading-title elementor-size-default\">Testo Notizie e foto.<\/h2>\t\t\t\t<\/div>\n\t\t\t\t<\/div>\n\t\t\t\t<div class=\"elementor-element elementor-element-016778e elementor-widget elementor-widget-text-editor\" data-id=\"016778e\" data-element_type=\"widget\" data-e-type=\"widget\" data-widget_type=\"text-editor.default\">\n\t\t\t\t<div class=\"elementor-widget-container\">\n\t\t\t\t\t\t\t\t\t<p>Per un ulteriore feedback e documentazione dell'ordine, l'autista pu\u00f2 registrare foto e inviare messaggi di testo al pianificatore del viaggio tramite l'app. Questo gli permette, ad esempio, di documentare la corretta consegna in caso di reclami successivi se il cliente non \u00e8 presente.<\/p>\t\t\t\t\t\t\t\t<\/div>\n\t\t\t\t<\/div>\n\t\t\t\t\t<\/div>\n\t\t<\/div>\n\t\t\t\t<div class=\"elementor-column elementor-col-50 elementor-inner-column elementor-element elementor-element-07bcefa\" data-id=\"07bcefa\" data-element_type=\"column\" data-e-type=\"column\">\n\t\t\t<div class=\"elementor-widget-wrap elementor-element-populated\">\n\t\t\t\t\t\t<div class=\"elementor-element elementor-element-5b7f9f9 elementor-widget elementor-widget-image\" data-id=\"5b7f9f9\" data-element_type=\"widget\" data-e-type=\"widget\" data-widget_type=\"image.default\">\n\t\t\t\t<div class=\"elementor-widget-container\">\n\t\t\t\t\t\t\t\t\t\t\t\t\t\t\t<img decoding=\"async\" width=\"268\" height=\"528\" src=\"https:\/\/gts-systems.com\/wp-content\/uploads\/2022\/09\/auftrags_details_unten_EN_montiert.png\" class=\"attachment-medium_large size-medium_large wp-image-13275\" alt=\"\" srcset=\"https:\/\/gts-systems.com\/wp-content\/uploads\/2022\/09\/auftrags_details_unten_EN_montiert.png 268w, https:\/\/gts-systems.com\/wp-content\/uploads\/2022\/09\/auftrags_details_unten_EN_montiert-152x300.png 152w, https:\/\/gts-systems.com\/wp-content\/uploads\/2022\/09\/auftrags_details_unten_EN_montiert-6x12.png 6w\" sizes=\"(max-width: 268px) 100vw, 268px\" \/>\t\t\t\t\t\t\t\t\t\t\t\t\t\t\t<\/div>\n\t\t\t\t<\/div>\n\t\t\t\t\t<\/div>\n\t\t<\/div>\n\t\t\t\t\t<\/div>\n\t\t<\/section>\n\t\t\t\t\t<\/div>\n\t\t<\/div>\n\t\t\t\t\t<\/div>\n\t\t<\/section>\n\t\t\t\t<section class=\"elementor-section elementor-top-section elementor-element elementor-element-4083de1 elementor-section-boxed elementor-section-height-default elementor-section-height-default\" data-id=\"4083de1\" data-element_type=\"section\" data-e-type=\"section\">\n\t\t\t\t\t\t<div class=\"elementor-container elementor-column-gap-default\">\n\t\t\t\t\t<div class=\"elementor-column elementor-col-50 elementor-top-column elementor-element elementor-element-9d0de05\" data-id=\"9d0de05\" data-element_type=\"column\" data-e-type=\"column\">\n\t\t\t<div class=\"elementor-widget-wrap elementor-element-populated\">\n\t\t\t\t\t\t<div class=\"elementor-element elementor-element-860238b elementor-widget elementor-widget-heading\" data-id=\"860238b\" data-element_type=\"widget\" data-e-type=\"widget\" data-widget_type=\"heading.default\">\n\t\t\t\t<div class=\"elementor-widget-container\">\n\t\t\t\t\t<h2 class=\"elementor-heading-title elementor-size-default\">Contatto<\/h2>\t\t\t\t<\/div>\n\t\t\t\t<\/div>\n\t\t\t\t<div class=\"elementor-element elementor-element-0b31162 elementor-widget elementor-widget-text-editor\" data-id=\"0b31162\" data-element_type=\"widget\" data-e-type=\"widget\" data-widget_type=\"text-editor.default\">\n\t\t\t\t<div class=\"elementor-widget-container\">\n\t\t\t\t\t\t\t\t\t<p>Ci sono domande?<br \/>Siamo felici di aiutarvi.<\/p>\t\t\t\t\t\t\t\t<\/div>\n\t\t\t\t<\/div>\n\t\t\t\t\t<\/div>\n\t\t<\/div>\n\t\t\t\t<div class=\"elementor-column elementor-col-50 elementor-top-column elementor-element elementor-element-d2aee2b\" data-id=\"d2aee2b\" data-element_type=\"column\" data-e-type=\"column\">\n\t\t\t<div class=\"elementor-widget-wrap elementor-element-populated\">\n\t\t\t\t\t\t<div class=\"elementor-element elementor-element-aca314e elementor-widget elementor-widget-text-editor\" data-id=\"aca314e\" data-element_type=\"widget\" data-e-type=\"widget\" data-widget_type=\"text-editor.default\">\n\t\t\t\t<div class=\"elementor-widget-container\">\n\t\t\t\t\t\t\t\t\t<p>phone. <span style=\"color: #000000;\">+49 241 609595 00<\/span><br \/>email. info@gts-systems.de<\/p>\t\t\t\t\t\t\t\t<\/div>\n\t\t\t\t<\/div>\n\t\t\t\t\t<\/div>\n\t\t<\/div>\n\t\t\t\t\t<\/div>\n\t\t<\/section>\n\t\t\t\t<\/div>","protected":false},"excerpt":{"rendered":"<p>TransIT Mobile App. Die Tour wurde in TransIT geplant und ist bereit, um gefahren zu werden. Doch wie gelangt sie nun am effizientesten zum Fahrer? Sie wird per Telematik-System an den Fahrer geschickt. Hier gibt es zwei M\u00f6glichkeiten: Zum einen bietet TransIT Standardschnittstellen zu vielen g\u00e4ngigen ERP- und Telematiksystemen. Zum anderen kann die Tour aus [&hellip;]<\/p>\n","protected":false},"author":5,"featured_media":0,"parent":21,"menu_order":0,"comment_status":"closed","ping_status":"closed","template":"","meta":{"footnotes":""},"class_list":["post-13268","page","type-page","status-publish","hentry"],"yoast_head":"<!-- This site is optimized with the Yoast SEO plugin v27.3 - https:\/\/yoast.com\/product\/yoast-seo-wordpress\/ -->\n<title>TransIT Mobile App - gts systems<\/title>\n<meta name=\"robots\" content=\"index, follow, max-snippet:-1, max-image-preview:large, max-video-preview:-1\" \/>\n<link rel=\"canonical\" href=\"https:\/\/gts-systems.com\/it\/pianificazione-del-tour\/transit-mobile-app\/\" \/>\n<meta property=\"og:locale\" content=\"it_IT\" \/>\n<meta property=\"og:type\" content=\"article\" \/>\n<meta property=\"og:title\" content=\"TransIT Mobile App - gts systems\" \/>\n<meta property=\"og:description\" content=\"TransIT Mobile App. Die Tour wurde in TransIT geplant und ist bereit, um gefahren zu werden. Doch wie gelangt sie nun am effizientesten zum Fahrer? Sie wird per Telematik-System an den Fahrer geschickt. Hier gibt es zwei M\u00f6glichkeiten: Zum einen bietet TransIT Standardschnittstellen zu vielen g\u00e4ngigen ERP- und Telematiksystemen. Zum anderen kann die Tour aus [&hellip;]\" \/>\n<meta property=\"og:url\" content=\"https:\/\/gts-systems.com\/it\/pianificazione-del-tour\/transit-mobile-app\/\" \/>\n<meta property=\"og:site_name\" content=\"gts systems\" \/>\n<meta property=\"article:modified_time\" content=\"2024-11-07T12:47:01+00:00\" \/>\n<meta property=\"og:image\" content=\"https:\/\/gts-systems.com\/wp-content\/uploads\/2022\/09\/auftragsliste_raw.png\" \/>\n<meta name=\"twitter:card\" content=\"summary_large_image\" \/>\n<meta name=\"twitter:label1\" content=\"Tempo di lettura stimato\" \/>\n\t<meta name=\"twitter:data1\" content=\"3 minuti\" \/>\n<!-- \/ Yoast SEO plugin. -->","yoast_head_json":{"title":"TransIT Mobile App - gts systems","robots":{"index":"index","follow":"follow","max-snippet":"max-snippet:-1","max-image-preview":"max-image-preview:large","max-video-preview":"max-video-preview:-1"},"canonical":"https:\/\/gts-systems.com\/it\/pianificazione-del-tour\/transit-mobile-app\/","og_locale":"it_IT","og_type":"article","og_title":"TransIT Mobile App - gts systems","og_description":"TransIT Mobile App. Die Tour wurde in TransIT geplant und ist bereit, um gefahren zu werden. Doch wie gelangt sie nun am effizientesten zum Fahrer? Sie wird per Telematik-System an den Fahrer geschickt. Hier gibt es zwei M\u00f6glichkeiten: Zum einen bietet TransIT Standardschnittstellen zu vielen g\u00e4ngigen ERP- und Telematiksystemen. Zum anderen kann die Tour aus [&hellip;]","og_url":"https:\/\/gts-systems.com\/it\/pianificazione-del-tour\/transit-mobile-app\/","og_site_name":"gts systems","article_modified_time":"2024-11-07T12:47:01+00:00","og_image":[{"url":"https:\/\/gts-systems.com\/wp-content\/uploads\/2022\/09\/auftragsliste_raw.png","type":"","width":"","height":""}],"twitter_card":"summary_large_image","twitter_misc":{"Tempo di lettura stimato":"3 minuti"},"schema":{"@context":"https:\/\/schema.org","@graph":[{"@type":"WebPage","@id":"https:\/\/gts-systems.com\/tourenplanung\/transit-mobile-app\/","url":"https:\/\/gts-systems.com\/tourenplanung\/transit-mobile-app\/","name":"TransIT Mobile App - gts systems","isPartOf":{"@id":"https:\/\/gts-systems.com\/#website"},"primaryImageOfPage":{"@id":"https:\/\/gts-systems.com\/tourenplanung\/transit-mobile-app\/#primaryimage"},"image":{"@id":"https:\/\/gts-systems.com\/tourenplanung\/transit-mobile-app\/#primaryimage"},"thumbnailUrl":"https:\/\/gts-systems.com\/wp-content\/uploads\/2022\/09\/auftragsliste_raw.png","datePublished":"2022-09-08T11:32:33+00:00","dateModified":"2024-11-07T12:47:01+00:00","breadcrumb":{"@id":"https:\/\/gts-systems.com\/tourenplanung\/transit-mobile-app\/#breadcrumb"},"inLanguage":"it-IT","potentialAction":[{"@type":"ReadAction","target":["https:\/\/gts-systems.com\/tourenplanung\/transit-mobile-app\/"]}]},{"@type":"ImageObject","inLanguage":"it-IT","@id":"https:\/\/gts-systems.com\/tourenplanung\/transit-mobile-app\/#primaryimage","url":"https:\/\/gts-systems.com\/wp-content\/uploads\/2022\/09\/auftragsliste_raw.png","contentUrl":"https:\/\/gts-systems.com\/wp-content\/uploads\/2022\/09\/auftragsliste_raw.png"},{"@type":"BreadcrumbList","@id":"https:\/\/gts-systems.com\/tourenplanung\/transit-mobile-app\/#breadcrumb","itemListElement":[{"@type":"ListItem","position":1,"name":"Startseite","item":"https:\/\/gts-systems.com\/"},{"@type":"ListItem","position":2,"name":"Tourenplanung","item":"https:\/\/gts-systems.com\/tourenplanung\/"},{"@type":"ListItem","position":3,"name":"TransIT Mobile App"}]},{"@type":"WebSite","@id":"https:\/\/gts-systems.com\/#website","url":"https:\/\/gts-systems.com\/","name":"gts systems","description":"Ottimizzare ora","publisher":{"@id":"https:\/\/gts-systems.com\/#organization"},"potentialAction":[{"@type":"SearchAction","target":{"@type":"EntryPoint","urlTemplate":"https:\/\/gts-systems.com\/?s={search_term_string}"},"query-input":{"@type":"PropertyValueSpecification","valueRequired":true,"valueName":"search_term_string"}}],"inLanguage":"it-IT"},{"@type":"Organization","@id":"https:\/\/gts-systems.com\/#organization","name":"gts-systems","url":"https:\/\/gts-systems.com\/","logo":{"@type":"ImageObject","inLanguage":"it-IT","@id":"https:\/\/gts-systems.com\/#\/schema\/logo\/image\/","url":"https:\/\/gts-systems.com\/wp-content\/uploads\/2021\/03\/logogtssystems_1.svg","contentUrl":"https:\/\/gts-systems.com\/wp-content\/uploads\/2021\/03\/logogtssystems_1.svg","width":1,"height":1,"caption":"gts-systems"},"image":{"@id":"https:\/\/gts-systems.com\/#\/schema\/logo\/image\/"},"sameAs":["https:\/\/www.linkedin.com\/company\/gts-systems-and-consulting-gmbh"]}]}},"_links":{"self":[{"href":"https:\/\/gts-systems.com\/it\/wp-json\/wp\/v2\/pages\/13268","targetHints":{"allow":["GET"]}}],"collection":[{"href":"https:\/\/gts-systems.com\/it\/wp-json\/wp\/v2\/pages"}],"about":[{"href":"https:\/\/gts-systems.com\/it\/wp-json\/wp\/v2\/types\/page"}],"author":[{"embeddable":true,"href":"https:\/\/gts-systems.com\/it\/wp-json\/wp\/v2\/users\/5"}],"replies":[{"embeddable":true,"href":"https:\/\/gts-systems.com\/it\/wp-json\/wp\/v2\/comments?post=13268"}],"version-history":[{"count":0,"href":"https:\/\/gts-systems.com\/it\/wp-json\/wp\/v2\/pages\/13268\/revisions"}],"up":[{"embeddable":true,"href":"https:\/\/gts-systems.com\/it\/wp-json\/wp\/v2\/pages\/21"}],"wp:attachment":[{"href":"https:\/\/gts-systems.com\/it\/wp-json\/wp\/v2\/media?parent=13268"}],"curies":[{"name":"wp","href":"https:\/\/api.w.org\/{rel}","templated":true}]}}