{"id":116,"date":"2020-08-25T12:35:09","date_gmt":"2020-08-25T10:35:09","guid":{"rendered":"http:\/\/gts-systems.com\/?page_id=116"},"modified":"2024-11-07T13:51:37","modified_gmt":"2024-11-07T12:51:37","slug":"ottimizzazione-della-catena-di-fornitura","status":"publish","type":"page","link":"https:\/\/gts-systems.com\/it\/optimierung\/supply-chain-optimierung\/","title":{"rendered":"Ottimizzazione della catena di fornitura"},"content":{"rendered":"<div data-elementor-type=\"wp-page\" data-elementor-id=\"116\" class=\"elementor elementor-116\" data-elementor-post-type=\"page\">\n\t\t\t\t\t\t<section class=\"elementor-section elementor-top-section elementor-element elementor-element-6e07353d elementor-section-full_width elementor-section-stretched elementor-section-height-default elementor-section-height-default\" data-id=\"6e07353d\" data-element_type=\"section\" data-e-type=\"section\" data-settings=\"{&quot;stretch_section&quot;:&quot;section-stretched&quot;,&quot;background_background&quot;:&quot;classic&quot;}\">\n\t\t\t\t\t\t<div class=\"elementor-container elementor-column-gap-default\">\n\t\t\t\t\t<div class=\"elementor-column elementor-col-100 elementor-top-column elementor-element elementor-element-7b998845\" data-id=\"7b998845\" data-element_type=\"column\" data-e-type=\"column\">\n\t\t\t<div class=\"elementor-widget-wrap elementor-element-populated\">\n\t\t\t\t\t\t<div class=\"elementor-element elementor-element-72e12eb1 elementor-widget elementor-widget-heading\" data-id=\"72e12eb1\" data-element_type=\"widget\" data-e-type=\"widget\" data-widget_type=\"heading.default\">\n\t\t\t\t<div class=\"elementor-widget-container\">\n\t\t\t\t\t<h1 class=\"elementor-heading-title elementor-size-default\">Ottimizzazione della catena di approvvigionamento.<\/h1>\t\t\t\t<\/div>\n\t\t\t\t<\/div>\n\t\t\t\t\t<\/div>\n\t\t<\/div>\n\t\t\t\t\t<\/div>\n\t\t<\/section>\n\t\t\t\t<section class=\"elementor-section elementor-top-section elementor-element elementor-element-97e1d9d elementor-section-boxed elementor-section-height-default elementor-section-height-default\" data-id=\"97e1d9d\" data-element_type=\"section\" data-e-type=\"section\">\n\t\t\t\t\t\t<div class=\"elementor-container elementor-column-gap-default\">\n\t\t\t\t\t<div class=\"elementor-column elementor-col-100 elementor-top-column elementor-element elementor-element-c779a33\" data-id=\"c779a33\" data-element_type=\"column\" data-e-type=\"column\">\n\t\t\t<div class=\"elementor-widget-wrap elementor-element-populated\">\n\t\t\t\t\t\t<div class=\"elementor-element elementor-element-19bfc89 elementor-widget elementor-widget-text-editor\" data-id=\"19bfc89\" data-element_type=\"widget\" data-e-type=\"widget\" data-widget_type=\"text-editor.default\">\n\t\t\t\t<div class=\"elementor-widget-container\">\n\t\t\t\t\t\t\t\t\t<p>Per un'ottimizzazione sostenibile della catena di approvvigionamento, \u00e8 fondamentale un'analisi olistica e lungimirante, che tenga conto non solo degli aspetti della propria azienda, ma anche di fattori esterni e futuri (come il cross docking, l'inventario gestito dal fornitore, la personalizzazione e il rinvio di massa, la reverse supply chain).<\/p><p>Per questo diamo particolare importanza alla considerazione prospettica e lungimirante dei processi. La nostra consulenza analitica, basata sull'ottimizzazione con modelli di ottimizzazione specifici per l'azienda e la simulazione, sono i nostri strumenti. Questi vi aiutano, come manager della catena di fornitura, a pianificare i vostri processi e le vostre capacit\u00e0 in modo pi\u00f9 realistico e a raggiungere un alto grado di automazione. Inoltre, l'ottimizzazione vi fornisce una base per decidere il grado di digitalizzazione dei sistemi e l'outsourcing dei servizi.<\/p>\t\t\t\t\t\t\t\t<\/div>\n\t\t\t\t<\/div>\n\t\t\t\t\t<\/div>\n\t\t<\/div>\n\t\t\t\t\t<\/div>\n\t\t<\/section>\n\t\t\t\t<section class=\"elementor-section elementor-top-section elementor-element elementor-element-107b265 elementor-section-boxed elementor-section-height-default elementor-section-height-default\" data-id=\"107b265\" data-element_type=\"section\" data-e-type=\"section\">\n\t\t\t\t\t\t<div class=\"elementor-container elementor-column-gap-wide\">\n\t\t\t\t\t<div class=\"elementor-column elementor-col-50 elementor-top-column elementor-element elementor-element-1156d1c\" data-id=\"1156d1c\" data-element_type=\"column\" data-e-type=\"column\">\n\t\t\t<div class=\"elementor-widget-wrap elementor-element-populated\">\n\t\t\t\t\t\t<div class=\"elementor-element elementor-element-d581af7 elementor-widget elementor-widget-heading\" data-id=\"d581af7\" data-element_type=\"widget\" data-e-type=\"widget\" data-widget_type=\"heading.default\">\n\t\t\t\t<div class=\"elementor-widget-container\">\n\t\t\t\t\t<h3 class=\"elementor-heading-title elementor-size-default\">Maggiore efficienza<\/h3>\t\t\t\t<\/div>\n\t\t\t\t<\/div>\n\t\t\t\t<div class=\"elementor-element elementor-element-d5bf220 elementor-widget elementor-widget-text-editor\" data-id=\"d5bf220\" data-element_type=\"widget\" data-e-type=\"widget\" data-widget_type=\"text-editor.default\">\n\t\t\t\t<div class=\"elementor-widget-container\">\n\t\t\t\t\t\t\t\t\t<ul><li>Risparmi sui costi attraverso una migliore coordinazione dell'intera catena di approvvigionamento<\/li><li>Pianificazione pi\u00f9 realistica basata su ottimizzazione e simulazione<\/li><li>Un livello di servizio pi\u00f9 alto attraverso una maggiore disponibilit\u00e0, consegna, accessibilit\u00e0 e flessibilit\u00e0<\/li><li>Aumento della produttivit\u00e0 attraverso un migliore utilizzo<\/li><li>Trasparenza in tutte le fasi della catena di approvvigionamento<\/li><li>Ottimizzazione dei processi di approvvigionamento<\/li><\/ul>\t\t\t\t\t\t\t\t<\/div>\n\t\t\t\t<\/div>\n\t\t\t\t\t<\/div>\n\t\t<\/div>\n\t\t\t\t<div class=\"elementor-column elementor-col-50 elementor-top-column elementor-element elementor-element-1bbdec3\" data-id=\"1bbdec3\" data-element_type=\"column\" data-e-type=\"column\">\n\t\t\t<div class=\"elementor-widget-wrap elementor-element-populated\">\n\t\t\t\t\t\t<div class=\"elementor-element elementor-element-8355830 elementor-widget elementor-widget-heading\" data-id=\"8355830\" data-element_type=\"widget\" data-e-type=\"widget\" data-widget_type=\"heading.default\">\n\t\t\t\t<div class=\"elementor-widget-container\">\n\t\t\t\t\t<h3 class=\"elementor-heading-title elementor-size-default\">Meno sforzo<\/h3>\t\t\t\t<\/div>\n\t\t\t\t<\/div>\n\t\t\t\t<div class=\"elementor-element elementor-element-c2ca498 elementor-widget elementor-widget-text-editor\" data-id=\"c2ca498\" data-element_type=\"widget\" data-e-type=\"widget\" data-widget_type=\"text-editor.default\">\n\t\t\t\t<div class=\"elementor-widget-container\">\n\t\t\t\t\t\t\t\t\t<ul><li>Gestione in tempo reale (rispondendo a cancellazioni, ordini a breve termine, ecc.)<\/li><li>Riduzione della complessit\u00e0 e dell'imponderabile razionalizzazione dei processi e delle strutture<\/li><li>razionalizzazione dei processi e delle strutture<\/li><li>Migliorare i flussi di dati, integrare le informazioni pertinenti e l'accesso a tutte le informazioni di pianificazione<\/li><li>Riduzione dello sforzo manuale<\/li><li>Migliore risposta all'imprevisto grazie alla precedente generazione di scenari di conseguenze e impatti<\/li><\/ul>\t\t\t\t\t\t\t\t<\/div>\n\t\t\t\t<\/div>\n\t\t\t\t\t<\/div>\n\t\t<\/div>\n\t\t\t\t\t<\/div>\n\t\t<\/section>\n\t\t\t\t<section class=\"elementor-section elementor-top-section elementor-element elementor-element-5d84b6b elementor-section-boxed elementor-section-height-default elementor-section-height-default\" data-id=\"5d84b6b\" data-element_type=\"section\" data-e-type=\"section\">\n\t\t\t\t\t\t<div class=\"elementor-container elementor-column-gap-default\">\n\t\t\t\t\t<div class=\"elementor-column elementor-col-100 elementor-top-column elementor-element elementor-element-b79a2ec\" data-id=\"b79a2ec\" data-element_type=\"column\" data-e-type=\"column\">\n\t\t\t<div class=\"elementor-widget-wrap elementor-element-populated\">\n\t\t\t\t\t\t<div class=\"elementor-element elementor-element-8f7824c elementor-widget-divider--view-line elementor-widget elementor-widget-divider\" data-id=\"8f7824c\" data-element_type=\"widget\" data-e-type=\"widget\" data-widget_type=\"divider.default\">\n\t\t\t\t<div class=\"elementor-widget-container\">\n\t\t\t\t\t\t\t<div class=\"elementor-divider\">\n\t\t\t<span class=\"elementor-divider-separator\">\n\t\t\t\t\t\t<\/span>\n\t\t<\/div>\n\t\t\t\t\t\t<\/div>\n\t\t\t\t<\/div>\n\t\t\t\t<div class=\"elementor-element elementor-element-6c34f6a elementor-widget elementor-widget-heading\" data-id=\"6c34f6a\" data-element_type=\"widget\" data-e-type=\"widget\" data-widget_type=\"heading.default\">\n\t\t\t\t<div class=\"elementor-widget-container\">\n\t\t\t\t\t<h2 class=\"elementor-heading-title elementor-size-large\">\"\u00c8 la qualit\u00e0 del software che conta. <br>  Solo cos\u00ec i nostri clienti sono sempre un passo avanti\".<\/h2>\t\t\t\t<\/div>\n\t\t\t\t<\/div>\n\t\t\t\t<div class=\"elementor-element elementor-element-38379ad elementor-widget elementor-widget-image\" data-id=\"38379ad\" data-element_type=\"widget\" data-e-type=\"widget\" data-widget_type=\"image.default\">\n\t\t\t\t<div class=\"elementor-widget-container\">\n\t\t\t\t\t\t\t\t\t\t\t\t\t\t\t<img fetchpriority=\"high\" decoding=\"async\" width=\"580\" height=\"387\" src=\"https:\/\/gts-systems.com\/wp-content\/uploads\/2023\/02\/2204_Gruenert-0975-1-768x512.jpg\" class=\"attachment-medium_large size-medium_large wp-image-15120\" alt=\"\" srcset=\"https:\/\/gts-systems.com\/wp-content\/uploads\/2023\/02\/2204_Gruenert-0975-1-768x512.jpg 768w, https:\/\/gts-systems.com\/wp-content\/uploads\/2023\/02\/2204_Gruenert-0975-1-300x200.jpg 300w, https:\/\/gts-systems.com\/wp-content\/uploads\/2023\/02\/2204_Gruenert-0975-1-18x12.jpg 18w, https:\/\/gts-systems.com\/wp-content\/uploads\/2023\/02\/2204_Gruenert-0975-1.jpg 850w\" sizes=\"(max-width: 580px) 100vw, 580px\" \/>\t\t\t\t\t\t\t\t\t\t\t\t\t\t\t<\/div>\n\t\t\t\t<\/div>\n\t\t\t\t<div class=\"elementor-element elementor-element-47deb7d elementor-widget elementor-widget-text-editor\" data-id=\"47deb7d\" data-element_type=\"widget\" data-e-type=\"widget\" data-widget_type=\"text-editor.default\">\n\t\t\t\t<div class=\"elementor-widget-container\">\n\t\t\t\t\t\t\t\t\t<p>Dr. Tore Gr\u00fcnert<\/p>\t\t\t\t\t\t\t\t<\/div>\n\t\t\t\t<\/div>\n\t\t\t\t<div class=\"elementor-element elementor-element-27b6259 elementor-widget elementor-widget-text-editor\" data-id=\"27b6259\" data-element_type=\"widget\" data-e-type=\"widget\" data-widget_type=\"text-editor.default\">\n\t\t\t\t<div class=\"elementor-widget-container\">\n\t\t\t\t\t\t\t\t\t<p>Gesch\u00e4ftsf\u00fchrer<\/p>\t\t\t\t\t\t\t\t<\/div>\n\t\t\t\t<\/div>\n\t\t\t\t<div class=\"elementor-element elementor-element-b5a1ba2 elementor-widget-divider--view-line elementor-widget elementor-widget-divider\" data-id=\"b5a1ba2\" data-element_type=\"widget\" data-e-type=\"widget\" data-widget_type=\"divider.default\">\n\t\t\t\t<div class=\"elementor-widget-container\">\n\t\t\t\t\t\t\t<div class=\"elementor-divider\">\n\t\t\t<span class=\"elementor-divider-separator\">\n\t\t\t\t\t\t<\/span>\n\t\t<\/div>\n\t\t\t\t\t\t<\/div>\n\t\t\t\t<\/div>\n\t\t\t\t\t<\/div>\n\t\t<\/div>\n\t\t\t\t\t<\/div>\n\t\t<\/section>\n\t\t\t\t<section class=\"elementor-section elementor-top-section elementor-element elementor-element-3d7307be elementor-section-boxed elementor-section-height-default elementor-section-height-default\" data-id=\"3d7307be\" data-element_type=\"section\" data-e-type=\"section\">\n\t\t\t\t\t\t<div class=\"elementor-container elementor-column-gap-default\">\n\t\t\t\t\t<div class=\"elementor-column elementor-col-50 elementor-top-column elementor-element elementor-element-1e43ff0\" data-id=\"1e43ff0\" data-element_type=\"column\" data-e-type=\"column\">\n\t\t\t<div class=\"elementor-widget-wrap elementor-element-populated\">\n\t\t\t\t\t\t<div class=\"elementor-element elementor-element-7adc8aa0 elementor-widget elementor-widget-heading\" data-id=\"7adc8aa0\" data-element_type=\"widget\" data-e-type=\"widget\" data-widget_type=\"heading.default\">\n\t\t\t\t<div class=\"elementor-widget-container\">\n\t\t\t\t\t<h2 class=\"elementor-heading-title elementor-size-default\">Contatto<\/h2>\t\t\t\t<\/div>\n\t\t\t\t<\/div>\n\t\t\t\t<div class=\"elementor-element elementor-element-3dde26cb elementor-widget elementor-widget-text-editor\" data-id=\"3dde26cb\" data-element_type=\"widget\" data-e-type=\"widget\" data-widget_type=\"text-editor.default\">\n\t\t\t\t<div class=\"elementor-widget-container\">\n\t\t\t\t\t\t\t\t\t<p>Ci sono domande?<br \/>Siamo felici di aiutarvi.<\/p>\t\t\t\t\t\t\t\t<\/div>\n\t\t\t\t<\/div>\n\t\t\t\t\t<\/div>\n\t\t<\/div>\n\t\t\t\t<div class=\"elementor-column elementor-col-50 elementor-top-column elementor-element elementor-element-3d174135\" data-id=\"3d174135\" data-element_type=\"column\" data-e-type=\"column\">\n\t\t\t<div class=\"elementor-widget-wrap elementor-element-populated\">\n\t\t\t\t\t\t<div class=\"elementor-element elementor-element-5a61485d elementor-widget elementor-widget-text-editor\" data-id=\"5a61485d\" data-element_type=\"widget\" data-e-type=\"widget\" data-widget_type=\"text-editor.default\">\n\t\t\t\t<div class=\"elementor-widget-container\">\n\t\t\t\t\t\t\t\t\t<p>phone. <span style=\"color: #000000;\">+49 241 609595 00<\/span><br \/>email. info@gts-systems.de<\/p>\t\t\t\t\t\t\t\t<\/div>\n\t\t\t\t<\/div>\n\t\t\t\t\t<\/div>\n\t\t<\/div>\n\t\t\t\t\t<\/div>\n\t\t<\/section>\n\t\t\t\t<\/div>","protected":false},"excerpt":{"rendered":"<p>Supply-Chain-Optimierung. F\u00fcr eine nachhaltig belastbare Supply-Chain-Optimierung ist eine ganzheitliche und weitsichtige Analyse entscheidend, die nicht nur die Aspekte des eigenen Unternehmens ber\u00fccksichtigt, sondern auch externe und zuk\u00fcnftige Faktoren (wie z. B. etwa Cross-Docking, Vendor Managed Inventory, Mass Customisation und Postponement, Reverse Supply Chain) umfasst. Deshalb legen wir einen besonderen Schwerpunkt auf die perspektivische, vorausschauende Betrachtung [&hellip;]<\/p>\n","protected":false},"author":5,"featured_media":0,"parent":23,"menu_order":0,"comment_status":"closed","ping_status":"closed","template":"","meta":{"footnotes":""},"class_list":["post-116","page","type-page","status-publish","hentry"],"yoast_head":"<!-- This site is optimized with the Yoast SEO plugin v27.3 - https:\/\/yoast.com\/product\/yoast-seo-wordpress\/ -->\n<title>Supply-Chain-Optimierung - gts systems<\/title>\n<meta name=\"robots\" content=\"index, follow, max-snippet:-1, max-image-preview:large, max-video-preview:-1\" \/>\n<link rel=\"canonical\" href=\"https:\/\/gts-systems.com\/it\/ottimizzazione\/ottimizzazione-della-catena-di-fornitura\/\" \/>\n<meta property=\"og:locale\" content=\"it_IT\" \/>\n<meta property=\"og:type\" content=\"article\" \/>\n<meta property=\"og:title\" content=\"Supply-Chain-Optimierung - gts systems\" \/>\n<meta property=\"og:description\" content=\"Supply-Chain-Optimierung. F\u00fcr eine nachhaltig belastbare Supply-Chain-Optimierung ist eine ganzheitliche und weitsichtige Analyse entscheidend, die nicht nur die Aspekte des eigenen Unternehmens ber\u00fccksichtigt, sondern auch externe und zuk\u00fcnftige Faktoren (wie z. B. etwa Cross-Docking, Vendor Managed Inventory, Mass Customisation und Postponement, Reverse Supply Chain) umfasst. Deshalb legen wir einen besonderen Schwerpunkt auf die perspektivische, vorausschauende Betrachtung [&hellip;]\" \/>\n<meta property=\"og:url\" content=\"https:\/\/gts-systems.com\/it\/ottimizzazione\/ottimizzazione-della-catena-di-fornitura\/\" \/>\n<meta property=\"og:site_name\" content=\"gts systems\" \/>\n<meta property=\"article:modified_time\" content=\"2024-11-07T12:51:37+00:00\" \/>\n<meta property=\"og:image\" content=\"https:\/\/gts-systems.com\/wp-content\/uploads\/2023\/02\/2204_Gruenert-0975-1-768x512.jpg\" \/>\n<meta name=\"twitter:card\" content=\"summary_large_image\" \/>\n<meta name=\"twitter:label1\" content=\"Tempo di lettura stimato\" \/>\n\t<meta name=\"twitter:data1\" content=\"2 minuti\" \/>\n<!-- \/ Yoast SEO plugin. -->","yoast_head_json":{"title":"Ottimizzazione della catena di fornitura - gts systems","robots":{"index":"index","follow":"follow","max-snippet":"max-snippet:-1","max-image-preview":"max-image-preview:large","max-video-preview":"max-video-preview:-1"},"canonical":"https:\/\/gts-systems.com\/it\/ottimizzazione\/ottimizzazione-della-catena-di-fornitura\/","og_locale":"it_IT","og_type":"article","og_title":"Supply-Chain-Optimierung - gts systems","og_description":"Supply-Chain-Optimierung. F\u00fcr eine nachhaltig belastbare Supply-Chain-Optimierung ist eine ganzheitliche und weitsichtige Analyse entscheidend, die nicht nur die Aspekte des eigenen Unternehmens ber\u00fccksichtigt, sondern auch externe und zuk\u00fcnftige Faktoren (wie z. B. etwa Cross-Docking, Vendor Managed Inventory, Mass Customisation und Postponement, Reverse Supply Chain) umfasst. Deshalb legen wir einen besonderen Schwerpunkt auf die perspektivische, vorausschauende Betrachtung [&hellip;]","og_url":"https:\/\/gts-systems.com\/it\/ottimizzazione\/ottimizzazione-della-catena-di-fornitura\/","og_site_name":"gts systems","article_modified_time":"2024-11-07T12:51:37+00:00","og_image":[{"url":"https:\/\/gts-systems.com\/wp-content\/uploads\/2023\/02\/2204_Gruenert-0975-1-768x512.jpg","type":"","width":"","height":""}],"twitter_card":"summary_large_image","twitter_misc":{"Tempo di lettura stimato":"2 minuti"},"schema":{"@context":"https:\/\/schema.org","@graph":[{"@type":"WebPage","@id":"https:\/\/gts-systems.com\/optimierung\/supply-chain-optimierung\/","url":"https:\/\/gts-systems.com\/optimierung\/supply-chain-optimierung\/","name":"Ottimizzazione della catena di fornitura - gts systems","isPartOf":{"@id":"https:\/\/gts-systems.com\/#website"},"primaryImageOfPage":{"@id":"https:\/\/gts-systems.com\/optimierung\/supply-chain-optimierung\/#primaryimage"},"image":{"@id":"https:\/\/gts-systems.com\/optimierung\/supply-chain-optimierung\/#primaryimage"},"thumbnailUrl":"https:\/\/gts-systems.com\/wp-content\/uploads\/2023\/02\/2204_Gruenert-0975-1-768x512.jpg","datePublished":"2020-08-25T10:35:09+00:00","dateModified":"2024-11-07T12:51:37+00:00","breadcrumb":{"@id":"https:\/\/gts-systems.com\/optimierung\/supply-chain-optimierung\/#breadcrumb"},"inLanguage":"it-IT","potentialAction":[{"@type":"ReadAction","target":["https:\/\/gts-systems.com\/optimierung\/supply-chain-optimierung\/"]}]},{"@type":"ImageObject","inLanguage":"it-IT","@id":"https:\/\/gts-systems.com\/optimierung\/supply-chain-optimierung\/#primaryimage","url":"https:\/\/gts-systems.com\/wp-content\/uploads\/2023\/02\/2204_Gruenert-0975-1-768x512.jpg","contentUrl":"https:\/\/gts-systems.com\/wp-content\/uploads\/2023\/02\/2204_Gruenert-0975-1-768x512.jpg"},{"@type":"BreadcrumbList","@id":"https:\/\/gts-systems.com\/optimierung\/supply-chain-optimierung\/#breadcrumb","itemListElement":[{"@type":"ListItem","position":1,"name":"Startseite","item":"https:\/\/gts-systems.com\/"},{"@type":"ListItem","position":2,"name":"Optimierung","item":"https:\/\/gts-systems.com\/optimierung\/"},{"@type":"ListItem","position":3,"name":"Supply-Chain-Optimierung"}]},{"@type":"WebSite","@id":"https:\/\/gts-systems.com\/#website","url":"https:\/\/gts-systems.com\/","name":"gts systems","description":"Ottimizzare ora","publisher":{"@id":"https:\/\/gts-systems.com\/#organization"},"potentialAction":[{"@type":"SearchAction","target":{"@type":"EntryPoint","urlTemplate":"https:\/\/gts-systems.com\/?s={search_term_string}"},"query-input":{"@type":"PropertyValueSpecification","valueRequired":true,"valueName":"search_term_string"}}],"inLanguage":"it-IT"},{"@type":"Organization","@id":"https:\/\/gts-systems.com\/#organization","name":"gts-systems","url":"https:\/\/gts-systems.com\/","logo":{"@type":"ImageObject","inLanguage":"it-IT","@id":"https:\/\/gts-systems.com\/#\/schema\/logo\/image\/","url":"https:\/\/gts-systems.com\/wp-content\/uploads\/2021\/03\/logogtssystems_1.svg","contentUrl":"https:\/\/gts-systems.com\/wp-content\/uploads\/2021\/03\/logogtssystems_1.svg","width":1,"height":1,"caption":"gts-systems"},"image":{"@id":"https:\/\/gts-systems.com\/#\/schema\/logo\/image\/"},"sameAs":["https:\/\/www.linkedin.com\/company\/gts-systems-and-consulting-gmbh"]}]}},"_links":{"self":[{"href":"https:\/\/gts-systems.com\/it\/wp-json\/wp\/v2\/pages\/116","targetHints":{"allow":["GET"]}}],"collection":[{"href":"https:\/\/gts-systems.com\/it\/wp-json\/wp\/v2\/pages"}],"about":[{"href":"https:\/\/gts-systems.com\/it\/wp-json\/wp\/v2\/types\/page"}],"author":[{"embeddable":true,"href":"https:\/\/gts-systems.com\/it\/wp-json\/wp\/v2\/users\/5"}],"replies":[{"embeddable":true,"href":"https:\/\/gts-systems.com\/it\/wp-json\/wp\/v2\/comments?post=116"}],"version-history":[{"count":0,"href":"https:\/\/gts-systems.com\/it\/wp-json\/wp\/v2\/pages\/116\/revisions"}],"up":[{"embeddable":true,"href":"https:\/\/gts-systems.com\/it\/wp-json\/wp\/v2\/pages\/23"}],"wp:attachment":[{"href":"https:\/\/gts-systems.com\/it\/wp-json\/wp\/v2\/media?parent=116"}],"curies":[{"name":"wp","href":"https:\/\/api.w.org\/{rel}","templated":true}]}}