{"id":10031,"date":"2021-10-20T08:06:02","date_gmt":"2021-10-20T06:06:02","guid":{"rendered":"https:\/\/gts-systems.com\/?page_id=10031"},"modified":"2025-01-13T09:35:38","modified_gmt":"2025-01-13T08:35:38","slug":"danke-tourenoptimierung-linkedin","status":"publish","type":"page","link":"https:\/\/gts-systems.com\/it\/danke-tourenoptimierung-linkedin\/","title":{"rendered":"Danke Tourenoptimierung LinkedIn"},"content":{"rendered":"<div data-elementor-type=\"wp-page\" data-elementor-id=\"10031\" class=\"elementor elementor-10031\" data-elementor-post-type=\"page\">\n\t\t\t\t\t\t<section class=\"elementor-section elementor-top-section elementor-element elementor-element-6ee1e4df elementor-section-full_width elementor-section-content-middle elementor-section-stretched elementor-section-height-default elementor-section-height-default\" data-id=\"6ee1e4df\" data-element_type=\"section\" data-e-type=\"section\" data-settings=\"{&quot;stretch_section&quot;:&quot;section-stretched&quot;}\">\n\t\t\t\t\t\t<div class=\"elementor-container elementor-column-gap-default\">\n\t\t\t\t\t<div class=\"elementor-column elementor-col-100 elementor-top-column elementor-element elementor-element-f61210e\" data-id=\"f61210e\" data-element_type=\"column\" data-e-type=\"column\">\n\t\t\t<div class=\"elementor-widget-wrap elementor-element-populated\">\n\t\t\t\t\t\t<div class=\"elementor-element elementor-element-7e143bb9 elementor-widget elementor-widget-image\" data-id=\"7e143bb9\" data-element_type=\"widget\" data-e-type=\"widget\" data-widget_type=\"image.default\">\n\t\t\t\t<div class=\"elementor-widget-container\">\n\t\t\t\t\t\t\t\t\t\t\t\t\t\t\t\t<a href=\"https:\/\/gts-systems.com\/it\">\n\t\t\t\t\t\t\t<img decoding=\"async\" src=\"https:\/\/gts-systems.com\/wp-content\/uploads\/elementor\/thumbs\/cropped-logogtssystems_0-1-p2donr48y6tukct08eo7yaiz3wvpf2rw2nlkqw7vu0.png\" title=\"home\" alt=\"home\" loading=\"lazy\" \/>\t\t\t\t\t\t\t\t<\/a>\n\t\t\t\t\t\t\t\t\t\t\t\t\t\t\t<\/div>\n\t\t\t\t<\/div>\n\t\t\t\t<div class=\"elementor-element elementor-element-7b20ba36 elementor-widget-divider--view-line elementor-widget elementor-widget-divider\" data-id=\"7b20ba36\" data-element_type=\"widget\" data-e-type=\"widget\" data-widget_type=\"divider.default\">\n\t\t\t\t<div class=\"elementor-widget-container\">\n\t\t\t\t\t\t\t<div class=\"elementor-divider\">\n\t\t\t<span class=\"elementor-divider-separator\">\n\t\t\t\t\t\t<\/span>\n\t\t<\/div>\n\t\t\t\t\t\t<\/div>\n\t\t\t\t<\/div>\n\t\t\t\t\t<\/div>\n\t\t<\/div>\n\t\t\t\t\t<\/div>\n\t\t<\/section>\n\t\t\t\t<section class=\"elementor-section elementor-top-section elementor-element elementor-element-4a8a75fe elementor-section-boxed elementor-section-height-default elementor-section-height-default\" data-id=\"4a8a75fe\" data-element_type=\"section\" data-e-type=\"section\">\n\t\t\t\t\t\t<div class=\"elementor-container elementor-column-gap-default\">\n\t\t\t\t\t<div class=\"elementor-column elementor-col-100 elementor-top-column elementor-element elementor-element-5e7c60fd\" data-id=\"5e7c60fd\" data-element_type=\"column\" data-e-type=\"column\">\n\t\t\t<div class=\"elementor-widget-wrap elementor-element-populated\">\n\t\t\t\t\t\t<div class=\"elementor-element elementor-element-4d760350 elementor-widget elementor-widget-heading\" data-id=\"4d760350\" data-element_type=\"widget\" data-e-type=\"widget\" data-widget_type=\"heading.default\">\n\t\t\t\t<div class=\"elementor-widget-container\">\n\t\t\t\t\t<h2 class=\"elementor-heading-title elementor-size-default\">Grazie!<\/h2>\t\t\t\t<\/div>\n\t\t\t\t<\/div>\n\t\t\t\t<div class=\"elementor-element elementor-element-5e011e7c elementor-widget elementor-widget-heading\" data-id=\"5e011e7c\" data-element_type=\"widget\" data-e-type=\"widget\" data-widget_type=\"heading.default\">\n\t\t\t\t<div class=\"elementor-widget-container\">\n\t\t\t\t\t<h2 class=\"elementor-heading-title elementor-size-default\">Riceverai una conferma via e-mail.<\/h2>\t\t\t\t<\/div>\n\t\t\t\t<\/div>\n\t\t\t\t<div class=\"elementor-element elementor-element-590f7c05 elementor-widget elementor-widget-text-editor\" data-id=\"590f7c05\" data-element_type=\"widget\" data-e-type=\"widget\" data-widget_type=\"text-editor.default\">\n\t\t\t\t<div class=\"elementor-widget-container\">\n\t\t\t\t\t\t\t\t\t<p>Il nostro team di vendita ti risponder\u00e0 entro 24 ore. Se questo non \u00e8 il caso, allora si \u00e8 verificato un errore tecnico e devi contattarci tramite\u00a0<a href=\"mailto:info@gts-systems.de\" target=\"_blank\" rel=\"noopener noreferrer\">info@gts-systems.de<\/a>\u00a0o contattateci allo 0241\/60959500.<\/p>\t\t\t\t\t\t\t\t<\/div>\n\t\t\t\t<\/div>\n\t\t\t\t<div class=\"elementor-element elementor-element-6ab527a9 elementor-align-center elementor-mobile-align-center elementor-widget elementor-widget-button\" data-id=\"6ab527a9\" data-element_type=\"widget\" data-e-type=\"widget\" data-widget_type=\"button.default\">\n\t\t\t\t<div class=\"elementor-widget-container\">\n\t\t\t\t\t\t\t\t\t<div class=\"elementor-button-wrapper\">\n\t\t\t\t\t<a class=\"elementor-button elementor-button-link elementor-size-sm elementor-animation-grow\" href=\"https:\/\/gts-systems.com\/it\/contatta\/\">\n\t\t\t\t\t\t<span class=\"elementor-button-content-wrapper\">\n\t\t\t\t\t\t<span class=\"elementor-button-icon\">\n\t\t\t\t<i aria-hidden=\"true\" class=\"fas fa-arrow-circle-right\"><\/i>\t\t\t<\/span>\n\t\t\t\t\t\t\t\t\t<span class=\"elementor-button-text\">Alle opzioni di contatto<\/span>\n\t\t\t\t\t<\/span>\n\t\t\t\t\t<\/a>\n\t\t\t\t<\/div>\n\t\t\t\t\t\t\t\t<\/div>\n\t\t\t\t<\/div>\n\t\t\t\t<div class=\"elementor-element elementor-element-1b3aefca elementor-align-center elementor-widget elementor-widget-button\" data-id=\"1b3aefca\" data-element_type=\"widget\" data-e-type=\"widget\" data-widget_type=\"button.default\">\n\t\t\t\t<div class=\"elementor-widget-container\">\n\t\t\t\t\t\t\t\t\t<div class=\"elementor-button-wrapper\">\n\t\t\t\t\t<a class=\"elementor-button elementor-button-link elementor-size-sm elementor-animation-grow\" href=\"https:\/\/gts-systems.com\/it\/\">\n\t\t\t\t\t\t<span class=\"elementor-button-content-wrapper\">\n\t\t\t\t\t\t<span class=\"elementor-button-icon\">\n\t\t\t\t<i aria-hidden=\"true\" class=\"fas fa-arrow-circle-right\"><\/i>\t\t\t<\/span>\n\t\t\t\t\t\t\t\t\t<span class=\"elementor-button-text\">Alla homepage<\/span>\n\t\t\t\t\t<\/span>\n\t\t\t\t\t<\/a>\n\t\t\t\t<\/div>\n\t\t\t\t\t\t\t\t<\/div>\n\t\t\t\t<\/div>\n\t\t\t\t\t<\/div>\n\t\t<\/div>\n\t\t\t\t\t<\/div>\n\t\t<\/section>\n\t\t\t\t<\/div>","protected":false},"excerpt":{"rendered":"<p>Vielen Dank! Sie erhalten eine Best\u00e4tigung per E-Mail. Unser Sales-Team wird sich innerhalb von 24 Stunden bei Ihnen melden. Sollte dies nicht der Fall sein, dann ist ein technischer Fehler aufgetreten und Sie sollten \u00fcber\u00a0info@gts-systems.de\u00a0oder unter 0241\/60959500 mit uns Kontakt aufnehmen. Zu den Kontaktm\u00f6glichkeiten Zur Homepage<\/p>","protected":false},"author":5,"featured_media":0,"parent":0,"menu_order":0,"comment_status":"closed","ping_status":"closed","template":"","meta":{"footnotes":""},"class_list":["post-10031","page","type-page","status-publish","hentry"],"yoast_head":"<!-- This site is optimized with the Yoast SEO plugin v27.3 - https:\/\/yoast.com\/product\/yoast-seo-wordpress\/ -->\n<title>Danke Tourenoptimierung LinkedIn - gts systems<\/title>\n<meta name=\"robots\" content=\"index, follow, max-snippet:-1, max-image-preview:large, max-video-preview:-1\" \/>\n<link rel=\"canonical\" href=\"https:\/\/gts-systems.com\/it\/danke-tourenoptimierung-linkedin\/\" \/>\n<meta property=\"og:locale\" content=\"it_IT\" \/>\n<meta property=\"og:type\" content=\"article\" \/>\n<meta property=\"og:title\" content=\"Danke Tourenoptimierung LinkedIn - gts systems\" \/>\n<meta property=\"og:description\" content=\"Vielen Dank! Sie erhalten eine Best\u00e4tigung per E-Mail. Unser Sales-Team wird sich innerhalb von 24 Stunden bei Ihnen melden. Sollte dies nicht der Fall sein, dann ist ein technischer Fehler aufgetreten und Sie sollten \u00fcber\u00a0info@gts-systems.de\u00a0oder unter 0241\/60959500 mit uns Kontakt aufnehmen. Zu den Kontaktm\u00f6glichkeiten Zur Homepage\" \/>\n<meta property=\"og:url\" content=\"https:\/\/gts-systems.com\/it\/danke-tourenoptimierung-linkedin\/\" \/>\n<meta property=\"og:site_name\" content=\"gts systems\" \/>\n<meta property=\"article:modified_time\" content=\"2025-01-13T08:35:38+00:00\" \/>\n<meta property=\"og:image\" content=\"https:\/\/gts-systems.com\/wp-content\/uploads\/elementor\/thumbs\/cropped-logogtssystems_0-1-p2donr48y6tukct08eo7yaiz3wvpf2rw2nlkqw7vu0.png\" \/>\n<meta name=\"twitter:card\" content=\"summary_large_image\" \/>\n<!-- \/ Yoast SEO plugin. -->","yoast_head_json":{"title":"Danke Tourenoptimierung LinkedIn - gts systems","robots":{"index":"index","follow":"follow","max-snippet":"max-snippet:-1","max-image-preview":"max-image-preview:large","max-video-preview":"max-video-preview:-1"},"canonical":"https:\/\/gts-systems.com\/it\/danke-tourenoptimierung-linkedin\/","og_locale":"it_IT","og_type":"article","og_title":"Danke Tourenoptimierung LinkedIn - gts systems","og_description":"Vielen Dank! Sie erhalten eine Best\u00e4tigung per E-Mail. Unser Sales-Team wird sich innerhalb von 24 Stunden bei Ihnen melden. Sollte dies nicht der Fall sein, dann ist ein technischer Fehler aufgetreten und Sie sollten \u00fcber\u00a0info@gts-systems.de\u00a0oder unter 0241\/60959500 mit uns Kontakt aufnehmen. Zu den Kontaktm\u00f6glichkeiten Zur Homepage","og_url":"https:\/\/gts-systems.com\/it\/danke-tourenoptimierung-linkedin\/","og_site_name":"gts systems","article_modified_time":"2025-01-13T08:35:38+00:00","og_image":[{"url":"https:\/\/gts-systems.com\/wp-content\/uploads\/elementor\/thumbs\/cropped-logogtssystems_0-1-p2donr48y6tukct08eo7yaiz3wvpf2rw2nlkqw7vu0.png","type":"","width":"","height":""}],"twitter_card":"summary_large_image","schema":{"@context":"https:\/\/schema.org","@graph":[{"@type":"WebPage","@id":"https:\/\/gts-systems.com\/danke-tourenoptimierung-linkedin\/","url":"https:\/\/gts-systems.com\/danke-tourenoptimierung-linkedin\/","name":"Danke Tourenoptimierung LinkedIn - gts systems","isPartOf":{"@id":"https:\/\/gts-systems.com\/#website"},"primaryImageOfPage":{"@id":"https:\/\/gts-systems.com\/danke-tourenoptimierung-linkedin\/#primaryimage"},"image":{"@id":"https:\/\/gts-systems.com\/danke-tourenoptimierung-linkedin\/#primaryimage"},"thumbnailUrl":"https:\/\/gts-systems.com\/wp-content\/uploads\/elementor\/thumbs\/cropped-logogtssystems_0-1-p2donr48y6tukct08eo7yaiz3wvpf2rw2nlkqw7vu0.png","datePublished":"2021-10-20T06:06:02+00:00","dateModified":"2025-01-13T08:35:38+00:00","breadcrumb":{"@id":"https:\/\/gts-systems.com\/danke-tourenoptimierung-linkedin\/#breadcrumb"},"inLanguage":"it-IT","potentialAction":[{"@type":"ReadAction","target":["https:\/\/gts-systems.com\/danke-tourenoptimierung-linkedin\/"]}]},{"@type":"ImageObject","inLanguage":"it-IT","@id":"https:\/\/gts-systems.com\/danke-tourenoptimierung-linkedin\/#primaryimage","url":"https:\/\/gts-systems.com\/wp-content\/uploads\/elementor\/thumbs\/cropped-logogtssystems_0-1-p2donr48y6tukct08eo7yaiz3wvpf2rw2nlkqw7vu0.png","contentUrl":"https:\/\/gts-systems.com\/wp-content\/uploads\/elementor\/thumbs\/cropped-logogtssystems_0-1-p2donr48y6tukct08eo7yaiz3wvpf2rw2nlkqw7vu0.png"},{"@type":"BreadcrumbList","@id":"https:\/\/gts-systems.com\/danke-tourenoptimierung-linkedin\/#breadcrumb","itemListElement":[{"@type":"ListItem","position":1,"name":"Startseite","item":"https:\/\/gts-systems.com\/"},{"@type":"ListItem","position":2,"name":"Danke Tourenoptimierung LinkedIn"}]},{"@type":"WebSite","@id":"https:\/\/gts-systems.com\/#website","url":"https:\/\/gts-systems.com\/","name":"gts systems","description":"Ottimizzare ora","publisher":{"@id":"https:\/\/gts-systems.com\/#organization"},"potentialAction":[{"@type":"SearchAction","target":{"@type":"EntryPoint","urlTemplate":"https:\/\/gts-systems.com\/?s={search_term_string}"},"query-input":{"@type":"PropertyValueSpecification","valueRequired":true,"valueName":"search_term_string"}}],"inLanguage":"it-IT"},{"@type":"Organization","@id":"https:\/\/gts-systems.com\/#organization","name":"gts-systems","url":"https:\/\/gts-systems.com\/","logo":{"@type":"ImageObject","inLanguage":"it-IT","@id":"https:\/\/gts-systems.com\/#\/schema\/logo\/image\/","url":"https:\/\/gts-systems.com\/wp-content\/uploads\/2021\/03\/logogtssystems_1.svg","contentUrl":"https:\/\/gts-systems.com\/wp-content\/uploads\/2021\/03\/logogtssystems_1.svg","width":1,"height":1,"caption":"gts-systems"},"image":{"@id":"https:\/\/gts-systems.com\/#\/schema\/logo\/image\/"},"sameAs":["https:\/\/www.linkedin.com\/company\/gts-systems-and-consulting-gmbh"]}]}},"_links":{"self":[{"href":"https:\/\/gts-systems.com\/it\/wp-json\/wp\/v2\/pages\/10031","targetHints":{"allow":["GET"]}}],"collection":[{"href":"https:\/\/gts-systems.com\/it\/wp-json\/wp\/v2\/pages"}],"about":[{"href":"https:\/\/gts-systems.com\/it\/wp-json\/wp\/v2\/types\/page"}],"author":[{"embeddable":true,"href":"https:\/\/gts-systems.com\/it\/wp-json\/wp\/v2\/users\/5"}],"replies":[{"embeddable":true,"href":"https:\/\/gts-systems.com\/it\/wp-json\/wp\/v2\/comments?post=10031"}],"version-history":[{"count":0,"href":"https:\/\/gts-systems.com\/it\/wp-json\/wp\/v2\/pages\/10031\/revisions"}],"wp:attachment":[{"href":"https:\/\/gts-systems.com\/it\/wp-json\/wp\/v2\/media?parent=10031"}],"curies":[{"name":"wp","href":"https:\/\/api.w.org\/{rel}","templated":true}]}}