{"id":8291,"date":"2021-06-01T14:09:45","date_gmt":"2021-06-01T12:09:45","guid":{"rendered":"https:\/\/gts-systems.com\/?page_id=8291"},"modified":"2022-02-01T14:00:54","modified_gmt":"2022-02-01T13:00:54","slug":"anmeldeformular-webinar-entsorgung-ausschreibungen","status":"publish","type":"page","link":"https:\/\/gts-systems.com\/en\/anmeldeformular-webinar-entsorgung-ausschreibungen\/","title":{"rendered":"Anmeldeformular Entsorgung Ausschreibungen"},"content":{"rendered":"\t\t<div data-elementor-type=\"wp-page\" data-elementor-id=\"8291\" class=\"elementor elementor-8291\" data-elementor-post-type=\"page\">\n\t\t\t\t\t\t<section class=\"elementor-section elementor-top-section elementor-element elementor-element-65e6c18 elementor-section-full_width elementor-section-stretched elementor-section-height-default elementor-section-height-default\" data-id=\"65e6c18\" data-element_type=\"section\" data-e-type=\"section\" data-settings=\"{&quot;stretch_section&quot;:&quot;section-stretched&quot;}\">\n\t\t\t\t\t\t<div class=\"elementor-container elementor-column-gap-default\">\n\t\t\t\t\t<div class=\"elementor-column elementor-col-50 elementor-top-column elementor-element elementor-element-48661395\" data-id=\"48661395\" data-element_type=\"column\" data-e-type=\"column\">\n\t\t\t<div class=\"elementor-widget-wrap elementor-element-populated\">\n\t\t\t\t\t\t<section class=\"elementor-section elementor-inner-section elementor-element elementor-element-57dda36 elementor-section-full_width elementor-section-height-default elementor-section-height-default\" data-id=\"57dda36\" data-element_type=\"section\" data-e-type=\"section\">\n\t\t\t\t\t\t<div class=\"elementor-container elementor-column-gap-default\">\n\t\t\t\t\t<div class=\"elementor-column elementor-col-50 elementor-inner-column elementor-element elementor-element-1a311408 elementor-hidden-phone\" data-id=\"1a311408\" data-element_type=\"column\" data-e-type=\"column\">\n\t\t\t<div class=\"elementor-widget-wrap elementor-element-populated\">\n\t\t\t\t\t\t<div class=\"elementor-element elementor-element-4de01a36 elementor-hidden-phone elementor-widget elementor-widget-image\" data-id=\"4de01a36\" data-element_type=\"widget\" data-e-type=\"widget\" data-widget_type=\"image.default\">\n\t\t\t\t<div class=\"elementor-widget-container\">\n\t\t\t\t\t\t\t\t\t\t\t\t\t\t\t\t<a href=\"mailto:info@gts-systems.de\">\n\t\t\t\t\t\t\t<img decoding=\"async\" width=\"1\" height=\"1\" src=\"https:\/\/gts-systems.com\/wp-content\/uploads\/2021\/03\/envelope-solid-gts.svg\" class=\"attachment-thumbnail size-thumbnail wp-image-5448\" alt=\"\" \/>\t\t\t\t\t\t\t\t<\/a>\n\t\t\t\t\t\t\t\t\t\t\t\t\t\t\t<\/div>\n\t\t\t\t<\/div>\n\t\t\t\t\t<\/div>\n\t\t<\/div>\n\t\t\t\t<div class=\"elementor-column elementor-col-50 elementor-inner-column elementor-element elementor-element-1d676166\" data-id=\"1d676166\" data-element_type=\"column\" data-e-type=\"column\">\n\t\t\t<div class=\"elementor-widget-wrap elementor-element-populated\">\n\t\t\t\t\t\t<div class=\"elementor-element elementor-element-755f9f00 elementor-hidden-phone elementor-widget elementor-widget-heading\" data-id=\"755f9f00\" data-element_type=\"widget\" data-e-type=\"widget\" data-widget_type=\"heading.default\">\n\t\t\t\t<div class=\"elementor-widget-container\">\n\t\t\t\t\t<h2 class=\"elementor-heading-title elementor-size-default\"><a href=\"mailto:info@gts-systems.de\">info@gts-systems.de<\/a><\/h2>\t\t\t\t<\/div>\n\t\t\t\t<\/div>\n\t\t\t\t\t<\/div>\n\t\t<\/div>\n\t\t\t\t\t<\/div>\n\t\t<\/section>\n\t\t\t\t\t<\/div>\n\t\t<\/div>\n\t\t\t\t<div class=\"elementor-column elementor-col-50 elementor-top-column elementor-element elementor-element-2445d39a\" data-id=\"2445d39a\" data-element_type=\"column\" data-e-type=\"column\">\n\t\t\t<div class=\"elementor-widget-wrap elementor-element-populated\">\n\t\t\t\t\t\t<section class=\"elementor-section elementor-inner-section elementor-element elementor-element-42776b1d elementor-section-full_width elementor-section-height-default elementor-section-height-default\" data-id=\"42776b1d\" data-element_type=\"section\" data-e-type=\"section\">\n\t\t\t\t\t\t<div class=\"elementor-container elementor-column-gap-default\">\n\t\t\t\t\t<div class=\"elementor-column elementor-col-50 elementor-inner-column elementor-element elementor-element-6c7b3af5\" data-id=\"6c7b3af5\" data-element_type=\"column\" data-e-type=\"column\">\n\t\t\t<div class=\"elementor-widget-wrap elementor-element-populated\">\n\t\t\t\t\t\t<div class=\"elementor-element elementor-element-1659f947 elementor-hidden-phone elementor-widget elementor-widget-heading\" data-id=\"1659f947\" data-element_type=\"widget\" data-e-type=\"widget\" data-widget_type=\"heading.default\">\n\t\t\t\t<div class=\"elementor-widget-container\">\n\t\t\t\t\t<h2 class=\"elementor-heading-title elementor-size-default\"><a href=\"tel:024160959500\">0241 60 95 95 00<\/a><\/h2>\t\t\t\t<\/div>\n\t\t\t\t<\/div>\n\t\t\t\t\t<\/div>\n\t\t<\/div>\n\t\t\t\t<div class=\"elementor-column elementor-col-50 elementor-inner-column elementor-element elementor-element-2cda0b80 elementor-hidden-phone\" data-id=\"2cda0b80\" data-element_type=\"column\" data-e-type=\"column\">\n\t\t\t<div class=\"elementor-widget-wrap elementor-element-populated\">\n\t\t\t\t\t\t<div class=\"elementor-element elementor-element-4060a17 elementor-hidden-phone elementor-widget elementor-widget-image\" data-id=\"4060a17\" data-element_type=\"widget\" data-e-type=\"widget\" data-widget_type=\"image.default\">\n\t\t\t\t<div class=\"elementor-widget-container\">\n\t\t\t\t\t\t\t\t\t\t\t\t\t\t\t\t<a href=\"tel:024160959500\">\n\t\t\t\t\t\t\t<img decoding=\"async\" width=\"1\" height=\"1\" src=\"https:\/\/gts-systems.com\/wp-content\/uploads\/2021\/03\/telefon_icon_gts.svg\" class=\"attachment-thumbnail size-thumbnail wp-image-5449\" alt=\"\" \/>\t\t\t\t\t\t\t\t<\/a>\n\t\t\t\t\t\t\t\t\t\t\t\t\t\t\t<\/div>\n\t\t\t\t<\/div>\n\t\t\t\t\t<\/div>\n\t\t<\/div>\n\t\t\t\t\t<\/div>\n\t\t<\/section>\n\t\t\t\t\t<\/div>\n\t\t<\/div>\n\t\t\t\t\t<\/div>\n\t\t<\/section>\n\t\t\t\t<section class=\"elementor-section elementor-top-section elementor-element elementor-element-a7bc01e elementor-section-full_width elementor-section-stretched elementor-section-height-default elementor-section-height-default\" data-id=\"a7bc01e\" data-element_type=\"section\" data-e-type=\"section\" data-settings=\"{&quot;stretch_section&quot;:&quot;section-stretched&quot;}\">\n\t\t\t\t\t\t<div class=\"elementor-container elementor-column-gap-default\">\n\t\t\t\t\t<div class=\"elementor-column elementor-col-100 elementor-top-column elementor-element elementor-element-1d17df5\" data-id=\"1d17df5\" data-element_type=\"column\" data-e-type=\"column\">\n\t\t\t<div class=\"elementor-widget-wrap elementor-element-populated\">\n\t\t\t\t\t\t<div class=\"elementor-element elementor-element-50cc7dd elementor-hidden-phone elementor-widget elementor-widget-image\" data-id=\"50cc7dd\" data-element_type=\"widget\" data-e-type=\"widget\" data-widget_type=\"image.default\">\n\t\t\t\t<div class=\"elementor-widget-container\">\n\t\t\t\t\t\t\t\t\t\t\t\t\t\t\t<img decoding=\"async\" src=\"https:\/\/gts-systems.com\/wp-content\/uploads\/2021\/03\/logogtssystems_1.svg\" title=\"logogtssystems_1\" alt=\"logogtssystems_1\" loading=\"lazy\" \/>\t\t\t\t\t\t\t\t\t\t\t\t\t\t\t<\/div>\n\t\t\t\t<\/div>\n\t\t\t\t<div class=\"elementor-element elementor-element-4aca893 elementor-widget-divider--view-line elementor-widget elementor-widget-divider\" data-id=\"4aca893\" data-element_type=\"widget\" data-e-type=\"widget\" data-widget_type=\"divider.default\">\n\t\t\t\t<div class=\"elementor-widget-container\">\n\t\t\t\t\t\t\t<div class=\"elementor-divider\">\n\t\t\t<span class=\"elementor-divider-separator\">\n\t\t\t\t\t\t<\/span>\n\t\t<\/div>\n\t\t\t\t\t\t<\/div>\n\t\t\t\t<\/div>\n\t\t\t\t\t<\/div>\n\t\t<\/div>\n\t\t\t\t\t<\/div>\n\t\t<\/section>\n\t\t\t\t<section class=\"elementor-section elementor-top-section elementor-element elementor-element-69856ba1 elementor-reverse-tablet elementor-reverse-mobile elementor-section-boxed elementor-section-height-default elementor-section-height-default\" data-id=\"69856ba1\" data-element_type=\"section\" data-e-type=\"section\" id=\"contactme\">\n\t\t\t\t\t\t<div class=\"elementor-container elementor-column-gap-default\">\n\t\t\t\t\t<div class=\"elementor-column elementor-col-50 elementor-top-column elementor-element elementor-element-9264216\" data-id=\"9264216\" data-element_type=\"column\" data-e-type=\"column\">\n\t\t\t<div class=\"elementor-widget-wrap elementor-element-populated\">\n\t\t\t\t\t\t<div class=\"elementor-element elementor-element-d1397d4 elementor-button-align-stretch elementor-widget elementor-widget-global elementor-global-8471 elementor-widget-form\" data-id=\"d1397d4\" data-element_type=\"widget\" data-e-type=\"widget\" data-settings=\"{&quot;button_width_tablet&quot;:&quot;100&quot;,&quot;step_next_label&quot;:&quot;Next&quot;,&quot;step_previous_label&quot;:&quot;Previous&quot;,&quot;button_width&quot;:&quot;100&quot;,&quot;step_type&quot;:&quot;number_text&quot;,&quot;step_icon_shape&quot;:&quot;circle&quot;}\" data-widget_type=\"form.default\">\n\t\t\t\t<div class=\"elementor-widget-container\">\n\t\t\t\t\t\t\t<form class=\"elementor-form\" method=\"post\" data-wpl_tracker=\"{&quot;adwords&quot;:true,&quot;adwords_label&quot;:&quot;UxzZCOu_ifsBENbgrv0D&quot;,&quot;adwords_currency&quot;:&quot;EUR&quot;,&quot;adwords_value&quot;:1,&quot;adwords_id&quot;:&quot;1068216406&quot;}\" class=\"events-tracker-for-elementor\" name=\"New Form\" aria-label=\"New Form\">\n\t\t\t<input type=\"hidden\" name=\"post_id\" value=\"8291\"\/>\n\t\t\t<input type=\"hidden\" name=\"form_id\" value=\"d1397d4\"\/>\n\t\t\t<input type=\"hidden\" name=\"referer_title\" value=\"gts systems\" \/>\n\n\t\t\t\n\t\t\t<div class=\"elementor-form-fields-wrapper elementor-labels-above\">\n\t\t\t\t\t\t\t\t<div class=\"elementor-field-type-text elementor-field-group elementor-column elementor-field-group-field_c29449f elementor-col-100 elementor-md-100 elementor-field-required\">\n\t\t\t\t\t\t\t\t\t\t\t\t<label for=\"form-field-field_c29449f\" class=\"elementor-field-label\">\n\t\t\t\t\t\t\t\tName *\t\t\t\t\t\t\t<\/label>\n\t\t\t\t\t\t\t\t\t\t\t\t\t\t<input size=\"1\" type=\"text\" name=\"form_fields[field_c29449f]\" id=\"form-field-field_c29449f\" class=\"elementor-field elementor-size-sm  elementor-field-textual\" required=\"required\">\n\t\t\t\t\t\t\t\t\t\t\t<\/div>\n\t\t\t\t\t\t\t\t<div class=\"elementor-field-type-email elementor-field-group elementor-column elementor-field-group-email elementor-col-100 elementor-md-100 elementor-field-required\">\n\t\t\t\t\t\t\t\t\t\t\t\t<label for=\"form-field-email\" class=\"elementor-field-label\">\n\t\t\t\t\t\t\t\tEmail *\t\t\t\t\t\t\t<\/label>\n\t\t\t\t\t\t\t\t\t\t\t\t\t\t<input size=\"1\" type=\"email\" name=\"form_fields[email]\" id=\"form-field-email\" class=\"elementor-field elementor-size-sm  elementor-field-textual\" required=\"required\">\n\t\t\t\t\t\t\t\t\t\t\t<\/div>\n\t\t\t\t\t\t\t\t<div class=\"elementor-field-type-tel elementor-field-group elementor-column elementor-field-group-field_e5b708c elementor-col-100 elementor-field-required\">\n\t\t\t\t\t\t\t\t\t\t\t\t<label for=\"form-field-field_e5b708c\" class=\"elementor-field-label\">\n\t\t\t\t\t\t\t\tTelefonnumer *\t\t\t\t\t\t\t<\/label>\n\t\t\t\t\t\t\t\t<input size=\"1\" type=\"tel\" name=\"form_fields[field_e5b708c]\" id=\"form-field-field_e5b708c\" class=\"elementor-field elementor-size-sm  elementor-field-textual\" required=\"required\" pattern=\"[0-9()#&amp;+*-=.]+\" title=\"Only numbers and phone characters (#, -, *, etc) are accepted.\">\n\n\t\t\t\t\t\t<\/div>\n\t\t\t\t\t\t\t\t<div class=\"elementor-field-type-textarea elementor-field-group elementor-column elementor-field-group-message elementor-col-100 elementor-md-100 elementor-field-required\">\n\t\t\t\t\t\t\t\t\t\t\t\t<label for=\"form-field-message\" class=\"elementor-field-label\">\n\t\t\t\t\t\t\t\tNachricht *\t\t\t\t\t\t\t<\/label>\n\t\t\t\t\t\t<textarea class=\"elementor-field-textual elementor-field  elementor-size-sm\" name=\"form_fields[message]\" id=\"form-field-message\" rows=\"3\" required=\"required\"><\/textarea>\t\t\t\t<\/div>\n\t\t\t\t\t\t\t\t<div class=\"elementor-field-type-acceptance elementor-field-group elementor-column elementor-field-group-field_b9abeac elementor-col-100 elementor-field-required\">\n\t\t\t\t\t\t\t<div class=\"elementor-field-subgroup\">\n\t\t\t<span class=\"elementor-field-option\">\n\t\t\t\t<input type=\"checkbox\" name=\"form_fields[field_b9abeac]\" id=\"form-field-field_b9abeac\" class=\"elementor-field elementor-size-sm  elementor-acceptance-field\" required=\"required\">\n\t\t\t\t<label for=\"form-field-field_b9abeac\">Sie willigen ein, dass wir Sie ggf. auch \u00fcber diesen Kommunikationskanal kontaktieren, um Ihr Anliegen zu beantworten. Rechtsgrundlage f\u00fcr die \u00dcbermittlung der Daten ist Art. 6 Abs. 1 lit. a DSGVO.  Sie erhalten keine Spam-Mails.<\/label>\t\t\t<\/span>\n\t\t<\/div>\n\t\t\t\t\t\t<\/div>\n\t\t\t\t\t\t\t\t<div class=\"elementor-field-type-recaptcha_v3 elementor-field-group elementor-column elementor-field-group-field_605e877 elementor-col-100 recaptcha_v3-bottomleft\">\n\t\t\t\t\t<div class=\"elementor-field\" id=\"form-field-field_605e877\"><div class=\"elementor-g-recaptcha\" data-sitekey=\"6LfxqEkaAAAAANFpMpHxypnsNd2jFJ_bsQQVbEhl\" data-type=\"v3\" data-action=\"Form\" data-badge=\"bottomleft\" data-size=\"invisible\"><\/div><\/div>\t\t\t\t<\/div>\n\t\t\t\t\t\t\t\t<div class=\"elementor-field-group elementor-column elementor-field-type-submit elementor-col-100 e-form__buttons elementor-md-100\">\n\t\t\t\t\t<button class=\"elementor-button elementor-size-md\" type=\"submit\">\n\t\t\t\t\t\t<span class=\"elementor-button-content-wrapper\">\n\t\t\t\t\t\t\t\t\t\t\t\t\t\t\t\t\t\t\t\t\t\t<span class=\"elementor-button-text\">Jetzt anmelden<\/span>\n\t\t\t\t\t\t\t\t\t\t\t\t\t<\/span>\n\t\t\t\t\t<\/button>\n\t\t\t\t<\/div>\n\t\t\t<\/div>\n\t\t<\/form>\n\t\t\t\t\t\t<\/div>\n\t\t\t\t<\/div>\n\t\t\t\t\t<\/div>\n\t\t<\/div>\n\t\t\t\t<div class=\"elementor-column elementor-col-50 elementor-top-column elementor-element elementor-element-6684054b\" data-id=\"6684054b\" data-element_type=\"column\" data-e-type=\"column\">\n\t\t\t<div class=\"elementor-widget-wrap elementor-element-populated\">\n\t\t\t\t\t\t<div class=\"elementor-element elementor-element-688fe521 elementor-widget elementor-widget-heading\" data-id=\"688fe521\" data-element_type=\"widget\" data-e-type=\"widget\" data-widget_type=\"heading.default\">\n\t\t\t\t<div class=\"elementor-widget-container\">\n\t\t\t\t\t<h1 class=\"elementor-heading-title elementor-size-default\">Ja, ich m\u00f6chte an dem Webinar \"Wie Entsorgungsunternehmen\nmehr Ausschreibungen gewinnen\" teilnehmen.<\/h1>\t\t\t\t<\/div>\n\t\t\t\t<\/div>\n\t\t\t\t<div class=\"elementor-element elementor-element-2cf380c9 elementor-hidden-tablet elementor-hidden-phone elementor-widget elementor-widget-text-editor\" data-id=\"2cf380c9\" data-element_type=\"widget\" data-e-type=\"widget\" data-widget_type=\"text-editor.default\">\n\t\t\t\t<div class=\"elementor-widget-container\">\n\t\t\t\t\t\t\t\t\t<p>Kontakt-Informationen<\/p><div style=\"display: block; padding: 1rem; margin-top: 0.5rem;\"><a style=\"display: inline-block; margin-right: 1.5rem;\"><img decoding=\"async\" class=\"alignleft wp-image-2059\" style=\"display: inline-block;\" src=\"https:\/\/gts-systems.com\/wp-content\/uploads\/2020\/12\/location_icon_transparent.png\" alt=\"\" width=\"50\" height=\"47\" \/><\/a><span style=\"display: inline-block; vertical-align: middle;\"><a>Uersfeld 24<br \/>52072 Aachen, Deutschland<\/a><br \/><\/span><\/div><div style=\"display: block; padding: 1rem;\"><img loading=\"lazy\" decoding=\"async\" class=\"alignleft wp-image-2060\" style=\"display: inline-block; margin-right: 1.9rem;\" src=\"https:\/\/gts-systems.com\/wp-content\/uploads\/2020\/12\/telefon_icon_transparent.png\" alt=\"\" width=\"50\" height=\"48\" \/><span style=\"display: inline-block;\"><a href=\"tel:024160 9595032\"> 0241 60 95 95 0 32<\/a><\/span><\/div><div style=\"display: block; padding: 1rem;\"><img loading=\"lazy\" decoding=\"async\" class=\"alignnone wp-image-4564\" style=\"display: inline-block; margin-right: 1.5rem; margin-left: 0.5rem;\" src=\"https:\/\/gts-systems.com\/wp-content\/uploads\/2021\/03\/envelope-solid-1.svg\" alt=\"\" width=\"40\" height=\"40\" \/> \u00a0<span style=\"display: inline-block;\"><a href=\"mailto:info@gts-systems.de\">info@gts-systems.de<\/a><\/span><\/div><div>\u00a0<\/div>\t\t\t\t\t\t\t\t<\/div>\n\t\t\t\t<\/div>\n\t\t\t\t\t<\/div>\n\t\t<\/div>\n\t\t\t\t\t<\/div>\n\t\t<\/section>\n\t\t\t\t<\/div>\n\t\t","protected":false},"excerpt":{"rendered":"<p>info@gts-systems.de 0241 60 95 95 00 Ja, ich m\u00f6chte an dem Webinar &#8222;Wie Entsorgungsunternehmen mehr Ausschreibungen gewinnen&#8220; teilnehmen. Kontakt-Informationen Uersfeld 2452072 Aachen, Deutschland 0241 60 95 95 0 32 \u00a0info@gts-systems.de\u00a0<\/p>","protected":false},"author":4,"featured_media":0,"parent":0,"menu_order":0,"comment_status":"closed","ping_status":"closed","template":"","meta":{"footnotes":""},"class_list":["post-8291","page","type-page","status-publish","hentry"],"yoast_head":"<!-- This site is optimized with the Yoast SEO plugin v27.3 - https:\/\/yoast.com\/product\/yoast-seo-wordpress\/ -->\n<title>Anmeldeformular Entsorgung Ausschreibungen - gts systems<\/title>\n<meta name=\"robots\" content=\"index, follow, max-snippet:-1, max-image-preview:large, max-video-preview:-1\" \/>\n<link rel=\"canonical\" href=\"https:\/\/gts-systems.com\/en\/anmeldeformular-webinar-entsorgung-ausschreibungen\/\" \/>\n<meta property=\"og:locale\" content=\"en_GB\" \/>\n<meta property=\"og:type\" content=\"article\" \/>\n<meta property=\"og:title\" content=\"Anmeldeformular Entsorgung Ausschreibungen - gts systems\" \/>\n<meta property=\"og:description\" content=\"info@gts-systems.de 0241 60 95 95 00 Ja, ich m\u00f6chte an dem Webinar &#8222;Wie Entsorgungsunternehmen mehr Ausschreibungen gewinnen&#8220; teilnehmen. Kontakt-Informationen Uersfeld 2452072 Aachen, Deutschland 0241 60 95 95 0 32 \u00a0info@gts-systems.de\u00a0\" \/>\n<meta property=\"og:url\" content=\"https:\/\/gts-systems.com\/en\/anmeldeformular-webinar-entsorgung-ausschreibungen\/\" \/>\n<meta property=\"og:site_name\" content=\"gts systems\" \/>\n<meta property=\"article:modified_time\" content=\"2022-02-01T13:00:54+00:00\" \/>\n<meta property=\"og:image\" content=\"https:\/\/gts-systems.com\/wp-content\/uploads\/2021\/03\/envelope-solid-gts.svg\" \/>\n<meta name=\"twitter:card\" content=\"summary_large_image\" \/>\n<meta name=\"twitter:label1\" content=\"Estimated reading time\" \/>\n\t<meta name=\"twitter:data1\" content=\"2 minutes\" \/>\n<!-- \/ Yoast SEO plugin. -->","yoast_head_json":{"title":"Anmeldeformular Entsorgung Ausschreibungen - gts systems","robots":{"index":"index","follow":"follow","max-snippet":"max-snippet:-1","max-image-preview":"max-image-preview:large","max-video-preview":"max-video-preview:-1"},"canonical":"https:\/\/gts-systems.com\/en\/anmeldeformular-webinar-entsorgung-ausschreibungen\/","og_locale":"en_GB","og_type":"article","og_title":"Anmeldeformular Entsorgung Ausschreibungen - gts systems","og_description":"info@gts-systems.de 0241 60 95 95 00 Ja, ich m\u00f6chte an dem Webinar &#8222;Wie Entsorgungsunternehmen mehr Ausschreibungen gewinnen&#8220; teilnehmen. Kontakt-Informationen Uersfeld 2452072 Aachen, Deutschland 0241 60 95 95 0 32 \u00a0info@gts-systems.de\u00a0","og_url":"https:\/\/gts-systems.com\/en\/anmeldeformular-webinar-entsorgung-ausschreibungen\/","og_site_name":"gts systems","article_modified_time":"2022-02-01T13:00:54+00:00","og_image":[{"url":"https:\/\/gts-systems.com\/wp-content\/uploads\/2021\/03\/envelope-solid-gts.svg","type":"","width":"","height":""}],"twitter_card":"summary_large_image","twitter_misc":{"Estimated reading time":"2 minutes"},"schema":{"@context":"https:\/\/schema.org","@graph":[{"@type":"WebPage","@id":"https:\/\/gts-systems.com\/anmeldeformular-webinar-entsorgung-ausschreibungen\/","url":"https:\/\/gts-systems.com\/anmeldeformular-webinar-entsorgung-ausschreibungen\/","name":"Anmeldeformular Entsorgung Ausschreibungen - gts systems","isPartOf":{"@id":"https:\/\/gts-systems.com\/#website"},"primaryImageOfPage":{"@id":"https:\/\/gts-systems.com\/anmeldeformular-webinar-entsorgung-ausschreibungen\/#primaryimage"},"image":{"@id":"https:\/\/gts-systems.com\/anmeldeformular-webinar-entsorgung-ausschreibungen\/#primaryimage"},"thumbnailUrl":"https:\/\/gts-systems.com\/wp-content\/uploads\/2021\/03\/envelope-solid-gts.svg","datePublished":"2021-06-01T12:09:45+00:00","dateModified":"2022-02-01T13:00:54+00:00","breadcrumb":{"@id":"https:\/\/gts-systems.com\/anmeldeformular-webinar-entsorgung-ausschreibungen\/#breadcrumb"},"inLanguage":"en-GB","potentialAction":[{"@type":"ReadAction","target":["https:\/\/gts-systems.com\/anmeldeformular-webinar-entsorgung-ausschreibungen\/"]}]},{"@type":"ImageObject","inLanguage":"en-GB","@id":"https:\/\/gts-systems.com\/anmeldeformular-webinar-entsorgung-ausschreibungen\/#primaryimage","url":"https:\/\/gts-systems.com\/wp-content\/uploads\/2021\/03\/envelope-solid-gts.svg","contentUrl":"https:\/\/gts-systems.com\/wp-content\/uploads\/2021\/03\/envelope-solid-gts.svg"},{"@type":"BreadcrumbList","@id":"https:\/\/gts-systems.com\/anmeldeformular-webinar-entsorgung-ausschreibungen\/#breadcrumb","itemListElement":[{"@type":"ListItem","position":1,"name":"Startseite","item":"https:\/\/gts-systems.com\/"},{"@type":"ListItem","position":2,"name":"Anmeldeformular Entsorgung Ausschreibungen"}]},{"@type":"WebSite","@id":"https:\/\/gts-systems.com\/#website","url":"https:\/\/gts-systems.com\/","name":"gts systems","description":"Optimise now","publisher":{"@id":"https:\/\/gts-systems.com\/#organization"},"potentialAction":[{"@type":"SearchAction","target":{"@type":"EntryPoint","urlTemplate":"https:\/\/gts-systems.com\/?s={search_term_string}"},"query-input":{"@type":"PropertyValueSpecification","valueRequired":true,"valueName":"search_term_string"}}],"inLanguage":"en-GB"},{"@type":"Organization","@id":"https:\/\/gts-systems.com\/#organization","name":"gts-systems","url":"https:\/\/gts-systems.com\/","logo":{"@type":"ImageObject","inLanguage":"en-GB","@id":"https:\/\/gts-systems.com\/#\/schema\/logo\/image\/","url":"https:\/\/gts-systems.com\/wp-content\/uploads\/2021\/03\/logogtssystems_1.svg","contentUrl":"https:\/\/gts-systems.com\/wp-content\/uploads\/2021\/03\/logogtssystems_1.svg","width":1,"height":1,"caption":"gts-systems"},"image":{"@id":"https:\/\/gts-systems.com\/#\/schema\/logo\/image\/"},"sameAs":["https:\/\/www.linkedin.com\/company\/gts-systems-and-consulting-gmbh"]}]}},"_links":{"self":[{"href":"https:\/\/gts-systems.com\/en\/wp-json\/wp\/v2\/pages\/8291","targetHints":{"allow":["GET"]}}],"collection":[{"href":"https:\/\/gts-systems.com\/en\/wp-json\/wp\/v2\/pages"}],"about":[{"href":"https:\/\/gts-systems.com\/en\/wp-json\/wp\/v2\/types\/page"}],"author":[{"embeddable":true,"href":"https:\/\/gts-systems.com\/en\/wp-json\/wp\/v2\/users\/4"}],"replies":[{"embeddable":true,"href":"https:\/\/gts-systems.com\/en\/wp-json\/wp\/v2\/comments?post=8291"}],"version-history":[{"count":0,"href":"https:\/\/gts-systems.com\/en\/wp-json\/wp\/v2\/pages\/8291\/revisions"}],"wp:attachment":[{"href":"https:\/\/gts-systems.com\/en\/wp-json\/wp\/v2\/media?parent=8291"}],"curies":[{"name":"wp","href":"https:\/\/api.w.org\/{rel}","templated":true}]}}