{"id":6214,"date":"2021-03-22T09:41:44","date_gmt":"2021-03-22T08:41:44","guid":{"rendered":"https:\/\/gts-systems.com\/?page_id=6214"},"modified":"2026-04-02T14:23:50","modified_gmt":"2026-04-02T12:23:50","slug":"optimisationcheck-fair","status":"publish","type":"page","link":"https:\/\/gts-systems.com\/en\/optimierungscheck-messe\/","title":{"rendered":"Optimierungscheck Messe"},"content":{"rendered":"\t\t<div data-elementor-type=\"wp-page\" data-elementor-id=\"6214\" class=\"elementor elementor-6214\" data-elementor-post-type=\"page\">\n\t\t\t\t\t\t<section class=\"elementor-section elementor-top-section elementor-element elementor-element-6a5a55a0 elementor-section-boxed elementor-section-height-default elementor-section-height-default\" data-id=\"6a5a55a0\" data-element_type=\"section\" data-e-type=\"section\">\n\t\t\t\t\t\t<div class=\"elementor-container elementor-column-gap-default\">\n\t\t\t\t\t<div class=\"elementor-column elementor-col-100 elementor-top-column elementor-element elementor-element-72ee6b72\" data-id=\"72ee6b72\" data-element_type=\"column\" data-e-type=\"column\">\n\t\t\t<div class=\"elementor-widget-wrap elementor-element-populated\">\n\t\t\t\t\t\t<div class=\"elementor-element elementor-element-23e9fbc1 elementor-widget elementor-widget-heading\" data-id=\"23e9fbc1\" data-element_type=\"widget\" data-e-type=\"widget\" data-widget_type=\"heading.default\">\n\t\t\t\t<div class=\"elementor-widget-container\">\n\t\t\t\t\t<h1 class=\"elementor-heading-title elementor-size-default\">Decken Sie jetzt Optimierungspotenziale f\u00fcr Ihre Messe auf \u2013 mit unserem OptimierungsCheck.<\/h1>\t\t\t\t<\/div>\n\t\t\t\t<\/div>\n\t\t\t\t\t<\/div>\n\t\t<\/div>\n\t\t\t\t\t<\/div>\n\t\t<\/section>\n\t\t\t\t<section class=\"elementor-section elementor-top-section elementor-element elementor-element-120c8ec3 elementor-section-boxed elementor-section-height-default elementor-section-height-default\" data-id=\"120c8ec3\" data-element_type=\"section\" data-e-type=\"section\">\n\t\t\t\t\t\t<div class=\"elementor-container elementor-column-gap-default\">\n\t\t\t\t\t\t<\/div>\n\t\t<\/section>\n\t\t\t\t<section class=\"elementor-section elementor-top-section elementor-element elementor-element-47fc7538 elementor-section-content-middle elementor-section-boxed elementor-section-height-default elementor-section-height-default\" data-id=\"47fc7538\" data-element_type=\"section\" data-e-type=\"section\">\n\t\t\t\t\t\t<div class=\"elementor-container elementor-column-gap-default\">\n\t\t\t\t\t<div class=\"elementor-column elementor-col-100 elementor-top-column elementor-element elementor-element-416a7111\" data-id=\"416a7111\" data-element_type=\"column\" data-e-type=\"column\">\n\t\t\t<div class=\"elementor-widget-wrap elementor-element-populated\">\n\t\t\t\t\t\t<div class=\"elementor-element elementor-element-58d6a2f8 elementor-widget elementor-widget-text-editor\" data-id=\"58d6a2f8\" data-element_type=\"widget\" data-e-type=\"widget\" data-widget_type=\"text-editor.default\">\n\t\t\t\t<div class=\"elementor-widget-container\">\n\t\t\t\t\t\t\t\t\t<div class=\"bulletp\" style=\"display: flex; flex-direction: column; justify-content: center; align-items: center;\"><div class=\"bulletp2\" style=\"display: flex; justify-content: center; align-items: center;\"><div><p><strong>Decken Sie jetzt Optimierungspotenziale f\u00fcr Ihre Messe auf \u2013 mit unserem OptimierungsCheck.<\/strong><\/p><ul><li>Welches Potenzial hat Ihre Messe? Wo stehen Sie auf dem Markt?<\/li><li>Passt die Auslastung Ihres Terminkalenders zu der vorhandenen Messefl\u00e4che?<\/li><li>Planen und steuern Sie Auf- und Abbautage bestm\u00f6glich?<\/li><li>Gen\u00fcgen Ihre Logistikfl\u00e4chen f\u00fcr eine wachsende Zahl an Transportdienstleistern?<\/li><li>Wie ist Ihre Messegesellschaft bei der Digitalisierung der Logistikprozesse aufgestellt?<\/li><li>Wo stehen Sie in Hinblick auf IT-Unterst\u00fctzung?<\/li><\/ul><\/div><div style=\"margin-left: 2rem;\">\u00a0<\/div><div>\u00a0<\/div><\/div><\/div>\t\t\t\t\t\t\t\t<\/div>\n\t\t\t\t<\/div>\n\t\t\t\t\t<\/div>\n\t\t<\/div>\n\t\t\t\t\t<\/div>\n\t\t<\/section>\n\t\t\t\t<section class=\"elementor-section elementor-top-section elementor-element elementor-element-3857a05f elementor-section-boxed elementor-section-height-default elementor-section-height-default\" data-id=\"3857a05f\" data-element_type=\"section\" data-e-type=\"section\">\n\t\t\t\t\t\t<div class=\"elementor-container elementor-column-gap-default\">\n\t\t\t\t\t<div class=\"elementor-column elementor-col-100 elementor-top-column elementor-element elementor-element-30349659\" data-id=\"30349659\" data-element_type=\"column\" data-e-type=\"column\">\n\t\t\t<div class=\"elementor-widget-wrap elementor-element-populated\">\n\t\t\t\t\t\t<div class=\"elementor-element elementor-element-7d31594d elementor-widget elementor-widget-heading\" data-id=\"7d31594d\" data-element_type=\"widget\" data-e-type=\"widget\" data-widget_type=\"heading.default\">\n\t\t\t\t<div class=\"elementor-widget-container\">\n\t\t\t\t\t<h2 class=\"elementor-heading-title elementor-size-default\">Ablauf des Digital Maturity Assessments<\/h2>\t\t\t\t<\/div>\n\t\t\t\t<\/div>\n\t\t\t\t<div class=\"elementor-element elementor-element-caf343f elementor-widget elementor-widget-text-editor\" data-id=\"caf343f\" data-element_type=\"widget\" data-e-type=\"widget\" data-widget_type=\"text-editor.default\">\n\t\t\t\t<div class=\"elementor-widget-container\">\n\t\t\t\t\t\t\t\t\t<p>gts \u00fcberpr\u00fcft den Ist-Zustand Ihrer operativen Messeabl\u00e4ufe. Bei einem zweit\u00e4tigen Workshop inklusive ausf\u00fchrlichem Interview steht eine Prozessanalyse mit einer auf bew\u00e4hrten Algorithmen basierenden Berechnung von Digitalisierungspotenzialen im Fokus. Die Auswertung umfasst eine SWOT-Analyse und eine Scorecard mit Vorschl\u00e4gen zur Steigerung der Prozessqualit\u00e4t und -effizienz. Es entsteht ein Konzept mit konkreten L\u00f6sungsans\u00e4tze f\u00fcr die Herausforderungen auf der Messe \u2013 ob Logistik, Controlling oder Planung von Messeveranstaltungen. \u00a0<\/p>\t\t\t\t\t\t\t\t<\/div>\n\t\t\t\t<\/div>\n\t\t\t\t\t<\/div>\n\t\t<\/div>\n\t\t\t\t\t<\/div>\n\t\t<\/section>\n\t\t\t\t<section class=\"elementor-section elementor-top-section elementor-element elementor-element-88cab4f elementor-section-boxed elementor-section-height-default elementor-section-height-default\" data-id=\"88cab4f\" data-element_type=\"section\" data-e-type=\"section\">\n\t\t\t\t\t\t<div class=\"elementor-container elementor-column-gap-default\">\n\t\t\t\t\t<div class=\"elementor-column elementor-col-100 elementor-top-column elementor-element elementor-element-4c4fe9d\" data-id=\"4c4fe9d\" data-element_type=\"column\" data-e-type=\"column\">\n\t\t\t<div class=\"elementor-widget-wrap elementor-element-populated\">\n\t\t\t\t\t\t<div class=\"elementor-element elementor-element-1dd3663c elementor-widget-divider--view-line elementor-widget elementor-widget-divider\" data-id=\"1dd3663c\" data-element_type=\"widget\" data-e-type=\"widget\" data-widget_type=\"divider.default\">\n\t\t\t\t<div class=\"elementor-widget-container\">\n\t\t\t\t\t\t\t<div class=\"elementor-divider\">\n\t\t\t<span class=\"elementor-divider-separator\">\n\t\t\t\t\t\t<\/span>\n\t\t<\/div>\n\t\t\t\t\t\t<\/div>\n\t\t\t\t<\/div>\n\t\t\t\t<div class=\"elementor-element elementor-element-464fc14 elementor-widget elementor-widget-heading\" data-id=\"464fc14\" data-element_type=\"widget\" data-e-type=\"widget\" data-widget_type=\"heading.default\">\n\t\t\t\t<div class=\"elementor-widget-container\">\n\t\t\t\t\t<h3 class=\"elementor-heading-title elementor-size-large\">\u201eWir als technologieunabh\u00e4ngige Berater sehen uns als Teil Ihres Messeteams. Gemeinsam packen wir die essenziellen Prozesse an und optimieren sie nachhaltig.\u201c<\/h3>\t\t\t\t<\/div>\n\t\t\t\t<\/div>\n\t\t\t\t<div class=\"elementor-element elementor-element-2c3c8286 elementor-widget elementor-widget-image\" data-id=\"2c3c8286\" data-element_type=\"widget\" data-e-type=\"widget\" data-widget_type=\"image.default\">\n\t\t\t\t<div class=\"elementor-widget-container\">\n\t\t\t\t\t\t\t\t\t\t\t\t\t\t\t<img fetchpriority=\"high\" decoding=\"async\" width=\"300\" height=\"300\" src=\"https:\/\/gts-systems.com\/wp-content\/uploads\/2021\/03\/wiedmann_resized-300x300.png\" class=\"attachment-medium size-medium wp-image-6365\" alt=\"Thomas Wiedmann Team Portr\u00e4t\" srcset=\"https:\/\/gts-systems.com\/wp-content\/uploads\/2021\/03\/wiedmann_resized-300x300.png 300w, https:\/\/gts-systems.com\/wp-content\/uploads\/2021\/03\/wiedmann_resized-150x150.png 150w, https:\/\/gts-systems.com\/wp-content\/uploads\/2021\/03\/wiedmann_resized-12x12.png 12w, https:\/\/gts-systems.com\/wp-content\/uploads\/2021\/03\/wiedmann_resized.png 400w\" sizes=\"(max-width: 300px) 100vw, 300px\" \/>\t\t\t\t\t\t\t\t\t\t\t\t\t\t\t<\/div>\n\t\t\t\t<\/div>\n\t\t\t\t<div class=\"elementor-element elementor-element-4c1c174f elementor-widget elementor-widget-text-editor\" data-id=\"4c1c174f\" data-element_type=\"widget\" data-e-type=\"widget\" data-widget_type=\"text-editor.default\">\n\t\t\t\t<div class=\"elementor-widget-container\">\n\t\t\t\t\t\t\t\t\t<p>Thomas Wiedmann<\/p>\t\t\t\t\t\t\t\t<\/div>\n\t\t\t\t<\/div>\n\t\t\t\t<div class=\"elementor-element elementor-element-571e9e6d elementor-widget elementor-widget-text-editor\" data-id=\"571e9e6d\" data-element_type=\"widget\" data-e-type=\"widget\" data-widget_type=\"text-editor.default\">\n\t\t\t\t<div class=\"elementor-widget-container\">\n\t\t\t\t\t\t\t\t\t<p>Ansprechpartner Beratung Messelogistik und -management<\/p>\t\t\t\t\t\t\t\t<\/div>\n\t\t\t\t<\/div>\n\t\t\t\t<div class=\"elementor-element elementor-element-a9fc57e elementor-widget elementor-widget-heading\" data-id=\"a9fc57e\" data-element_type=\"widget\" data-e-type=\"widget\" data-widget_type=\"heading.default\">\n\t\t\t\t<div class=\"elementor-widget-container\">\n\t\t\t\t\t<h2 class=\"elementor-heading-title elementor-size-default\">wiedmann@gts-systems.de<\/h2>\t\t\t\t<\/div>\n\t\t\t\t<\/div>\n\t\t\t\t\t<\/div>\n\t\t<\/div>\n\t\t\t\t\t<\/div>\n\t\t<\/section>\n\t\t\t\t<section class=\"elementor-section elementor-top-section elementor-element elementor-element-73f1de60 elementor-section-boxed elementor-section-height-default elementor-section-height-default\" data-id=\"73f1de60\" data-element_type=\"section\" data-e-type=\"section\">\n\t\t\t\t\t\t<div class=\"elementor-container elementor-column-gap-default\">\n\t\t\t\t\t<div class=\"elementor-column elementor-col-100 elementor-top-column elementor-element elementor-element-522294f8\" data-id=\"522294f8\" data-element_type=\"column\" data-e-type=\"column\">\n\t\t\t<div class=\"elementor-widget-wrap elementor-element-populated\">\n\t\t\t\t\t\t<div class=\"elementor-element elementor-element-450b8b8c elementor-widget-divider--view-line elementor-widget elementor-widget-divider\" data-id=\"450b8b8c\" data-element_type=\"widget\" data-e-type=\"widget\" data-widget_type=\"divider.default\">\n\t\t\t\t<div class=\"elementor-widget-container\">\n\t\t\t\t\t\t\t<div class=\"elementor-divider\">\n\t\t\t<span class=\"elementor-divider-separator\">\n\t\t\t\t\t\t<\/span>\n\t\t<\/div>\n\t\t\t\t\t\t<\/div>\n\t\t\t\t<\/div>\n\t\t\t\t\t<\/div>\n\t\t<\/div>\n\t\t\t\t\t<\/div>\n\t\t<\/section>\n\t\t\t\t<section class=\"elementor-section elementor-top-section elementor-element elementor-element-44a8ae24 elementor-section-boxed elementor-section-height-default elementor-section-height-default\" data-id=\"44a8ae24\" data-element_type=\"section\" data-e-type=\"section\">\n\t\t\t\t\t\t<div class=\"elementor-container elementor-column-gap-default\">\n\t\t\t\t\t<div class=\"elementor-column elementor-col-100 elementor-top-column elementor-element elementor-element-78831403\" data-id=\"78831403\" data-element_type=\"column\" data-e-type=\"column\">\n\t\t\t<div class=\"elementor-widget-wrap elementor-element-populated\">\n\t\t\t\t\t\t<div class=\"elementor-element elementor-element-65c38939 elementor-widget elementor-widget-heading\" data-id=\"65c38939\" data-element_type=\"widget\" data-e-type=\"widget\" data-widget_type=\"heading.default\">\n\t\t\t\t<div class=\"elementor-widget-container\">\n\t\t\t\t\t<h2 class=\"elementor-heading-title elementor-size-default\">Jetzt verborgene Optimierungspotenziale aufdecken.<\/h2>\t\t\t\t<\/div>\n\t\t\t\t<\/div>\n\t\t\t\t\t<\/div>\n\t\t<\/div>\n\t\t\t\t\t<\/div>\n\t\t<\/section>\n\t\t\t\t<section class=\"elementor-section elementor-top-section elementor-element elementor-element-1d61c4a0 elementor-reverse-tablet elementor-reverse-mobile elementor-section-boxed elementor-section-height-default elementor-section-height-default\" data-id=\"1d61c4a0\" data-element_type=\"section\" data-e-type=\"section\" id=\"contactme\">\n\t\t\t\t\t\t<div class=\"elementor-container elementor-column-gap-default\">\n\t\t\t\t\t<div class=\"elementor-column elementor-col-100 elementor-top-column elementor-element elementor-element-54cd966e\" data-id=\"54cd966e\" data-element_type=\"column\" data-e-type=\"column\">\n\t\t\t<div class=\"elementor-widget-wrap elementor-element-populated\">\n\t\t\t\t\t\t<div class=\"elementor-element elementor-element-6a0e729e elementor-button-align-stretch elementor-widget elementor-widget-form\" data-id=\"6a0e729e\" data-element_type=\"widget\" data-e-type=\"widget\" data-settings=\"{&quot;button_width_tablet&quot;:&quot;100&quot;,&quot;step_next_label&quot;:&quot;Next&quot;,&quot;step_previous_label&quot;:&quot;Previous&quot;,&quot;button_width&quot;:&quot;100&quot;,&quot;step_type&quot;:&quot;number_text&quot;,&quot;step_icon_shape&quot;:&quot;circle&quot;}\" data-widget_type=\"form.default\">\n\t\t\t\t<div class=\"elementor-widget-container\">\n\t\t\t\t\t\t\t<form class=\"elementor-form\" method=\"post\" data-wpl_tracker=\"{&quot;adwords&quot;:true,&quot;adwords_label&quot;:&quot;UxzZCOu_ifsBENbgrv0D&quot;,&quot;adwords_currency&quot;:&quot;EUR&quot;,&quot;adwords_value&quot;:1,&quot;adwords_id&quot;:&quot;1068216406&quot;}\" class=\"events-tracker-for-elementor\" name=\"New Form\" aria-label=\"New Form\">\n\t\t\t<input type=\"hidden\" name=\"post_id\" value=\"6214\"\/>\n\t\t\t<input type=\"hidden\" name=\"form_id\" value=\"6a0e729e\"\/>\n\t\t\t<input type=\"hidden\" name=\"referer_title\" value=\"Optimierungscheck Messe - gts systems\" \/>\n\n\t\t\t\t\t\t\t<input type=\"hidden\" name=\"queried_id\" value=\"6214\"\/>\n\t\t\t\n\t\t\t<div class=\"elementor-form-fields-wrapper elementor-labels-above\">\n\t\t\t\t\t\t\t\t<div class=\"elementor-field-type-text elementor-field-group elementor-column elementor-field-group-field_c29449f elementor-col-100 elementor-md-100 elementor-field-required\">\n\t\t\t\t\t\t\t\t\t\t\t\t<label for=\"form-field-field_c29449f\" class=\"elementor-field-label\">\n\t\t\t\t\t\t\t\tName *\t\t\t\t\t\t\t<\/label>\n\t\t\t\t\t\t\t\t\t\t\t\t\t\t<input size=\"1\" type=\"text\" name=\"form_fields[field_c29449f]\" id=\"form-field-field_c29449f\" class=\"elementor-field elementor-size-sm  elementor-field-textual\" required=\"required\">\n\t\t\t\t\t\t\t\t\t\t\t<\/div>\n\t\t\t\t\t\t\t\t<div class=\"elementor-field-type-email elementor-field-group elementor-column elementor-field-group-email elementor-col-100 elementor-md-100 elementor-field-required\">\n\t\t\t\t\t\t\t\t\t\t\t\t<label for=\"form-field-email\" class=\"elementor-field-label\">\n\t\t\t\t\t\t\t\tEmail *\t\t\t\t\t\t\t<\/label>\n\t\t\t\t\t\t\t\t\t\t\t\t\t\t<input size=\"1\" type=\"email\" name=\"form_fields[email]\" id=\"form-field-email\" class=\"elementor-field elementor-size-sm  elementor-field-textual\" required=\"required\">\n\t\t\t\t\t\t\t\t\t\t\t<\/div>\n\t\t\t\t\t\t\t\t<div class=\"elementor-field-type-textarea elementor-field-group elementor-column elementor-field-group-message elementor-col-100 elementor-md-100 elementor-field-required\">\n\t\t\t\t\t\t\t\t\t\t\t\t<label for=\"form-field-message\" class=\"elementor-field-label\">\n\t\t\t\t\t\t\t\tNachricht *\t\t\t\t\t\t\t<\/label>\n\t\t\t\t\t\t<textarea class=\"elementor-field-textual elementor-field  elementor-size-sm\" name=\"form_fields[message]\" id=\"form-field-message\" rows=\"3\" required=\"required\"><\/textarea>\t\t\t\t<\/div>\n\t\t\t\t\t\t\t\t<div class=\"elementor-field-type-acceptance elementor-field-group elementor-column elementor-field-group-field_b9abeac elementor-col-100 elementor-field-required\">\n\t\t\t\t\t\t\t<div class=\"elementor-field-subgroup\">\n\t\t\t<span class=\"elementor-field-option\">\n\t\t\t\t<input type=\"checkbox\" name=\"form_fields[field_b9abeac]\" id=\"form-field-field_b9abeac\" class=\"elementor-field elementor-size-sm  elementor-acceptance-field\" required=\"required\">\n\t\t\t\t<label for=\"form-field-field_b9abeac\">Sie willigen ein, dass wir Sie ggf. auch \u00fcber diesen Kommunikationskanal kontaktieren, um Ihr Anliegen zu beantworten. Rechtsgrundlage f\u00fcr die \u00dcbermittlung der Daten ist Art. 6 Abs. 1 lit. a DSGVO.  Sie erhalten keine Spam-Mails.<\/label>\t\t\t<\/span>\n\t\t<\/div>\n\t\t\t\t\t\t<\/div>\n\t\t\t\t\t\t\t\t<div class=\"elementor-field-type-recaptcha_v3 elementor-field-group elementor-column elementor-field-group-field_605e877 elementor-col-100 recaptcha_v3-bottomleft\">\n\t\t\t\t\t<div class=\"elementor-field\" id=\"form-field-field_605e877\"><div class=\"elementor-g-recaptcha\" data-sitekey=\"6LfxqEkaAAAAANFpMpHxypnsNd2jFJ_bsQQVbEhl\" data-type=\"v3\" data-action=\"Form\" data-badge=\"bottomleft\" data-size=\"invisible\"><\/div><\/div>\t\t\t\t<\/div>\n\t\t\t\t\t\t\t\t<div class=\"elementor-field-group elementor-column elementor-field-type-submit elementor-col-100 e-form__buttons elementor-md-100\">\n\t\t\t\t\t<button class=\"elementor-button elementor-size-md\" type=\"submit\">\n\t\t\t\t\t\t<span class=\"elementor-button-content-wrapper\">\n\t\t\t\t\t\t\t\t\t\t\t\t\t\t\t\t\t\t\t\t\t\t<span class=\"elementor-button-text\">Nachricht senden<\/span>\n\t\t\t\t\t\t\t\t\t\t\t\t\t<\/span>\n\t\t\t\t\t<\/button>\n\t\t\t\t<\/div>\n\t\t\t<\/div>\n\t\t<\/form>\n\t\t\t\t\t\t<\/div>\n\t\t\t\t<\/div>\n\t\t\t\t\t<\/div>\n\t\t<\/div>\n\t\t\t\t\t<\/div>\n\t\t<\/section>\n\t\t\t\t<\/div>\n\t\t","protected":false},"excerpt":{"rendered":"<p>Decken Sie jetzt Optimierungspotenziale f\u00fcr Ihre Messe auf \u2013 mit unserem OptimierungsCheck. Decken Sie jetzt Optimierungspotenziale f\u00fcr Ihre Messe auf \u2013 mit unserem OptimierungsCheck. Welches Potenzial hat Ihre Messe? Wo stehen Sie auf dem Markt? Passt die Auslastung Ihres Terminkalenders zu der vorhandenen Messefl\u00e4che? Planen und steuern Sie Auf- und Abbautage bestm\u00f6glich? Gen\u00fcgen Ihre Logistikfl\u00e4chen [&hellip;]<\/p>\n","protected":false},"author":4,"featured_media":0,"parent":0,"menu_order":0,"comment_status":"closed","ping_status":"closed","template":"","meta":{"footnotes":""},"class_list":["post-6214","page","type-page","status-publish","hentry"],"yoast_head":"<!-- This site is optimized with the Yoast SEO plugin v27.3 - https:\/\/yoast.com\/product\/yoast-seo-wordpress\/ -->\n<title>Optimierungscheck Messe - gts systems<\/title>\n<meta name=\"robots\" content=\"index, follow, max-snippet:-1, max-image-preview:large, max-video-preview:-1\" \/>\n<link rel=\"canonical\" href=\"https:\/\/gts-systems.com\/en\/optimisationcheck-fair\/\" \/>\n<meta property=\"og:locale\" content=\"en_GB\" \/>\n<meta property=\"og:type\" content=\"article\" \/>\n<meta property=\"og:title\" content=\"Optimierungscheck Messe - gts systems\" \/>\n<meta property=\"og:description\" content=\"Decken Sie jetzt Optimierungspotenziale f\u00fcr Ihre Messe auf \u2013 mit unserem OptimierungsCheck. Decken Sie jetzt Optimierungspotenziale f\u00fcr Ihre Messe auf \u2013 mit unserem OptimierungsCheck. Welches Potenzial hat Ihre Messe? Wo stehen Sie auf dem Markt? Passt die Auslastung Ihres Terminkalenders zu der vorhandenen Messefl\u00e4che? Planen und steuern Sie Auf- und Abbautage bestm\u00f6glich? Gen\u00fcgen Ihre Logistikfl\u00e4chen [&hellip;]\" \/>\n<meta property=\"og:url\" content=\"https:\/\/gts-systems.com\/en\/optimisationcheck-fair\/\" \/>\n<meta property=\"og:site_name\" content=\"gts systems\" \/>\n<meta property=\"article:modified_time\" content=\"2026-04-02T12:23:50+00:00\" \/>\n<meta property=\"og:image\" content=\"https:\/\/gts-systems.com\/wp-content\/uploads\/2021\/03\/wiedmann_resized-300x300.png\" \/>\n<meta name=\"twitter:card\" content=\"summary_large_image\" \/>\n<meta name=\"twitter:label1\" content=\"Estimated reading time\" \/>\n\t<meta name=\"twitter:data1\" content=\"2 minutes\" \/>\n<!-- \/ Yoast SEO plugin. -->","yoast_head_json":{"title":"OptimisationCheck Fair - gts systems","robots":{"index":"index","follow":"follow","max-snippet":"max-snippet:-1","max-image-preview":"max-image-preview:large","max-video-preview":"max-video-preview:-1"},"canonical":"https:\/\/gts-systems.com\/en\/optimisationcheck-fair\/","og_locale":"en_GB","og_type":"article","og_title":"Optimierungscheck Messe - gts systems","og_description":"Decken Sie jetzt Optimierungspotenziale f\u00fcr Ihre Messe auf \u2013 mit unserem OptimierungsCheck. Decken Sie jetzt Optimierungspotenziale f\u00fcr Ihre Messe auf \u2013 mit unserem OptimierungsCheck. Welches Potenzial hat Ihre Messe? Wo stehen Sie auf dem Markt? Passt die Auslastung Ihres Terminkalenders zu der vorhandenen Messefl\u00e4che? Planen und steuern Sie Auf- und Abbautage bestm\u00f6glich? Gen\u00fcgen Ihre Logistikfl\u00e4chen [&hellip;]","og_url":"https:\/\/gts-systems.com\/en\/optimisationcheck-fair\/","og_site_name":"gts systems","article_modified_time":"2026-04-02T12:23:50+00:00","og_image":[{"url":"https:\/\/gts-systems.com\/wp-content\/uploads\/2021\/03\/wiedmann_resized-300x300.png","type":"","width":"","height":""}],"twitter_card":"summary_large_image","twitter_misc":{"Estimated reading time":"2 minutes"},"schema":{"@context":"https:\/\/schema.org","@graph":[{"@type":"WebPage","@id":"https:\/\/gts-systems.com\/optimierungscheck-messe\/","url":"https:\/\/gts-systems.com\/optimierungscheck-messe\/","name":"OptimisationCheck Fair - gts systems","isPartOf":{"@id":"https:\/\/gts-systems.com\/#website"},"primaryImageOfPage":{"@id":"https:\/\/gts-systems.com\/optimierungscheck-messe\/#primaryimage"},"image":{"@id":"https:\/\/gts-systems.com\/optimierungscheck-messe\/#primaryimage"},"thumbnailUrl":"https:\/\/gts-systems.com\/wp-content\/uploads\/2021\/03\/wiedmann_resized-300x300.png","datePublished":"2021-03-22T08:41:44+00:00","dateModified":"2026-04-02T12:23:50+00:00","breadcrumb":{"@id":"https:\/\/gts-systems.com\/optimierungscheck-messe\/#breadcrumb"},"inLanguage":"en-GB","potentialAction":[{"@type":"ReadAction","target":["https:\/\/gts-systems.com\/optimierungscheck-messe\/"]}]},{"@type":"ImageObject","inLanguage":"en-GB","@id":"https:\/\/gts-systems.com\/optimierungscheck-messe\/#primaryimage","url":"https:\/\/gts-systems.com\/wp-content\/uploads\/2021\/03\/wiedmann_resized-300x300.png","contentUrl":"https:\/\/gts-systems.com\/wp-content\/uploads\/2021\/03\/wiedmann_resized-300x300.png"},{"@type":"BreadcrumbList","@id":"https:\/\/gts-systems.com\/optimierungscheck-messe\/#breadcrumb","itemListElement":[{"@type":"ListItem","position":1,"name":"Startseite","item":"https:\/\/gts-systems.com\/"},{"@type":"ListItem","position":2,"name":"Optimierungscheck Messe"}]},{"@type":"WebSite","@id":"https:\/\/gts-systems.com\/#website","url":"https:\/\/gts-systems.com\/","name":"gts systems","description":"Optimise now","publisher":{"@id":"https:\/\/gts-systems.com\/#organization"},"potentialAction":[{"@type":"SearchAction","target":{"@type":"EntryPoint","urlTemplate":"https:\/\/gts-systems.com\/?s={search_term_string}"},"query-input":{"@type":"PropertyValueSpecification","valueRequired":true,"valueName":"search_term_string"}}],"inLanguage":"en-GB"},{"@type":"Organization","@id":"https:\/\/gts-systems.com\/#organization","name":"gts-systems","url":"https:\/\/gts-systems.com\/","logo":{"@type":"ImageObject","inLanguage":"en-GB","@id":"https:\/\/gts-systems.com\/#\/schema\/logo\/image\/","url":"https:\/\/gts-systems.com\/wp-content\/uploads\/2021\/03\/logogtssystems_1.svg","contentUrl":"https:\/\/gts-systems.com\/wp-content\/uploads\/2021\/03\/logogtssystems_1.svg","width":1,"height":1,"caption":"gts-systems"},"image":{"@id":"https:\/\/gts-systems.com\/#\/schema\/logo\/image\/"},"sameAs":["https:\/\/www.linkedin.com\/company\/gts-systems-and-consulting-gmbh"]}]}},"_links":{"self":[{"href":"https:\/\/gts-systems.com\/en\/wp-json\/wp\/v2\/pages\/6214","targetHints":{"allow":["GET"]}}],"collection":[{"href":"https:\/\/gts-systems.com\/en\/wp-json\/wp\/v2\/pages"}],"about":[{"href":"https:\/\/gts-systems.com\/en\/wp-json\/wp\/v2\/types\/page"}],"author":[{"embeddable":true,"href":"https:\/\/gts-systems.com\/en\/wp-json\/wp\/v2\/users\/4"}],"replies":[{"embeddable":true,"href":"https:\/\/gts-systems.com\/en\/wp-json\/wp\/v2\/comments?post=6214"}],"version-history":[{"count":1,"href":"https:\/\/gts-systems.com\/en\/wp-json\/wp\/v2\/pages\/6214\/revisions"}],"predecessor-version":[{"id":20086,"href":"https:\/\/gts-systems.com\/en\/wp-json\/wp\/v2\/pages\/6214\/revisions\/20086"}],"wp:attachment":[{"href":"https:\/\/gts-systems.com\/en\/wp-json\/wp\/v2\/media?parent=6214"}],"curies":[{"name":"wp","href":"https:\/\/api.w.org\/{rel}","templated":true}]}}