{"id":3775,"date":"2021-02-16T10:06:46","date_gmt":"2021-02-16T09:06:46","guid":{"rendered":"http:\/\/gts-systems.com\/?page_id=3775"},"modified":"2021-11-08T11:23:12","modified_gmt":"2021-11-08T10:23:12","slug":"blog-insights","status":"publish","type":"page","link":"https:\/\/gts-systems.com\/en\/blog-insights\/","title":{"rendered":"Blog insights"},"content":{"rendered":"<div data-elementor-type=\"wp-page\" data-elementor-id=\"3775\" class=\"elementor elementor-3775\" data-elementor-post-type=\"page\">\n\t\t\t\t\t\t<section class=\"elementor-section elementor-top-section elementor-element elementor-element-ca42794 elementor-section-boxed elementor-section-height-default elementor-section-height-default\" data-id=\"ca42794\" data-element_type=\"section\" data-e-type=\"section\">\n\t\t\t\t\t\t<div class=\"elementor-container elementor-column-gap-default\">\n\t\t\t\t\t<div class=\"elementor-column elementor-col-100 elementor-top-column elementor-element elementor-element-e78965d\" data-id=\"e78965d\" data-element_type=\"column\" data-e-type=\"column\">\n\t\t\t<div class=\"elementor-widget-wrap elementor-element-populated\">\n\t\t\t\t\t\t<div class=\"elementor-element elementor-element-09c25a4 elementor-widget elementor-widget-heading\" data-id=\"09c25a4\" data-element_type=\"widget\" data-e-type=\"widget\" data-widget_type=\"heading.default\">\n\t\t\t\t<div class=\"elementor-widget-container\">\n\t\t\t\t\t<h2 class=\"elementor-heading-title elementor-size-default\">The gts insights blog<\/h2>\t\t\t\t<\/div>\n\t\t\t\t<\/div>\n\t\t\t\t<div class=\"elementor-element elementor-element-1a7fe3e elementor-widget elementor-widget-text-editor\" data-id=\"1a7fe3e\" data-element_type=\"widget\" data-e-type=\"widget\" data-widget_type=\"text-editor.default\">\n\t\t\t\t<div class=\"elementor-widget-container\">\n\t\t\t\t\t\t\t\t\t<p>Welcome to our blog. Here we provide you with relevant background information, interesting interviews and current topics about our <a href=\"https:\/\/gts-systems.com\/en\/company\/\">Company.<\/a><\/p><p>Click here to return to the Tour Planning, Transport Logistics and Tour Optimisation Blog.<\/p>\t\t\t\t\t\t\t\t<\/div>\n\t\t\t\t<\/div>\n\t\t\t\t<div class=\"elementor-element elementor-element-5992d60 elementor-align-center elementor-widget elementor-widget-button\" data-id=\"5992d60\" data-element_type=\"widget\" data-e-type=\"widget\" data-widget_type=\"button.default\">\n\t\t\t\t<div class=\"elementor-widget-container\">\n\t\t\t\t\t\t\t\t\t<div class=\"elementor-button-wrapper\">\n\t\t\t\t\t<a class=\"elementor-button elementor-button-link elementor-size-md\" href=\"http:\/\/gts-systems.com\/en\/blog\/\">\n\t\t\t\t\t\t<span class=\"elementor-button-content-wrapper\">\n\t\t\t\t\t\t\t\t\t<span class=\"elementor-button-text\">ENTER BLOG<\/span>\n\t\t\t\t\t<\/span>\n\t\t\t\t\t<\/a>\n\t\t\t\t<\/div>\n\t\t\t\t\t\t\t\t<\/div>\n\t\t\t\t<\/div>\n\t\t\t\t\t<\/div>\n\t\t<\/div>\n\t\t\t\t\t<\/div>\n\t\t<\/section>\n\t\t\t\t<section class=\"elementor-section elementor-top-section elementor-element elementor-element-43f79a2 elementor-section-boxed elementor-section-height-default elementor-section-height-default\" data-id=\"43f79a2\" data-element_type=\"section\" data-e-type=\"section\">\n\t\t\t\t\t\t<div class=\"elementor-container elementor-column-gap-default\">\n\t\t\t\t\t<div class=\"elementor-column elementor-col-100 elementor-top-column elementor-element elementor-element-cc47b97\" data-id=\"cc47b97\" data-element_type=\"column\" data-e-type=\"column\">\n\t\t\t<div class=\"elementor-widget-wrap elementor-element-populated\">\n\t\t\t\t\t\t<div class=\"elementor-element elementor-element-8e8c9a0 elementor-widget elementor-widget-heading\" data-id=\"8e8c9a0\" data-element_type=\"widget\" data-e-type=\"widget\" data-widget_type=\"heading.default\">\n\t\t\t\t<div class=\"elementor-widget-container\">\n\t\t\t\t\t<h2 class=\"elementor-heading-title elementor-size-default\">gts insights<\/h2>\t\t\t\t<\/div>\n\t\t\t\t<\/div>\n\t\t\t\t\t<\/div>\n\t\t<\/div>\n\t\t\t\t\t<\/div>\n\t\t<\/section>\n\t\t\t\t<section class=\"elementor-section elementor-top-section elementor-element elementor-element-c235d4d elementor-section-boxed elementor-section-height-default elementor-section-height-default\" data-id=\"c235d4d\" data-element_type=\"section\" data-e-type=\"section\">\n\t\t\t\t\t\t<div class=\"elementor-container elementor-column-gap-default\">\n\t\t\t\t\t<div class=\"elementor-column elementor-col-100 elementor-top-column elementor-element elementor-element-7205c12\" data-id=\"7205c12\" data-element_type=\"column\" data-e-type=\"column\">\n\t\t\t<div class=\"elementor-widget-wrap elementor-element-populated\">\n\t\t\t\t\t\t<div class=\"elementor-element elementor-element-4b6677f elementor-grid-1 elementor-posts--thumbnail-none elementor-posts--align-left elementor-grid-tablet-1 elementor-grid-mobile-1 elementor-widget elementor-widget-posts\" data-id=\"4b6677f\" data-element_type=\"widget\" data-e-type=\"widget\" data-settings=\"{&quot;classic_columns&quot;:&quot;1&quot;,&quot;classic_columns_tablet&quot;:&quot;1&quot;,&quot;classic_columns_mobile&quot;:&quot;1&quot;,&quot;classic_row_gap&quot;:{&quot;unit&quot;:&quot;px&quot;,&quot;size&quot;:35,&quot;sizes&quot;:[]},&quot;classic_row_gap_tablet&quot;:{&quot;unit&quot;:&quot;px&quot;,&quot;size&quot;:&quot;&quot;,&quot;sizes&quot;:[]},&quot;classic_row_gap_mobile&quot;:{&quot;unit&quot;:&quot;px&quot;,&quot;size&quot;:&quot;&quot;,&quot;sizes&quot;:[]}}\" data-widget_type=\"posts.classic\">\n\t\t\t\t<div class=\"elementor-widget-container\">\n\t\t\t\t\t\t\t<div class=\"elementor-posts-container elementor-posts elementor-posts--skin-classic elementor-grid\" role=\"list\">\n\t\t\t\t<article class=\"elementor-post elementor-grid-item post-19643 post type-post status-publish format-standard hentry category-insights\" role=\"listitem\">\n\t\t\t\t<div class=\"elementor-post__text\">\n\t\t\t\t<h3 class=\"elementor-post__title\">\n\t\t\t<a href=\"https:\/\/gts-systems.com\/en\/insights\/vor-ort-auf-sansibar-warum-uns-die-trude-adler-schule-seit-jahren-am-herzen-liegt\/\" >\n\t\t\t\tOn location in Zanzibar: Why the Trude Adler School has been close to our hearts for years.\t\t\t<\/a>\n\t\t<\/h3>\n\t\t\t\t<div class=\"elementor-post__excerpt\">\n\t\t\t<p>For us at gts, social engagement is not a short-term project, but a long-term responsibility. For many years, we have been supporting the Trude Adler School in Zanzibar \u2013 a<\/p>\n\t\t<\/div>\n\t\t\n\t\t<a class=\"elementor-post__read-more\" href=\"https:\/\/gts-systems.com\/en\/insights\/vor-ort-auf-sansibar-warum-uns-die-trude-adler-schule-seit-jahren-am-herzen-liegt\/\" aria-label=\"Read more about Vor Ort auf Sansibar: Warum uns die Trude-Adler-Schule seit Jahren am Herzen liegt.\" tabindex=\"-1\" >\n\t\t\tRead More\t\t<\/a>\n\n\t\t\t\t<\/div>\n\t\t\t\t<\/article>\n\t\t\t\t<article class=\"elementor-post elementor-grid-item post-19052 post type-post status-publish format-standard hentry category-insights\" role=\"listitem\">\n\t\t\t\t<div class=\"elementor-post__text\">\n\t\t\t\t<h3 class=\"elementor-post__title\">\n\t\t\t<a href=\"https:\/\/gts-systems.com\/en\/insights\/25-jahre-gts-unser-jubilaeumsausflug-nach-utrecht\/\" >\n\t\t\t\t25 years of gts \u2013 Our anniversary trip to Utrecht.\t\t\t<\/a>\n\t\t<\/h3>\n\t\t\t\t<div class=\"elementor-post__excerpt\">\n\t\t\t<p>2025 is a very special year for us: gts is celebrating its 25th anniversary! A quarter of a century full of innovation, collaboration and shared successes. We didn't want to just celebrate this in<\/p>\n\t\t<\/div>\n\t\t\n\t\t<a class=\"elementor-post__read-more\" href=\"https:\/\/gts-systems.com\/en\/insights\/25-jahre-gts-unser-jubilaeumsausflug-nach-utrecht\/\" aria-label=\"Read more about 25 Jahre gts &#8211; Unser Jubil\u00e4umsausflug nach Utrecht.\" tabindex=\"-1\" >\n\t\t\tRead More\t\t<\/a>\n\n\t\t\t\t<\/div>\n\t\t\t\t<\/article>\n\t\t\t\t<article class=\"elementor-post elementor-grid-item post-18683 post type-post status-publish format-standard hentry category-insights\" role=\"listitem\">\n\t\t\t\t<div class=\"elementor-post__text\">\n\t\t\t\t<h3 class=\"elementor-post__title\">\n\t\t\t<a href=\"https:\/\/gts-systems.com\/en\/insights\/10-jahre-engagement-gts-beim-oxfam-netzwerktreffen-2025\/\" >\n\t\t\t\t10 years of commitment: gts at the Oxfam Network Meeting 2025.\t\t\t<\/a>\n\t\t<\/h3>\n\t\t\t\t<div class=\"elementor-post__excerpt\">\n\t\t\t<p>Think economically. Act globally. At Oxfam Germany's Network Meeting 2025, members from all over Germany came together to exchange ideas, learn from each other - and together<\/p>\n\t\t<\/div>\n\t\t\n\t\t<a class=\"elementor-post__read-more\" href=\"https:\/\/gts-systems.com\/en\/insights\/10-jahre-engagement-gts-beim-oxfam-netzwerktreffen-2025\/\" aria-label=\"Read more about 10 Jahre Engagement: gts beim Oxfam-Netzwerktreffen 2025.\" tabindex=\"-1\" >\n\t\t\tRead More\t\t<\/a>\n\n\t\t\t\t<\/div>\n\t\t\t\t<\/article>\n\t\t\t\t<article class=\"elementor-post elementor-grid-item post-18287 post type-post status-publish format-standard hentry category-insights\" role=\"listitem\">\n\t\t\t\t<div class=\"elementor-post__text\">\n\t\t\t\t<h3 class=\"elementor-post__title\">\n\t\t\t<a href=\"https:\/\/gts-systems.com\/en\/insights\/gemeinsam-durch-den-schlamm-wie-unsere-teilnahme-an-den-mud-masters-unseren-teamgeist-gestaerkt-hat\/\" >\n\t\t\t\tThrough the mud together - How our participation in the Mud Masters strengthened our team spirit\t\t\t<\/a>\n\t\t<\/h3>\n\t\t\t\t<div class=\"elementor-post__excerpt\">\n\t\t\t<p>In 2023 and 2024, our colleagues took on the challenge of the Mud Masters. This event, inspired by military training units, offers a spectacular<\/p>\n\t\t<\/div>\n\t\t\n\t\t<a class=\"elementor-post__read-more\" href=\"https:\/\/gts-systems.com\/en\/insights\/gemeinsam-durch-den-schlamm-wie-unsere-teilnahme-an-den-mud-masters-unseren-teamgeist-gestaerkt-hat\/\" aria-label=\"Read more about Gemeinsam durch den Schlamm \u2013 Wie unsere Teilnahme an den Mud Masters unseren Teamgeist gest\u00e4rkt hat\" tabindex=\"-1\" >\n\t\t\tRead More\t\t<\/a>\n\n\t\t\t\t<\/div>\n\t\t\t\t<\/article>\n\t\t\t\t<article class=\"elementor-post elementor-grid-item post-15680 post type-post status-publish format-standard hentry category-insights\" role=\"listitem\">\n\t\t\t\t<div class=\"elementor-post__text\">\n\t\t\t\t<h3 class=\"elementor-post__title\">\n\t\t\t<a href=\"https:\/\/gts-systems.com\/en\/insights\/sommerdinner-2023-kulinarischer-genuss-wein-und-viele-gespraeche\/\" >\n\t\t\t\tSummer Dinner 2023: Culinary delights, wine and lots of conversation\t\t\t<\/a>\n\t\t<\/h3>\n\t\t\t\t<div class=\"elementor-post__excerpt\">\n\t\t\t<p>Summer is the perfect time to enjoy the evening together. And that's exactly what we did recently at our Summer Dinner 2023.<\/p>\n\t\t<\/div>\n\t\t\n\t\t<a class=\"elementor-post__read-more\" href=\"https:\/\/gts-systems.com\/en\/insights\/sommerdinner-2023-kulinarischer-genuss-wein-und-viele-gespraeche\/\" aria-label=\"Read more about Sommerdinner 2023: Kulinarischer Genuss, Wein und viele Gespr\u00e4che\" tabindex=\"-1\" >\n\t\t\tRead More\t\t<\/a>\n\n\t\t\t\t<\/div>\n\t\t\t\t<\/article>\n\t\t\t\t<article class=\"elementor-post elementor-grid-item post-14783 post type-post status-publish format-standard hentry category-insights\" role=\"listitem\">\n\t\t\t\t<div class=\"elementor-post__text\">\n\t\t\t\t<h3 class=\"elementor-post__title\">\n\t\t\t<a href=\"https:\/\/gts-systems.com\/en\/insights\/nachhaltige-humanitaere-arbeit-und-warum-gts-sich-dafuer-einsetzt\/\" >\n\t\t\t\tSustainable humanitarian work and why gts is committed to it\t\t\t<\/a>\n\t\t<\/h3>\n\t\t\t\t<div class=\"elementor-post__excerpt\">\n\t\t\t<p>\"When crises become perpetual, support must also become steady and sustainable.\" Under this motto, the international emergency relief and development organisation Oxfam has responded to the emergency situation.<\/p>\n\t\t<\/div>\n\t\t\n\t\t<a class=\"elementor-post__read-more\" href=\"https:\/\/gts-systems.com\/en\/insights\/nachhaltige-humanitaere-arbeit-und-warum-gts-sich-dafuer-einsetzt\/\" aria-label=\"Read more about Nachhaltige humanit\u00e4re Arbeit und warum gts sich daf\u00fcr einsetzt\" tabindex=\"-1\" >\n\t\t\tRead More\t\t<\/a>\n\n\t\t\t\t<\/div>\n\t\t\t\t<\/article>\n\t\t\t\t<article class=\"elementor-post elementor-grid-item post-13927 post type-post status-publish format-standard hentry category-insights\" role=\"listitem\">\n\t\t\t\t<div class=\"elementor-post__text\">\n\t\t\t\t<h3 class=\"elementor-post__title\">\n\t\t\t<a href=\"https:\/\/gts-systems.com\/en\/insights\/die-gts-all-stars-starten-wieder-durch\/\" >\n\t\t\t\tThe gts All Stars take off again\t\t\t<\/a>\n\t\t<\/h3>\n\t\t\t\t<div class=\"elementor-post__excerpt\">\n\t\t\t<p>This year, things got particularly sporty at gts. After a two-year break, the gts All Stars once again took part in the B2Run and the Aachen company run.<\/p>\n\t\t<\/div>\n\t\t\n\t\t<a class=\"elementor-post__read-more\" href=\"https:\/\/gts-systems.com\/en\/insights\/die-gts-all-stars-starten-wieder-durch\/\" aria-label=\"Read more about Die gts All Stars starten wieder durch\" tabindex=\"-1\" >\n\t\t\tRead More\t\t<\/a>\n\n\t\t\t\t<\/div>\n\t\t\t\t<\/article>\n\t\t\t\t<article class=\"elementor-post elementor-grid-item post-12931 post type-post status-publish format-standard hentry category-insights\" role=\"listitem\">\n\t\t\t\t<div class=\"elementor-post__text\">\n\t\t\t\t<h3 class=\"elementor-post__title\">\n\t\t\t<a href=\"https:\/\/gts-systems.com\/en\/insights\/action-genuss-und-dialog-auf-der-gts-firmenfeier-2022\/\" >\n\t\t\t\tAction, pleasure and dialogue at the gts company party 2022\t\t\t<\/a>\n\t\t<\/h3>\n\t\t\t\t<div class=\"elementor-post__excerpt\">\n\t\t\t<p>It all started at the Powerarea kart hall in Lemiers. 3,2,1, go! At the gts company party on 15 August, employees were able to demonstrate their expertise in the<\/p>\n\t\t<\/div>\n\t\t\n\t\t<a class=\"elementor-post__read-more\" href=\"https:\/\/gts-systems.com\/en\/insights\/action-genuss-und-dialog-auf-der-gts-firmenfeier-2022\/\" aria-label=\"Read more about Action, Genuss und Dialog auf der gts-Firmenfeier 2022\" tabindex=\"-1\" >\n\t\t\tRead More\t\t<\/a>\n\n\t\t\t\t<\/div>\n\t\t\t\t<\/article>\n\t\t\t\t<article class=\"elementor-post elementor-grid-item post-11070 post type-post status-publish format-standard hentry category-insights\" role=\"listitem\">\n\t\t\t\t<div class=\"elementor-post__text\">\n\t\t\t\t<h3 class=\"elementor-post__title\">\n\t\t\t<a href=\"https:\/\/gts-systems.com\/en\/insights\/matse-absolvent-bei-gts-vielseitig-spannend-selbststaendig\/\" >\n\t\t\t\tMATSE graduate at gts - versatile, exciting, independent\t\t\t<\/a>\n\t\t<\/h3>\n\t\t\t\t<div class=\"elementor-post__excerpt\">\n\t\t\t<p>Graduation soon in the bag and ready for the next step? Do you feel at home in mathematics and computer science? If you now<\/p>\n\t\t<\/div>\n\t\t\n\t\t<a class=\"elementor-post__read-more\" href=\"https:\/\/gts-systems.com\/en\/insights\/matse-absolvent-bei-gts-vielseitig-spannend-selbststaendig\/\" aria-label=\"Read more about MATSE-Absolvent bei gts \u2013 vielseitig, spannend, selbstst\u00e4ndig\" tabindex=\"-1\" >\n\t\t\tRead More\t\t<\/a>\n\n\t\t\t\t<\/div>\n\t\t\t\t<\/article>\n\t\t\t\t<article class=\"elementor-post elementor-grid-item post-1648 post type-post status-publish format-standard hentry category-insights\" role=\"listitem\">\n\t\t\t\t<div class=\"elementor-post__text\">\n\t\t\t\t<h3 class=\"elementor-post__title\">\n\t\t\t<a href=\"https:\/\/gts-systems.com\/en\/insights\/ausnahmsweise-ohne-tourenplanung-ans-ziel\/\" >\n\t\t\t\tSometimes we reach our destination without optimisation\t\t\t<\/a>\n\t\t<\/h3>\n\t\t\t\t<div class=\"elementor-post__excerpt\">\n\t\t\t<p>\"Aachen is looking for the sportiest company in the Euregio\u201c - Ramona Richter, Gereon B\u00fcrvenich, Jonas Sch\u00fcppen, Roy Hermanns, Tore Gr\u00fcnert and Michael Th\u00e4rigen gladly<\/p>\n\t\t<\/div>\n\t\t\n\t\t<a class=\"elementor-post__read-more\" href=\"https:\/\/gts-systems.com\/en\/insights\/ausnahmsweise-ohne-tourenplanung-ans-ziel\/\" aria-label=\"Read more about Ausnahmsweise ohne Tourenplanung ans Ziel\" tabindex=\"-1\" >\n\t\t\tRead More\t\t<\/a>\n\n\t\t\t\t<\/div>\n\t\t\t\t<\/article>\n\t\t\t\t<article class=\"elementor-post elementor-grid-item post-1675 post type-post status-publish format-standard hentry category-insights\" role=\"listitem\">\n\t\t\t\t<div class=\"elementor-post__text\">\n\t\t\t\t<h3 class=\"elementor-post__title\">\n\t\t\t<a href=\"https:\/\/gts-systems.com\/en\/insights\/hauptstrasse-schulstrasse-und-gartenstrasse-sind-die-haeufigsten-strassennamen\/\" >\n\t\t\t\tHauptstra\u00dfe, Schulstra\u00dfe and Gartenstra\u00dfe are the most common street names\t\t\t<\/a>\n\t\t<\/h3>\n\t\t\t\t<div class=\"elementor-post__excerpt\">\n\t\t\t<p>Here the name (hopefully) says it all.\nWhen it comes to street names, Germans aren't exactly creative. If you search for the most common street names<\/p>\n\t\t<\/div>\n\t\t\n\t\t<a class=\"elementor-post__read-more\" href=\"https:\/\/gts-systems.com\/en\/insights\/hauptstrasse-schulstrasse-und-gartenstrasse-sind-die-haeufigsten-strassennamen\/\" aria-label=\"Read more about Hauptstra\u00dfe, Schulstra\u00dfe und Gartenstra\u00dfe sind die h\u00e4ufigsten Stra\u00dfennamen\" tabindex=\"-1\" >\n\t\t\tRead More\t\t<\/a>\n\n\t\t\t\t<\/div>\n\t\t\t\t<\/article>\n\t\t\t\t<article class=\"elementor-post elementor-grid-item post-1668 post type-post status-publish format-standard hentry category-insights\" role=\"listitem\">\n\t\t\t\t<div class=\"elementor-post__text\">\n\t\t\t\t<h3 class=\"elementor-post__title\">\n\t\t\t<a href=\"https:\/\/gts-systems.com\/en\/insights\/mit-2-abschluessen-in-3-jahren-habe-ich-sehr-gute-perspektiven\/\" >\n\t\t\t\t\"With 2 degrees in 3 years, I have very good prospects.\"\t\t\t<\/a>\n\t\t<\/h3>\n\t\t\t\t<div class=\"elementor-post__excerpt\">\n\t\t\t<p>Jonas Sch\u00fcppen has developed a map display for area planning and route planning.\nJonas Sch\u00fcppen is studying \"Scientific Programming\" at the Aachen University of Applied Sciences and at<\/p>\n\t\t<\/div>\n\t\t\n\t\t<a class=\"elementor-post__read-more\" href=\"https:\/\/gts-systems.com\/en\/insights\/mit-2-abschluessen-in-3-jahren-habe-ich-sehr-gute-perspektiven\/\" aria-label=\"Read more about \u201eMit 2 Abschl\u00fcssen in 3 Jahren habe ich sehr gute Perspektiven.\u201c\" tabindex=\"-1\" >\n\t\t\tRead More\t\t<\/a>\n\n\t\t\t\t<\/div>\n\t\t\t\t<\/article>\n\t\t\t\t<\/div>\n\t\t\n\t\t\t\t\t\t<\/div>\n\t\t\t\t<\/div>\n\t\t\t\t\t<\/div>\n\t\t<\/div>\n\t\t\t\t\t<\/div>\n\t\t<\/section>\n\t\t\t\t<\/div>","protected":false},"excerpt":{"rendered":"<p>Der gts insights Blog Willkommen in unserem Blog. Hier liefern wir Ihnen relevante Hintergrundinformationen, interessante Interviews und aktuelle Themen rund um unser Unternehmen. Hier gelangen Sie zur\u00fcck zum Tourenplanung, Transportlogistik und Tourenoptimierung Blog. ZUM BLOG gts insights<\/p>","protected":false},"author":5,"featured_media":0,"parent":0,"menu_order":0,"comment_status":"closed","ping_status":"closed","template":"","meta":{"footnotes":""},"class_list":["post-3775","page","type-page","status-publish","hentry"],"yoast_head":"<!-- This site is optimized with the Yoast SEO plugin v27.3 - https:\/\/yoast.com\/product\/yoast-seo-wordpress\/ -->\n<title>Blog insights - gts systems<\/title>\n<meta name=\"robots\" content=\"index, follow, max-snippet:-1, max-image-preview:large, max-video-preview:-1\" \/>\n<link rel=\"canonical\" href=\"https:\/\/gts-systems.com\/en\/blog-insights\/\" \/>\n<meta property=\"og:locale\" content=\"en_GB\" \/>\n<meta property=\"og:type\" content=\"article\" \/>\n<meta property=\"og:title\" content=\"Blog insights - gts systems\" \/>\n<meta property=\"og:description\" content=\"Der gts insights Blog Willkommen in unserem Blog. Hier liefern wir Ihnen relevante Hintergrundinformationen, interessante Interviews und aktuelle Themen rund um unser Unternehmen. Hier gelangen Sie zur\u00fcck zum Tourenplanung, Transportlogistik und Tourenoptimierung Blog. ZUM BLOG gts insights\" \/>\n<meta property=\"og:url\" content=\"https:\/\/gts-systems.com\/en\/blog-insights\/\" \/>\n<meta property=\"og:site_name\" content=\"gts systems\" \/>\n<meta property=\"article:modified_time\" content=\"2021-11-08T10:23:12+00:00\" \/>\n<meta name=\"twitter:card\" content=\"summary_large_image\" \/>\n<meta name=\"twitter:label1\" content=\"Estimated reading time\" \/>\n\t<meta name=\"twitter:data1\" content=\"1 minute\" \/>\n<!-- \/ Yoast SEO plugin. -->","yoast_head_json":{"title":"Blog insights - gts systems","robots":{"index":"index","follow":"follow","max-snippet":"max-snippet:-1","max-image-preview":"max-image-preview:large","max-video-preview":"max-video-preview:-1"},"canonical":"https:\/\/gts-systems.com\/en\/blog-insights\/","og_locale":"en_GB","og_type":"article","og_title":"Blog insights - gts systems","og_description":"Der gts insights Blog Willkommen in unserem Blog. Hier liefern wir Ihnen relevante Hintergrundinformationen, interessante Interviews und aktuelle Themen rund um unser Unternehmen. Hier gelangen Sie zur\u00fcck zum Tourenplanung, Transportlogistik und Tourenoptimierung Blog. ZUM BLOG gts insights","og_url":"https:\/\/gts-systems.com\/en\/blog-insights\/","og_site_name":"gts systems","article_modified_time":"2021-11-08T10:23:12+00:00","twitter_card":"summary_large_image","twitter_misc":{"Estimated reading time":"1 minute"},"schema":{"@context":"https:\/\/schema.org","@graph":[{"@type":"WebPage","@id":"https:\/\/gts-systems.com\/it\/approfondimenti-sul-blog\/","url":"https:\/\/gts-systems.com\/it\/approfondimenti-sul-blog\/","name":"Blog insights - gts systems","isPartOf":{"@id":"https:\/\/gts-systems.com\/#website"},"datePublished":"2021-02-16T09:06:46+00:00","dateModified":"2021-11-08T10:23:12+00:00","breadcrumb":{"@id":"https:\/\/gts-systems.com\/it\/approfondimenti-sul-blog\/#breadcrumb"},"inLanguage":"en-GB","potentialAction":[{"@type":"ReadAction","target":["https:\/\/gts-systems.com\/it\/approfondimenti-sul-blog\/"]}]},{"@type":"BreadcrumbList","@id":"https:\/\/gts-systems.com\/it\/approfondimenti-sul-blog\/#breadcrumb","itemListElement":[{"@type":"ListItem","position":1,"name":"Startseite","item":"https:\/\/gts-systems.com\/"},{"@type":"ListItem","position":2,"name":"Blog insights"}]},{"@type":"WebSite","@id":"https:\/\/gts-systems.com\/#website","url":"https:\/\/gts-systems.com\/","name":"gts systems","description":"Optimise now","publisher":{"@id":"https:\/\/gts-systems.com\/#organization"},"potentialAction":[{"@type":"SearchAction","target":{"@type":"EntryPoint","urlTemplate":"https:\/\/gts-systems.com\/?s={search_term_string}"},"query-input":{"@type":"PropertyValueSpecification","valueRequired":true,"valueName":"search_term_string"}}],"inLanguage":"en-GB"},{"@type":"Organization","@id":"https:\/\/gts-systems.com\/#organization","name":"gts-systems","url":"https:\/\/gts-systems.com\/","logo":{"@type":"ImageObject","inLanguage":"en-GB","@id":"https:\/\/gts-systems.com\/#\/schema\/logo\/image\/","url":"https:\/\/gts-systems.com\/wp-content\/uploads\/2021\/03\/logogtssystems_1.svg","contentUrl":"https:\/\/gts-systems.com\/wp-content\/uploads\/2021\/03\/logogtssystems_1.svg","width":1,"height":1,"caption":"gts-systems"},"image":{"@id":"https:\/\/gts-systems.com\/#\/schema\/logo\/image\/"},"sameAs":["https:\/\/www.linkedin.com\/company\/gts-systems-and-consulting-gmbh"]}]}},"_links":{"self":[{"href":"https:\/\/gts-systems.com\/en\/wp-json\/wp\/v2\/pages\/3775","targetHints":{"allow":["GET"]}}],"collection":[{"href":"https:\/\/gts-systems.com\/en\/wp-json\/wp\/v2\/pages"}],"about":[{"href":"https:\/\/gts-systems.com\/en\/wp-json\/wp\/v2\/types\/page"}],"author":[{"embeddable":true,"href":"https:\/\/gts-systems.com\/en\/wp-json\/wp\/v2\/users\/5"}],"replies":[{"embeddable":true,"href":"https:\/\/gts-systems.com\/en\/wp-json\/wp\/v2\/comments?post=3775"}],"version-history":[{"count":0,"href":"https:\/\/gts-systems.com\/en\/wp-json\/wp\/v2\/pages\/3775\/revisions"}],"wp:attachment":[{"href":"https:\/\/gts-systems.com\/en\/wp-json\/wp\/v2\/media?parent=3775"}],"curies":[{"name":"wp","href":"https:\/\/api.w.org\/{rel}","templated":true}]}}