{"id":2476,"date":"2021-01-15T17:40:33","date_gmt":"2021-01-15T16:40:33","guid":{"rendered":"http:\/\/gts-systems.com\/?page_id=2476"},"modified":"2026-03-19T14:30:18","modified_gmt":"2026-03-19T13:30:18","slug":"transit-mobile-data-protection","status":"publish","type":"page","link":"https:\/\/gts-systems.com\/en\/transit-mobile-datenschutz\/","title":{"rendered":"transit-mobile-datenschutz"},"content":{"rendered":"<div data-elementor-type=\"wp-page\" data-elementor-id=\"2476\" class=\"elementor elementor-2476\" data-elementor-post-type=\"page\">\n\t\t\t\t\t\t<section class=\"elementor-section elementor-top-section elementor-element elementor-element-9d055a3 elementor-section-full_width elementor-section-stretched elementor-section-height-default elementor-section-height-default\" data-id=\"9d055a3\" data-element_type=\"section\" data-e-type=\"section\" data-settings=\"{&quot;stretch_section&quot;:&quot;section-stretched&quot;,&quot;background_background&quot;:&quot;classic&quot;}\">\n\t\t\t\t\t\t<div class=\"elementor-container elementor-column-gap-default\">\n\t\t\t\t\t<div class=\"elementor-column elementor-col-100 elementor-top-column elementor-element elementor-element-39eb1cff\" data-id=\"39eb1cff\" data-element_type=\"column\" data-e-type=\"column\">\n\t\t\t<div class=\"elementor-widget-wrap\">\n\t\t\t\t\t\t\t<\/div>\n\t\t<\/div>\n\t\t\t\t\t<\/div>\n\t\t<\/section>\n\t\t\t\t<section class=\"elementor-section elementor-top-section elementor-element elementor-element-7ce52fbd elementor-section-boxed elementor-section-height-default elementor-section-height-default\" data-id=\"7ce52fbd\" data-element_type=\"section\" data-e-type=\"section\">\n\t\t\t\t\t\t<div class=\"elementor-container elementor-column-gap-default\">\n\t\t\t\t\t<div class=\"elementor-column elementor-col-100 elementor-top-column elementor-element elementor-element-b2c7b22\" data-id=\"b2c7b22\" data-element_type=\"column\" data-e-type=\"column\">\n\t\t\t<div class=\"elementor-widget-wrap elementor-element-populated\">\n\t\t\t\t\t\t<div class=\"elementor-element elementor-element-519d7d2c elementor-widget elementor-widget-heading\" data-id=\"519d7d2c\" data-element_type=\"widget\" data-e-type=\"widget\" data-widget_type=\"heading.default\">\n\t\t\t\t<div class=\"elementor-widget-container\">\n\t\t\t\t\t<h2 class=\"elementor-heading-title elementor-size-xxl\">Datenschutzerkl\u00e4rung TransIT Mobile und TransIT Mobile+.<\/h2>\t\t\t\t<\/div>\n\t\t\t\t<\/div>\n\t\t\t\t<div class=\"elementor-element elementor-element-7cbe4119 elementor-widget elementor-widget-text-editor\" data-id=\"7cbe4119\" data-element_type=\"widget\" data-e-type=\"widget\" data-widget_type=\"text-editor.default\">\n\t\t\t\t<div class=\"elementor-widget-container\">\n\t\t\t\t\t\t\t\t\t<p>Thank you for your interest in our telematics solution. As the operator of this app, we take the protection of your personal data very seriously. We treat your personal data confidentially and in accordance with the statutory data protection regulations and this data protection declaration.<\/p>\t\t\t\t\t\t\t\t<\/div>\n\t\t\t\t<\/div>\n\t\t\t\t<div class=\"elementor-element elementor-element-7f4261fc elementor-widget elementor-widget-heading\" data-id=\"7f4261fc\" data-element_type=\"widget\" data-e-type=\"widget\" data-widget_type=\"heading.default\">\n\t\t\t\t<div class=\"elementor-widget-container\">\n\t\t\t\t\t<h3 class=\"elementor-heading-title elementor-size-xl\">1. Responsible body and contact<\/h3>\t\t\t\t<\/div>\n\t\t\t\t<\/div>\n\t\t\t\t<div class=\"elementor-element elementor-element-42cb12c elementor-widget elementor-widget-text-editor\" data-id=\"42cb12c\" data-element_type=\"widget\" data-e-type=\"widget\" data-widget_type=\"text-editor.default\">\n\t\t\t\t<div class=\"elementor-widget-container\">\n\t\t\t\t\t\t\t\t\t<p>Die verantwortliche Stelle im Sinne der Datenschutzgesetze ist die GTS Systems and Consulting GmbH, Uersfeld 24 52072 Aachen. Unseren Datenschutzbeauftragten erreichen Sie unter <a href=\"mailto:datenschutz@gts-systems.de\">datenschutz@gts-systems.de<\/a> oder unserer Postadresse mit dem Zusatz \u201eder Datenschutzbeauftragte\u201d.<\/p>\t\t\t\t\t\t\t\t<\/div>\n\t\t\t\t<\/div>\n\t\t\t\t<div class=\"elementor-element elementor-element-fa65cdc elementor-widget elementor-widget-heading\" data-id=\"fa65cdc\" data-element_type=\"widget\" data-e-type=\"widget\" data-widget_type=\"heading.default\">\n\t\t\t\t<div class=\"elementor-widget-container\">\n\t\t\t\t\t<h3 class=\"elementor-heading-title elementor-size-xl\">2. Data protection principles<\/h3>\t\t\t\t<\/div>\n\t\t\t\t<\/div>\n\t\t\t\t<div class=\"elementor-element elementor-element-1b459ee elementor-widget elementor-widget-text-editor\" data-id=\"1b459ee\" data-element_type=\"widget\" data-e-type=\"widget\" data-widget_type=\"text-editor.default\">\n\t\t\t\t<div class=\"elementor-widget-container\">\n\t\t\t\t\t\t\t\t\t<p>GTS Systems and Consulting GmbH designs its software in such a way that personal data is only collected to the extent that is absolutely necessary for the contractual use of the software.<\/p><div class=\"text-block left\"><div class=\"copytext\"><p>The app collects the following data, defined as personal: the current location and photos, each with the associated time stamp.<\/p><\/div><\/div>\t\t\t\t\t\t\t\t<\/div>\n\t\t\t\t<\/div>\n\t\t\t\t<div class=\"elementor-element elementor-element-b1b9536 elementor-widget elementor-widget-heading\" data-id=\"b1b9536\" data-element_type=\"widget\" data-e-type=\"widget\" data-widget_type=\"heading.default\">\n\t\t\t\t<div class=\"elementor-widget-container\">\n\t\t\t\t\t<h3 class=\"elementor-heading-title elementor-size-xl\">3. Participants and terms<\/h3>\t\t\t\t<\/div>\n\t\t\t\t<\/div>\n\t\t\t\t<div class=\"elementor-element elementor-element-785e642 elementor-widget elementor-widget-text-editor\" data-id=\"785e642\" data-element_type=\"widget\" data-e-type=\"widget\" data-widget_type=\"text-editor.default\">\n\t\t\t\t<div class=\"elementor-widget-container\">\n\t\t\t\t\t\t\t\t\t<p>The following parties are affected by the use of the app:<\/p><p>The company GTS Systems and Consulting GmbH is the creator of the app and operates cloud servers to support data exchange.<\/p><p>The contractual partner of GTS who uses the \"TransIT\" software, hereinafter referred to as the customer.<\/p><p>The user of the app, who is usually an employee of the customer.<\/p><p>Third parties not mentioned in the terms of the contract.<\/p>\t\t\t\t\t\t\t\t<\/div>\n\t\t\t\t<\/div>\n\t\t\t\t<div class=\"elementor-element elementor-element-dca8ae2 elementor-widget elementor-widget-heading\" data-id=\"dca8ae2\" data-element_type=\"widget\" data-e-type=\"widget\" data-widget_type=\"heading.default\">\n\t\t\t\t<div class=\"elementor-widget-container\">\n\t\t\t\t\t<h3 class=\"elementor-heading-title elementor-size-xl\">4. Data collected<\/h3>\t\t\t\t<\/div>\n\t\t\t\t<\/div>\n\t\t\t\t<div class=\"elementor-element elementor-element-b36215b elementor-widget elementor-widget-heading\" data-id=\"b36215b\" data-element_type=\"widget\" data-e-type=\"widget\" data-widget_type=\"heading.default\">\n\t\t\t\t<div class=\"elementor-widget-container\">\n\t\t\t\t\t<h3 class=\"elementor-heading-title elementor-size-xl\">4.1 Data collected when downloading<\/h3>\t\t\t\t<\/div>\n\t\t\t\t<\/div>\n\t\t\t\t<div class=\"elementor-element elementor-element-08e3b7e elementor-widget elementor-widget-text-editor\" data-id=\"08e3b7e\" data-element_type=\"widget\" data-e-type=\"widget\" data-widget_type=\"text-editor.default\">\n\t\t\t\t<div class=\"elementor-widget-container\">\n\t\t\t\t\t\t\t\t\t<p>When downloading the app, certain required information is transmitted to the app store you have selected (e.g. Google Play or Apple App Store), in particular the user name, email address, customer number of your account, the time of the download, payment information and the individual device code can be processed. This data is processed exclusively by the respective app store and is beyond our sphere of influence.<\/p>\t\t\t\t\t\t\t\t<\/div>\n\t\t\t\t<\/div>\n\t\t\t\t<div class=\"elementor-element elementor-element-971db2f elementor-widget elementor-widget-heading\" data-id=\"971db2f\" data-element_type=\"widget\" data-e-type=\"widget\" data-widget_type=\"heading.default\">\n\t\t\t\t<div class=\"elementor-widget-container\">\n\t\t\t\t\t<h3 class=\"elementor-heading-title elementor-size-xl\">4.2 The current location<\/h3>\t\t\t\t<\/div>\n\t\t\t\t<\/div>\n\t\t\t\t<div class=\"elementor-element elementor-element-3258809 elementor-widget elementor-widget-text-editor\" data-id=\"3258809\" data-element_type=\"widget\" data-e-type=\"widget\" data-widget_type=\"text-editor.default\">\n\t\t\t\t<div class=\"elementor-widget-container\">\n\t\t\t\t\t\t\t\t\t<p>One of the basic functionality of the app is that the current location of the smartphone is recorded and transmitted to the customer's TransIT installation. The location data is also recorded when the app is not in the foreground.<\/p><p>The transfer takes place in several steps:<\/p><p>The location data is recorded on the smartphone and transferred to a cloud server. The data remains on the smartphone until it is transferred. After the transfer, the data will be deleted on the smartphone after a specified period of time. This period can be set in the app settings.<\/p><p>The TransIT installation requests the location data at regular intervals from the cloud server to which the data was transferred. After the successful query, the data remains on the cloud server for a maximum of one week.<\/p><p>In the TransIT installation, the customer has control over the data.<\/p>\t\t\t\t\t\t\t\t<\/div>\n\t\t\t\t<\/div>\n\t\t\t\t<div class=\"elementor-element elementor-element-9858f52 elementor-widget elementor-widget-heading\" data-id=\"9858f52\" data-element_type=\"widget\" data-e-type=\"widget\" data-widget_type=\"heading.default\">\n\t\t\t\t<div class=\"elementor-widget-container\">\n\t\t\t\t\t<h3 class=\"elementor-heading-title elementor-size-xl\">4.3 photos<\/h3>\t\t\t\t<\/div>\n\t\t\t\t<\/div>\n\t\t\t\t<div class=\"elementor-element elementor-element-d7d024a elementor-widget elementor-widget-text-editor\" data-id=\"d7d024a\" data-element_type=\"widget\" data-e-type=\"widget\" data-widget_type=\"text-editor.default\">\n\t\t\t\t<div class=\"elementor-widget-container\">\n\t\t\t\t\t\t\t\t\t<p class=\"translation-block\">It is an optional functionality that the user of the app can take photos. Photos taken by the app are transferred to a cloud server. After the transfer, the photos on the smartphone are deleted immediately. <br> <br> The photos on this cloud server are deleted after one year. <br> <br> The TransIT installation requests the photos from the cloud at regular intervals -Server. However, only generally accessible, randomized links to the stored photos are transmitted.<\/p>\t\t\t\t\t\t\t\t<\/div>\n\t\t\t\t<\/div>\n\t\t\t\t<div class=\"elementor-element elementor-element-9aafdd1 elementor-widget elementor-widget-heading\" data-id=\"9aafdd1\" data-element_type=\"widget\" data-e-type=\"widget\" data-widget_type=\"heading.default\">\n\t\t\t\t<div class=\"elementor-widget-container\">\n\t\t\t\t\t<h3 class=\"elementor-heading-title elementor-size-xl\">5. Data security<\/h3>\t\t\t\t<\/div>\n\t\t\t\t<\/div>\n\t\t\t\t<div class=\"elementor-element elementor-element-168e670 elementor-widget elementor-widget-heading\" data-id=\"168e670\" data-element_type=\"widget\" data-e-type=\"widget\" data-widget_type=\"heading.default\">\n\t\t\t\t<div class=\"elementor-widget-container\">\n\t\t\t\t\t<h3 class=\"elementor-heading-title elementor-size-xl\">5.1 Communication channels<\/h3>\t\t\t\t<\/div>\n\t\t\t\t<\/div>\n\t\t\t\t<div class=\"elementor-element elementor-element-716f537 elementor-widget elementor-widget-text-editor\" data-id=\"716f537\" data-element_type=\"widget\" data-e-type=\"widget\" data-widget_type=\"text-editor.default\">\n\t\t\t\t<div class=\"elementor-widget-container\">\n\t\t\t\t\t\t\t\t\t<p class=\"translation-block\">The transmission of the data is secured by state-of-the-art SSL encryption. The programs involved create log files for error analysis, which are deleted after a week at the latest. <br> <br> Username, passwords and app-specific IDs are used for communication.<\/p>\t\t\t\t\t\t\t\t<\/div>\n\t\t\t\t<\/div>\n\t\t\t\t<div class=\"elementor-element elementor-element-c4a3149 elementor-widget elementor-widget-heading\" data-id=\"c4a3149\" data-element_type=\"widget\" data-e-type=\"widget\" data-widget_type=\"heading.default\">\n\t\t\t\t<div class=\"elementor-widget-container\">\n\t\t\t\t\t<h3 class=\"elementor-heading-title elementor-size-xl\">5.2 Server<\/h3>\t\t\t\t<\/div>\n\t\t\t\t<\/div>\n\t\t\t\t<div class=\"elementor-element elementor-element-abad126 elementor-widget elementor-widget-text-editor\" data-id=\"abad126\" data-element_type=\"widget\" data-e-type=\"widget\" data-widget_type=\"text-editor.default\">\n\t\t\t\t<div class=\"elementor-widget-container\">\n\t\t\t\t\t\t\t\t\t<p>All servers used are state-of-the-art and are located in Germany. Only internal employees of GTS Systems and Consulting GmbH have access to the server.<\/p>\t\t\t\t\t\t\t\t<\/div>\n\t\t\t\t<\/div>\n\t\t\t\t<div class=\"elementor-element elementor-element-75548bc elementor-widget elementor-widget-heading\" data-id=\"75548bc\" data-element_type=\"widget\" data-e-type=\"widget\" data-widget_type=\"heading.default\">\n\t\t\t\t<div class=\"elementor-widget-container\">\n\t\t\t\t\t<h3 class=\"elementor-heading-title elementor-size-xl\">5.3 Transfer to third parties<\/h3>\t\t\t\t<\/div>\n\t\t\t\t<\/div>\n\t\t\t\t<div class=\"elementor-element elementor-element-cd15263 elementor-widget elementor-widget-text-editor\" data-id=\"cd15263\" data-element_type=\"widget\" data-e-type=\"widget\" data-widget_type=\"text-editor.default\">\n\t\t\t\t<div class=\"elementor-widget-container\">\n\t\t\t\t\t\t\t\t\t<p>A transfer to third parties takes place without the customer's consent only if it is legally binding, e.g. B. by a corresponding court order.<\/p>\t\t\t\t\t\t\t\t<\/div>\n\t\t\t\t<\/div>\n\t\t\t\t<div class=\"elementor-element elementor-element-2cb24c3 elementor-widget elementor-widget-heading\" data-id=\"2cb24c3\" data-element_type=\"widget\" data-e-type=\"widget\" data-widget_type=\"heading.default\">\n\t\t\t\t<div class=\"elementor-widget-container\">\n\t\t\t\t\t<h3 class=\"elementor-heading-title elementor-size-xl\">6. Information, deletion, blocking<\/h3>\t\t\t\t<\/div>\n\t\t\t\t<\/div>\n\t\t\t\t<div class=\"elementor-element elementor-element-8bb9401 elementor-widget elementor-widget-text-editor\" data-id=\"8bb9401\" data-element_type=\"widget\" data-e-type=\"widget\" data-widget_type=\"text-editor.default\">\n\t\t\t\t<div class=\"elementor-widget-container\">\n\t\t\t\t\t\t\t\t\t<div class=\"\" data-size-lg=\"10\" data-size-md=\"10\" data-size-sm=\"10\" data-size-xs=\"12\" data-index=\"1\" data-prio-md=\"\" data-prio-sm=\"\" data-prio-xs=\"\"><div class=\"text-block left\"><div class=\"copytext\"><p>You have the right to free information about your stored personal data, their origin and recipient and the purpose of the data processing as well as the right to correct, block or delete this data at any time. If necessary, use the contact options given under point 1.<\/p><\/div><\/div><\/div>\t\t\t\t\t\t\t\t<\/div>\n\t\t\t\t<\/div>\n\t\t\t\t\t<\/div>\n\t\t<\/div>\n\t\t\t\t\t<\/div>\n\t\t<\/section>\n\t\t\t\t<\/div>","protected":false},"excerpt":{"rendered":"<p>Datenschutzerkl\u00e4rung TransIT Mobile und TransIT Mobile+. Wir freuen uns \u00fcber Ihr Interesse an unserer Telematik-L\u00f6sung. Als Betreiber dieser App nehmen wir den Schutz Ihrer pers\u00f6nlichen Daten sehr ernst. Wir behandeln Ihre personenbezogenen Daten vertraulich und entsprechend der gesetzlichen Datenschutzvorschriften sowie dieser Datenschutzerkl\u00e4rung. 1. Verantwortliche Stelle und Kontakt Die verantwortliche Stelle im Sinne der Datenschutzgesetze ist [&hellip;]<\/p>\n","protected":false},"author":5,"featured_media":0,"parent":0,"menu_order":0,"comment_status":"closed","ping_status":"closed","template":"","meta":{"footnotes":""},"class_list":["post-2476","page","type-page","status-publish","hentry"],"yoast_head":"<!-- This site is optimized with the Yoast SEO plugin v27.3 - https:\/\/yoast.com\/product\/yoast-seo-wordpress\/ -->\n<title>transit-mobile-datenschutz - gts systems<\/title>\n<meta name=\"robots\" content=\"index, follow, max-snippet:-1, max-image-preview:large, max-video-preview:-1\" \/>\n<link rel=\"canonical\" href=\"https:\/\/gts-systems.com\/en\/transit-mobile-data-protection\/\" \/>\n<meta property=\"og:locale\" content=\"en_GB\" \/>\n<meta property=\"og:type\" content=\"article\" \/>\n<meta property=\"og:title\" content=\"transit-mobile-datenschutz - gts systems\" \/>\n<meta property=\"og:description\" content=\"Datenschutzerkl\u00e4rung TransIT Mobile und TransIT Mobile+. Wir freuen uns \u00fcber Ihr Interesse an unserer Telematik-L\u00f6sung. Als Betreiber dieser App nehmen wir den Schutz Ihrer pers\u00f6nlichen Daten sehr ernst. Wir behandeln Ihre personenbezogenen Daten vertraulich und entsprechend der gesetzlichen Datenschutzvorschriften sowie dieser Datenschutzerkl\u00e4rung. 1. Verantwortliche Stelle und Kontakt Die verantwortliche Stelle im Sinne der Datenschutzgesetze ist [&hellip;]\" \/>\n<meta property=\"og:url\" content=\"https:\/\/gts-systems.com\/en\/transit-mobile-data-protection\/\" \/>\n<meta property=\"og:site_name\" content=\"gts systems\" \/>\n<meta property=\"article:modified_time\" content=\"2026-03-19T13:30:18+00:00\" \/>\n<meta name=\"twitter:card\" content=\"summary_large_image\" \/>\n<meta name=\"twitter:label1\" content=\"Estimated reading time\" \/>\n\t<meta name=\"twitter:data1\" content=\"4 minutes\" \/>\n<!-- \/ Yoast SEO plugin. -->","yoast_head_json":{"title":"transit mobile privacy - gts systems","robots":{"index":"index","follow":"follow","max-snippet":"max-snippet:-1","max-image-preview":"max-image-preview:large","max-video-preview":"max-video-preview:-1"},"canonical":"https:\/\/gts-systems.com\/en\/transit-mobile-data-protection\/","og_locale":"en_GB","og_type":"article","og_title":"transit-mobile-datenschutz - gts systems","og_description":"Datenschutzerkl\u00e4rung TransIT Mobile und TransIT Mobile+. Wir freuen uns \u00fcber Ihr Interesse an unserer Telematik-L\u00f6sung. Als Betreiber dieser App nehmen wir den Schutz Ihrer pers\u00f6nlichen Daten sehr ernst. Wir behandeln Ihre personenbezogenen Daten vertraulich und entsprechend der gesetzlichen Datenschutzvorschriften sowie dieser Datenschutzerkl\u00e4rung. 1. Verantwortliche Stelle und Kontakt Die verantwortliche Stelle im Sinne der Datenschutzgesetze ist [&hellip;]","og_url":"https:\/\/gts-systems.com\/en\/transit-mobile-data-protection\/","og_site_name":"gts systems","article_modified_time":"2026-03-19T13:30:18+00:00","twitter_card":"summary_large_image","twitter_misc":{"Estimated reading time":"4 minutes"},"schema":{"@context":"https:\/\/schema.org","@graph":[{"@type":"WebPage","@id":"https:\/\/gts-systems.com\/transit-mobile-datenschutz\/","url":"https:\/\/gts-systems.com\/transit-mobile-datenschutz\/","name":"transit mobile privacy - gts systems","isPartOf":{"@id":"https:\/\/gts-systems.com\/#website"},"datePublished":"2021-01-15T16:40:33+00:00","dateModified":"2026-03-19T13:30:18+00:00","breadcrumb":{"@id":"https:\/\/gts-systems.com\/transit-mobile-datenschutz\/#breadcrumb"},"inLanguage":"en-GB","potentialAction":[{"@type":"ReadAction","target":["https:\/\/gts-systems.com\/transit-mobile-datenschutz\/"]}]},{"@type":"BreadcrumbList","@id":"https:\/\/gts-systems.com\/transit-mobile-datenschutz\/#breadcrumb","itemListElement":[{"@type":"ListItem","position":1,"name":"Startseite","item":"https:\/\/gts-systems.com\/"},{"@type":"ListItem","position":2,"name":"transit-mobile-datenschutz"}]},{"@type":"WebSite","@id":"https:\/\/gts-systems.com\/#website","url":"https:\/\/gts-systems.com\/","name":"gts systems","description":"Optimise now","publisher":{"@id":"https:\/\/gts-systems.com\/#organization"},"potentialAction":[{"@type":"SearchAction","target":{"@type":"EntryPoint","urlTemplate":"https:\/\/gts-systems.com\/?s={search_term_string}"},"query-input":{"@type":"PropertyValueSpecification","valueRequired":true,"valueName":"search_term_string"}}],"inLanguage":"en-GB"},{"@type":"Organization","@id":"https:\/\/gts-systems.com\/#organization","name":"gts-systems","url":"https:\/\/gts-systems.com\/","logo":{"@type":"ImageObject","inLanguage":"en-GB","@id":"https:\/\/gts-systems.com\/#\/schema\/logo\/image\/","url":"https:\/\/gts-systems.com\/wp-content\/uploads\/2021\/03\/logogtssystems_1.svg","contentUrl":"https:\/\/gts-systems.com\/wp-content\/uploads\/2021\/03\/logogtssystems_1.svg","width":1,"height":1,"caption":"gts-systems"},"image":{"@id":"https:\/\/gts-systems.com\/#\/schema\/logo\/image\/"},"sameAs":["https:\/\/www.linkedin.com\/company\/gts-systems-and-consulting-gmbh"]}]}},"_links":{"self":[{"href":"https:\/\/gts-systems.com\/en\/wp-json\/wp\/v2\/pages\/2476","targetHints":{"allow":["GET"]}}],"collection":[{"href":"https:\/\/gts-systems.com\/en\/wp-json\/wp\/v2\/pages"}],"about":[{"href":"https:\/\/gts-systems.com\/en\/wp-json\/wp\/v2\/types\/page"}],"author":[{"embeddable":true,"href":"https:\/\/gts-systems.com\/en\/wp-json\/wp\/v2\/users\/5"}],"replies":[{"embeddable":true,"href":"https:\/\/gts-systems.com\/en\/wp-json\/wp\/v2\/comments?post=2476"}],"version-history":[{"count":0,"href":"https:\/\/gts-systems.com\/en\/wp-json\/wp\/v2\/pages\/2476\/revisions"}],"wp:attachment":[{"href":"https:\/\/gts-systems.com\/en\/wp-json\/wp\/v2\/media?parent=2476"}],"curies":[{"name":"wp","href":"https:\/\/api.w.org\/{rel}","templated":true}]}}